{"id":157894,"date":"2025-12-18T23:44:59","date_gmt":"2025-12-18T20:44:59","guid":{"rendered":"https:\/\/baldumarket.lt\/product\/szafka-kuchenna-gorna-1-drzwiowa-g60g-p-l-langen-grey\/"},"modified":"2026-02-18T11:24:54","modified_gmt":"2026-02-18T08:24:54","slug":"szafka-kuchenna-gorna-1-drzwiowa-g60g-p-l-langen-grey","status":"publish","type":"product","link":"https:\/\/baldumarket.lt\/lt\/product\/szafka-kuchenna-gorna-1-drzwiowa-g60g-p-l-langen-grey\/","title":{"rendered":"Vir\u0161utin\u0117 virtuv\u0117s spintel\u0117 1 dur\u0173 G60G P\/L Langen pilka"},"content":{"rendered":"<p>Atraskite unikal\u0173 G60G P\/L Langen Grey vien\u0173 dureli\u0173 virtuv\u0117s spintel\u0117s \u017eaves\u012f, kuri suteiks j\u016bs\u0173 virtuvei modernaus \u017eavesio. Subtilus, matinis pilkos spalvos fasado atspalvis dera su nat\u016bralaus \u0105\u017euolo korpusu, sukurdamas jauki\u0105 ir stiling\u0105 atmosfer\u0105. Su \u0161ia spintele j\u016bs\u0173 interjeras taps ne tik esteti\u0161kesnis, bet ir funkcionalesnis.<\/p>\n<p>J\u016bs\u0173 naujas baldas yra ne tik gra\u017eus, bet ir patvarus. Pagaminta i\u0161 itin patvarios MDF ir laminuotos plok\u0161t\u0117s, \u201eLangen Grey\u201c spintel\u0117 yra pasirengusi kasdieniams i\u0161\u0161\u016bkiams. Tapkite erdv\u0117s valdymo meistru su \u0161iuo patogiu vien\u0173 dur\u0173 sprendimu, puikiai tinkan\u010diu tiek ma\u017eoms, tiek didel\u0117ms virtuv\u0117ms.<\/p>\n<p>Pabr\u0117\u017ekite jos modern\u0173 charakter\u012f pasirinkdami juodas metalines rankenas arba minimalistin\u0119 atidarymo spustel\u0117jus sistem\u0105, kuri panaikina ranken\u0173 poreik\u012f. D\u0117l gerai apgalvot\u0173 matmen\u0173 \u0161i spintel\u0117 puikiai tiks bet kokioje erdv\u0117je ir suteiks papildomos vietos daiktams laikyti, kurios visada tr\u016bksta.<\/p>\n<p>Sukurkite prakti\u0161k\u0105 ir stiling\u0105 interjer\u0105 su pilkomis \u201eLangen Grey\u201c virtuv\u0117s spintel\u0117mis. \u201ePasidaryk pats\u201c surinkimas suteikia pasitenkinim\u0105 ir sutaupo profesional\u0173 paslaug\u0173 i\u0161laid\u0173. Pasitik\u0117kite \u201eGa\u0142a Meble\u201c prek\u0117s \u017eenklu, kuris jau daugel\u012f met\u0173 kuria baldus, d\u017eiuginan\u010dius ak\u012f savo dizainu ir funkcionalumu. Paverskite savo virtuv\u0119 vieta, kurioje modernumas dera su tradicijomis, o estetika \u2013 su prakti\u0161kumu.<\/p>","protected":false},"excerpt":{"rendered":"<p>Plotis (cm): 60<br \/>\n\u016agis (cm): 72<br \/>\nGylis (cm): 45<\/p>","protected":false},"featured_media":157895,"comment_status":"open","ping_status":"open","template":"","meta":[],"product_brand":[],"product_cat":[9442,4106],"product_tag":[],"class_list":{"0":"post-157894","1":"product","2":"type-product","3":"status-publish","4":"has-post-thumbnail","6":"product_cat-kitchen-system-langen-dab-artisan","7":"product_cat-gala-meble","9":"first","10":"instock","11":"purchasable","12":"product-type-simple"},"_links":{"self":[{"href":"https:\/\/baldumarket.lt\/lt\/wp-json\/wp\/v2\/product\/157894","targetHints":{"allow":["GET"]}}],"collection":[{"href":"https:\/\/baldumarket.lt\/lt\/wp-json\/wp\/v2\/product"}],"about":[{"href":"https:\/\/baldumarket.lt\/lt\/wp-json\/wp\/v2\/types\/product"}],"replies":[{"embeddable":true,"href":"https:\/\/baldumarket.lt\/lt\/wp-json\/wp\/v2\/comments?post=157894"}],"wp:featuredmedia":[{"embeddable":true,"href":"https:\/\/baldumarket.lt\/lt\/wp-json\/wp\/v2\/media\/157895"}],"wp:attachment":[{"href":"https:\/\/baldumarket.lt\/lt\/wp-json\/wp\/v2\/media?parent=157894"}],"wp:term":[{"taxonomy":"product_brand","embeddable":true,"href":"https:\/\/baldumarket.lt\/lt\/wp-json\/wp\/v2\/product_brand?post=157894"},{"taxonomy":"product_cat","embeddable":true,"href":"https:\/\/baldumarket.lt\/lt\/wp-json\/wp\/v2\/product_cat?post=157894"},{"taxonomy":"product_tag","embeddable":true,"href":"https:\/\/baldumarket.lt\/lt\/wp-json\/wp\/v2\/product_tag?post=157894"}],"curies":[{"name":"wp","href":"https:\/\/api.w.org\/{rel}","templated":true}]}}