{"id":157889,"date":"2025-12-18T23:44:50","date_gmt":"2025-12-18T20:44:50","guid":{"rendered":"https:\/\/baldumarket.lt\/product\/szafka-kuchenna-gorna-1-drzwiowa-g60k-aspen-grey-szary-polysk\/"},"modified":"2026-02-08T11:25:57","modified_gmt":"2026-02-08T08:25:57","slug":"szafka-kuchenna-gorna-1-drzwiowa-g60k-aspen-grey-szary-polysk","status":"publish","type":"product","link":"https:\/\/baldumarket.lt\/lt\/product\/szafka-kuchenna-gorna-1-drzwiowa-g60k-aspen-grey-szary-polysk\/","title":{"rendered":"G60K drebul\u0117s pilkos blizgios su vir\u0161utin\u0117s virtuv\u0117s spintel\u0117s 1 durel\u0117mis"},"content":{"rendered":"<p>Papuo\u0161kite savo virtuv\u0119 elegancija ir funkcionalumu su garsaus prek\u0117s \u017eenklo \u201eGa\u0142a Meble\u201c pilkai blizgia \u201eAspen\u201c blizgia \u201eG\u00f3rna G60K\u201c virtuv\u0117s spintele. \u0160i rafinuota spintel\u0117 \u2013 puikus sprendimas tiems, kurie ie\u0161ko modernaus \u012fvaizd\u017eio ir prakti\u0161kumo. Stilingas dizainas kartu su universalia spalva leid\u017eia jai lengvai \u012fsilieti \u012f bet kok\u012f virtuv\u0117s i\u0161d\u0117stym\u0105, suteikiant jai klas\u0117s ir unikalumo. Apgalvotas \u201eG60K\u201c spintel\u0117s dizainas leid\u017eia efektyviai i\u0161naudoti erdv\u0119, tod\u0117l ji puikiai tinka visiems, norintiems maksimaliai i\u0161naudoti savo virtuv\u0119. Matin\u0117s baltos spalvos korpusas sukuria subtil\u0173 kontrast\u0105, suteikiant\u012f interjerui gaivumo ir lengvumo poj\u016bt\u012f, pabr\u0117\u017eiant modern\u0173 kambario charakter\u012f. Kruop\u0161\u010diai pagaminti auk\u0161tos kokyb\u0117s komponentai, tokie kaip patvari laminuota plok\u0161t\u0117 ir pilkai blizgios MDF plok\u0161t\u0117s, u\u017etikrina spintel\u0117s tvirtum\u0105 ir ilgaam\u017ei\u0161kum\u0105. \u0160is derinys garantuoja ne tik eleganti\u0161k\u0105 i\u0161vaizd\u0105, bet ir patvarum\u0105 kasdieniam naudojimui, u\u017etikrinant, kad spintel\u0117 tarnaus ilgus metus.<\/p>","protected":false},"excerpt":{"rendered":"<p>Plotis (cm): 60<br \/>\n\u016agis (cm): 40<br \/>\nGylis (cm): 32<\/p>","protected":false},"featured_media":157890,"comment_status":"open","ping_status":"open","template":"","meta":[],"product_brand":[],"product_cat":[9451,4106,9118],"product_tag":[],"class_list":{"0":"post-157889","1":"product","2":"type-product","3":"status-publish","4":"has-post-thumbnail","6":"product_cat-kitchen-system-aspen-grey","7":"product_cat-gala-meble","8":"product_cat-kitchen-cabinets","10":"first","11":"instock","12":"purchasable","13":"product-type-simple"},"_links":{"self":[{"href":"https:\/\/baldumarket.lt\/lt\/wp-json\/wp\/v2\/product\/157889","targetHints":{"allow":["GET"]}}],"collection":[{"href":"https:\/\/baldumarket.lt\/lt\/wp-json\/wp\/v2\/product"}],"about":[{"href":"https:\/\/baldumarket.lt\/lt\/wp-json\/wp\/v2\/types\/product"}],"replies":[{"embeddable":true,"href":"https:\/\/baldumarket.lt\/lt\/wp-json\/wp\/v2\/comments?post=157889"}],"wp:featuredmedia":[{"embeddable":true,"href":"https:\/\/baldumarket.lt\/lt\/wp-json\/wp\/v2\/media\/157890"}],"wp:attachment":[{"href":"https:\/\/baldumarket.lt\/lt\/wp-json\/wp\/v2\/media?parent=157889"}],"wp:term":[{"taxonomy":"product_brand","embeddable":true,"href":"https:\/\/baldumarket.lt\/lt\/wp-json\/wp\/v2\/product_brand?post=157889"},{"taxonomy":"product_cat","embeddable":true,"href":"https:\/\/baldumarket.lt\/lt\/wp-json\/wp\/v2\/product_cat?post=157889"},{"taxonomy":"product_tag","embeddable":true,"href":"https:\/\/baldumarket.lt\/lt\/wp-json\/wp\/v2\/product_tag?post=157889"}],"curies":[{"name":"wp","href":"https:\/\/api.w.org\/{rel}","templated":true}]}}