{"id":157885,"date":"2025-12-18T23:44:42","date_gmt":"2025-12-18T20:44:42","guid":{"rendered":"https:\/\/baldumarket.lt\/product\/szafka-kuchenna-gorna-1-drzwiowa-g60k-aspen-white-bialy-polysk\/"},"modified":"2026-02-08T11:24:27","modified_gmt":"2026-02-08T08:24:27","slug":"szafka-kuchenna-gorna-1-drzwiowa-g60k-aspen-white-bialy-polysk","status":"publish","type":"product","link":"https:\/\/baldumarket.lt\/lt\/product\/szafka-kuchenna-gorna-1-drzwiowa-g60k-aspen-white-bialy-polysk\/","title":{"rendered":"G60K drebul\u0117s baltumo blizgi 1 dur\u0173 vir\u0161utin\u0117 virtuv\u0117s spintel\u0117"},"content":{"rendered":"<p>Atraskite modern\u0173 b\u016bd\u0105 pagyvinti savo virtuv\u0119 su garsaus prek\u0117s \u017eenklo \u201eGa\u0142a Meble\u201c vien\u0173 dur\u0173 vir\u0161utine virtuv\u0117s spintele \u201eG60K Aspen White\u201c. Blizgios baltos spalvos fasadai puikiai papildo minimalistin\u012f, matin\u0117s baltos spalvos korpus\u0105, sukurdami harmoning\u0105 visum\u0105, kuri suteiks j\u016bs\u0173 virtuvei gaivumo ir elegancijos. \u0160i spintel\u0117 \u2013 puikus pasirinkimas nesenstan\u010dio dizaino ir auk\u0161tos kokyb\u0117s apdailos m\u0117g\u0117jams.<\/p>\n<p>Unikalus G60K Aspen White virtuv\u0117s spintel\u0117s dizainas puikiai tinka bet kokiam interjerui ir suteikia jai modernumo. Blizgus priekinis pavir\u0161ius, pagamintas i\u0161 patvarios MDF plok\u0161t\u0117s, yra ne tik ak\u012f traukiantis, bet ir lengvai valomas. Tegul \u0161is stilingas elementas tampa j\u016bs\u0173 virtuv\u0117s traukos centru, i\u0161siskirian\u010diu eleganti\u0161ka ir modernia i\u0161vaizda.<\/p>\n<p>\u0160ios spintel\u0117s funkcionalumas neatsiejamas nuo estetikos. D\u0117l gerai apgalvoto dizaino ir metalini\u0173 vyri\u0173 dureli\u0173 atidarymas ir u\u017edarymas yra sklandus ir lengvas. Spintel\u0117 suteikia daug vietos svarbiausiems virtuv\u0117s produktams ir priedams laikyti, tod\u0117l virtuv\u0117je lengva palaikyti tvark\u0105 ir organizuotum\u0105.<\/p>\n<p>Surinkimas \u201epasidaryk pats\u201c yra paprastas ir nesud\u0117tingas, tod\u0117l galite greitai m\u0117gautis estetiniais ir praktiniais privalumais. Konstrukcijos stabilumas ir tvirtumas u\u017etikrina, kad G60K Aspen White spintel\u0117 tarnaus ilgus metus ir atitiks visus j\u016bs\u0173 virtuv\u0117s funkcionalumo bei stiliaus l\u016bkes\u010dius. Rinkit\u0117s \u0161\u012f model\u012f, kad j\u016bs\u0173 namams suteiktum\u0117te auk\u0161\u010diausio lygio modernumo ir funkcionalumo.<\/p>","protected":false},"excerpt":{"rendered":"<p>Plotis (cm): 60<br \/>\n\u016agis (cm): 40<br \/>\nGylis (cm): 32<\/p>","protected":false},"featured_media":157886,"comment_status":"open","ping_status":"open","template":"","meta":[],"product_brand":[],"product_cat":[9445,4106,9118],"product_tag":[],"class_list":{"0":"post-157885","1":"product","2":"type-product","3":"status-publish","4":"has-post-thumbnail","6":"product_cat-kitchen-system-aspen-white","7":"product_cat-gala-meble","8":"product_cat-kitchen-cabinets","10":"first","11":"instock","12":"purchasable","13":"product-type-simple"},"_links":{"self":[{"href":"https:\/\/baldumarket.lt\/lt\/wp-json\/wp\/v2\/product\/157885","targetHints":{"allow":["GET"]}}],"collection":[{"href":"https:\/\/baldumarket.lt\/lt\/wp-json\/wp\/v2\/product"}],"about":[{"href":"https:\/\/baldumarket.lt\/lt\/wp-json\/wp\/v2\/types\/product"}],"replies":[{"embeddable":true,"href":"https:\/\/baldumarket.lt\/lt\/wp-json\/wp\/v2\/comments?post=157885"}],"wp:featuredmedia":[{"embeddable":true,"href":"https:\/\/baldumarket.lt\/lt\/wp-json\/wp\/v2\/media\/157886"}],"wp:attachment":[{"href":"https:\/\/baldumarket.lt\/lt\/wp-json\/wp\/v2\/media?parent=157885"}],"wp:term":[{"taxonomy":"product_brand","embeddable":true,"href":"https:\/\/baldumarket.lt\/lt\/wp-json\/wp\/v2\/product_brand?post=157885"},{"taxonomy":"product_cat","embeddable":true,"href":"https:\/\/baldumarket.lt\/lt\/wp-json\/wp\/v2\/product_cat?post=157885"},{"taxonomy":"product_tag","embeddable":true,"href":"https:\/\/baldumarket.lt\/lt\/wp-json\/wp\/v2\/product_tag?post=157885"}],"curies":[{"name":"wp","href":"https:\/\/api.w.org\/{rel}","templated":true}]}}