{"id":157880,"date":"2025-12-18T23:44:34","date_gmt":"2025-12-18T20:44:34","guid":{"rendered":"https:\/\/baldumarket.lt\/product\/szafka-kuchenna-gorna-1-drzwiowa-g60k-linea-grey-szary-mat\/"},"modified":"2026-02-18T11:33:47","modified_gmt":"2026-02-18T08:33:47","slug":"szafka-kuchenna-gorna-1-drzwiowa-g60k-linea-grey-szary-mat","status":"publish","type":"product","link":"https:\/\/baldumarket.lt\/lt\/product\/szafka-kuchenna-gorna-1-drzwiowa-g60k-linea-grey-szary-mat\/","title":{"rendered":"Vir\u0161utin\u0117 vien\u0173 dur\u0173 virtuv\u0117s spintel\u0117 G60K Linea pilkai matin\u0117"},"content":{"rendered":"<p>Atraskite elegancij\u0105 ir funkcionalum\u0105 savo virtuv\u0117je su subtilios matin\u0117s pilkos spalvos G60K Linea virtuv\u0117s spintele. \u0160is vienodas garsaus \u201eGa\u0142a Meble\u201c prek\u0117s \u017eenklo dizainas puikiai dera prie modernaus interjero, suteikdamas jai \u0161iuolaiki\u0161kumo ir gaivumo. Subtilus pilkos priekin\u0117s dalies blizgesys harmoningai papildo matin\u0117s baltos spalvos korpus\u0105, sukurdamas ry\u0161k\u0173 derin\u012f, kuris patraukia d\u0117mes\u012f ir suteikia interjerui unikal\u0173 stili\u0173. Nesvarbu, kokia didel\u0117 j\u016bs\u0173 virtuv\u0117, \u0161i kompakti\u0161ka 60 cm plo\u010dio spintel\u0117 tikrai ras viet\u0105 ant j\u016bs\u0173 sienos. 40 cm auk\u0161\u010dio ir 32 cm gylio spintel\u0117 suteikia daug vietos svarbiausiems virtuv\u0117s priedams laikyti neu\u017eimant erdv\u0117s. D\u0117l gerai apgalvoto dizaino ji puikiai tinka l\u0117k\u0161t\u0117ms, prieskoniams ir ma\u017eiems kulinariniams prietaisams laikyti. G60K Linea spintel\u0117 taip pat yra tvirtumo ir ilgaam\u017ei\u0161kumo sinonimas, nes ji pagaminta i\u0161 auk\u0161tos kokyb\u0117s med\u017eiag\u0173, toki\u0173 kaip MDF ir laminuota plok\u0161t\u0117. Metaliniai vyriai u\u017etikrina skland\u0173 ir tyl\u0173 veikim\u0105, garantuodami bald\u0173 ilgaam\u017ei\u0161kum\u0105. \u0160i funkcionali spintel\u0117 yra puikus sprendimas tiems, kurie vertina estetikos ir prakti\u0161kumo derin\u012f, trok\u0161ta interjero, kuris d\u017eiugina tiek i\u0161vaizda, tiek funkcionalumu.<\/p>","protected":false},"excerpt":{"rendered":"<p>Plotis (cm): 60<br \/>\n\u016agis (cm): 40<br \/>\nGylis (cm): 32<\/p>","protected":false},"featured_media":157881,"comment_status":"open","ping_status":"open","template":"","meta":[],"product_brand":[],"product_cat":[9446,4106],"product_tag":[],"class_list":{"0":"post-157880","1":"product","2":"type-product","3":"status-publish","4":"has-post-thumbnail","6":"product_cat-kitchen-system-linea-white","7":"product_cat-gala-meble","9":"first","10":"instock","11":"purchasable","12":"product-type-simple"},"_links":{"self":[{"href":"https:\/\/baldumarket.lt\/lt\/wp-json\/wp\/v2\/product\/157880","targetHints":{"allow":["GET"]}}],"collection":[{"href":"https:\/\/baldumarket.lt\/lt\/wp-json\/wp\/v2\/product"}],"about":[{"href":"https:\/\/baldumarket.lt\/lt\/wp-json\/wp\/v2\/types\/product"}],"replies":[{"embeddable":true,"href":"https:\/\/baldumarket.lt\/lt\/wp-json\/wp\/v2\/comments?post=157880"}],"wp:featuredmedia":[{"embeddable":true,"href":"https:\/\/baldumarket.lt\/lt\/wp-json\/wp\/v2\/media\/157881"}],"wp:attachment":[{"href":"https:\/\/baldumarket.lt\/lt\/wp-json\/wp\/v2\/media?parent=157880"}],"wp:term":[{"taxonomy":"product_brand","embeddable":true,"href":"https:\/\/baldumarket.lt\/lt\/wp-json\/wp\/v2\/product_brand?post=157880"},{"taxonomy":"product_cat","embeddable":true,"href":"https:\/\/baldumarket.lt\/lt\/wp-json\/wp\/v2\/product_cat?post=157880"},{"taxonomy":"product_tag","embeddable":true,"href":"https:\/\/baldumarket.lt\/lt\/wp-json\/wp\/v2\/product_tag?post=157880"}],"curies":[{"name":"wp","href":"https:\/\/api.w.org\/{rel}","templated":true}]}}