{"id":157875,"date":"2025-12-18T23:44:24","date_gmt":"2025-12-18T20:44:24","guid":{"rendered":"https:\/\/baldumarket.lt\/product\/szafka-kuchenna-gorna-1-drzwiowa-g60k-linea-white-bialy-mat\/"},"modified":"2026-02-18T11:33:47","modified_gmt":"2026-02-18T08:33:47","slug":"szafka-kuchenna-gorna-1-drzwiowa-g60k-linea-white-bialy-mat","status":"publish","type":"product","link":"https:\/\/baldumarket.lt\/lt\/product\/szafka-kuchenna-gorna-1-drzwiowa-g60k-linea-white-bialy-mat\/","title":{"rendered":"Vir\u0161utin\u0117 1 dur\u0173 virtuv\u0117s spintel\u0117 G60K Linea balta matin\u0117"},"content":{"rendered":"<p>\u201eLinea White G60K\u201c vien\u0173 dur\u0173 vir\u0161utin\u0117 virtuv\u0117s spintel\u0117 \u2013 puikus pasirinkimas tiems, kurie vertina modern\u0173 ir minimalistin\u012f virtuv\u0117s stili\u0173. Matin\u0117 balta spalva suteikia kambariui gaivumo ir erdv\u0117s poj\u016bt\u012f, skland\u017eiai dera prie \u012fvairi\u0173 interjero dizain\u0173. Subtilus auksinis ranken\u0117l\u0117s formos dizainas suteikia elegancijos, sukuria subtil\u0173, ta\u010diau i\u0161rai\u0161king\u0105 dekoratyvin\u012f element\u0105. \u0160ios spintel\u0117s funkcionalumas patenkins net ir reikliausius vartotojus. D\u0117l kompakti\u0161ko dizaino ji puikiai tinka laikyti b\u016btiniausius daiktus be nereikaling\u0173 detali\u0173. Laminuotos plok\u0161t\u0117s konstrukcija u\u017etikrina patvarum\u0105 ir atsparum\u0105 kasdieniam naudojimui, o MDF fasadas \u2013 lengv\u0105 valym\u0105. \u0160velnaus u\u017edarymo vyriai idealiai tinka tiems, kurie vertina komfort\u0105 ir tyli\u0105 virtuv\u0119, nes panaikina trankan\u010di\u0173 dur\u0173 garsus. Savaranki\u0161kas surinkimas taip pat leid\u017eia pritaikyti spintel\u0119 prie individuali\u0173 bet kurios virtuv\u0117s poreiki\u0173 ir matmen\u0173, taip padidinant jos universalum\u0105.<\/p>","protected":false},"excerpt":{"rendered":"<p>Plotis (cm): 60<br \/>\n\u016agis (cm): 40<br \/>\nGylis (cm): 32<\/p>","protected":false},"featured_media":157876,"comment_status":"open","ping_status":"open","template":"","meta":[],"product_brand":[],"product_cat":[9446,4106],"product_tag":[],"class_list":{"0":"post-157875","1":"product","2":"type-product","3":"status-publish","4":"has-post-thumbnail","6":"product_cat-kitchen-system-linea-white","7":"product_cat-gala-meble","9":"first","10":"instock","11":"purchasable","12":"product-type-simple"},"_links":{"self":[{"href":"https:\/\/baldumarket.lt\/lt\/wp-json\/wp\/v2\/product\/157875","targetHints":{"allow":["GET"]}}],"collection":[{"href":"https:\/\/baldumarket.lt\/lt\/wp-json\/wp\/v2\/product"}],"about":[{"href":"https:\/\/baldumarket.lt\/lt\/wp-json\/wp\/v2\/types\/product"}],"replies":[{"embeddable":true,"href":"https:\/\/baldumarket.lt\/lt\/wp-json\/wp\/v2\/comments?post=157875"}],"wp:featuredmedia":[{"embeddable":true,"href":"https:\/\/baldumarket.lt\/lt\/wp-json\/wp\/v2\/media\/157876"}],"wp:attachment":[{"href":"https:\/\/baldumarket.lt\/lt\/wp-json\/wp\/v2\/media?parent=157875"}],"wp:term":[{"taxonomy":"product_brand","embeddable":true,"href":"https:\/\/baldumarket.lt\/lt\/wp-json\/wp\/v2\/product_brand?post=157875"},{"taxonomy":"product_cat","embeddable":true,"href":"https:\/\/baldumarket.lt\/lt\/wp-json\/wp\/v2\/product_cat?post=157875"},{"taxonomy":"product_tag","embeddable":true,"href":"https:\/\/baldumarket.lt\/lt\/wp-json\/wp\/v2\/product_tag?post=157875"}],"curies":[{"name":"wp","href":"https:\/\/api.w.org\/{rel}","templated":true}]}}