{"id":157869,"date":"2025-12-18T23:44:12","date_gmt":"2025-12-18T20:44:12","guid":{"rendered":"https:\/\/baldumarket.lt\/product\/szafka-kuchenna-gorna-1-drzwiowa-g60k-prowansja-sosna-andersen-bialy-mat\/"},"modified":"2026-02-06T13:08:53","modified_gmt":"2026-02-06T10:08:53","slug":"szafka-kuchenna-gorna-1-drzwiowa-g60k-prowansja-sosna-andersen-bialy-mat","status":"publish","type":"product","link":"https:\/\/baldumarket.lt\/lt\/product\/szafka-kuchenna-gorna-1-drzwiowa-g60k-prowansja-sosna-andersen-bialy-mat\/","title":{"rendered":"Vir\u0161utin\u0117 virtuv\u0117s spintel\u0117, 1 dur\u0173, G60K, Provanso pu\u0161is, Anderseno balta matin\u0117"},"content":{"rendered":"<p>Pagyvinkite savo virtuv\u0119 kaimi\u0161ko \u017eavesio prisilietimu su eleganti\u0161ka vien\u0173 dur\u0173 vir\u0161utine virtuv\u0117s spintele G60K \u2013 puikiu modernumo ir Provanso stiliaus derinio pavyzd\u017eiu. Jos Anderseno pu\u0161ies fasadas \u017eavi i\u0161skirtiniu subtilumu, suteikdamas bet kokiam interjerui jaukumo ir elegancijos poj\u016bt\u012f. Papildomas matin\u0117s baltos spalvos korpusas suteikia bendram dizainui subtilumo, sukurdamas harmoning\u0105 kompozicij\u0105, puikiai tinkan\u010di\u0105 sant\u016braus interjero m\u0117g\u0117jams. Spintel\u0117s funkcionalumas yra neprilygstamas \u2013 kiekviena detal\u0117 buvo kruop\u0161\u010diai sukurta siekiant u\u017etikrinti prakti\u0161kum\u0105. Juodos metalin\u0117s rankenos ne tik palengvina atidarym\u0105, bet ir suteikia estetin\u012f akcent\u0105, kuris i\u0161 karto pastebimas. Be to, auk\u0161tos kokyb\u0117s metaliniai vyriai garantuoja patvarum\u0105 ir stabilum\u0105, tod\u0117l \u0161i spintel\u0117 yra patikimas bet kurios virtuv\u0117s papildymas. \u0160is \u201eGa\u0142a Meble\u201c kolekcijos modelis ne tik atrodo gra\u017eiai, bet ir yra pavyzdinga investicija \u012f i\u0161skirtinai funkcional\u0173 virtuv\u0117s bald\u0105. D\u0117l gerai apgalvoto dizaino jis puikiai der\u0117s tiek prie modernaus, tiek prie Provanso stiliaus interjero, pabr\u0117\u017edamas j\u0173 unikal\u0173 charakter\u012f. Spintel\u0117 G60K yra ne tik prakti\u0161kas sprendimas, bet ir dekoratyvinis elementas, kuris patrauks kiekvieno sve\u010dio ak\u012f.<\/p>","protected":false},"excerpt":{"rendered":"<p>Plotis (cm): 60<br \/>\n\u016agis (cm): 40<br \/>\nGylis (cm): 32<\/p>","protected":false},"featured_media":157870,"comment_status":"open","ping_status":"open","template":"","meta":[],"product_brand":[],"product_cat":[9444,9441,4106,9118],"product_tag":[],"class_list":{"0":"post-157869","1":"product","2":"type-product","3":"status-publish","4":"has-post-thumbnail","6":"product_cat-kitchen-system-prowansja-sosna-andersen","7":"product_cat-white","8":"product_cat-gala-meble","9":"product_cat-kitchen-cabinets","11":"first","12":"instock","13":"purchasable","14":"product-type-simple"},"_links":{"self":[{"href":"https:\/\/baldumarket.lt\/lt\/wp-json\/wp\/v2\/product\/157869","targetHints":{"allow":["GET"]}}],"collection":[{"href":"https:\/\/baldumarket.lt\/lt\/wp-json\/wp\/v2\/product"}],"about":[{"href":"https:\/\/baldumarket.lt\/lt\/wp-json\/wp\/v2\/types\/product"}],"replies":[{"embeddable":true,"href":"https:\/\/baldumarket.lt\/lt\/wp-json\/wp\/v2\/comments?post=157869"}],"wp:featuredmedia":[{"embeddable":true,"href":"https:\/\/baldumarket.lt\/lt\/wp-json\/wp\/v2\/media\/157870"}],"wp:attachment":[{"href":"https:\/\/baldumarket.lt\/lt\/wp-json\/wp\/v2\/media?parent=157869"}],"wp:term":[{"taxonomy":"product_brand","embeddable":true,"href":"https:\/\/baldumarket.lt\/lt\/wp-json\/wp\/v2\/product_brand?post=157869"},{"taxonomy":"product_cat","embeddable":true,"href":"https:\/\/baldumarket.lt\/lt\/wp-json\/wp\/v2\/product_cat?post=157869"},{"taxonomy":"product_tag","embeddable":true,"href":"https:\/\/baldumarket.lt\/lt\/wp-json\/wp\/v2\/product_tag?post=157869"}],"curies":[{"name":"wp","href":"https:\/\/api.w.org\/{rel}","templated":true}]}}