{"id":157864,"date":"2025-12-18T23:44:03","date_gmt":"2025-12-18T20:44:03","guid":{"rendered":"https:\/\/baldumarket.lt\/product\/szafka-kuchenna-gorna-1-drzwiowa-g60k-sycylia-andersen\/"},"modified":"2026-02-06T12:47:03","modified_gmt":"2026-02-06T09:47:03","slug":"szafka-kuchenna-gorna-1-drzwiowa-g60k-sycylia-andersen","status":"publish","type":"product","link":"https:\/\/baldumarket.lt\/lt\/product\/szafka-kuchenna-gorna-1-drzwiowa-g60k-sycylia-andersen\/","title":{"rendered":"Vir\u0161utin\u0117 1 dur\u0173 virtuv\u0117s spintel\u0117 G60K Sicily Andersen"},"content":{"rendered":"<p>\u201eAndersen G60K Sycylia\u201c vien\u0173 dur\u0173 vir\u0161utin\u0117 virtuv\u0117s spintel\u0117 \u2013 puikus pasirinkimas tiems, kurie vertina elegancij\u0105 ir funkcionalum\u0105 savo virtuv\u0117s erdv\u0117je. Subtilus, ta\u010diau modernus dizainas puikiai dera prie modernaus interjero, suteikdamas \u017eavesio ir stiliaus. 60 cm plo\u010dio spintel\u0117 \u2013 puikus sprendimas norint optimizuoti erdv\u0119 ir kartu pasi\u016blyti erdvi\u0105 vidin\u0119 viet\u0105 virtuv\u0117s reikmenims. Unikali spintel\u0117s i\u0161vaizda pasiekiama d\u0117l \u201eAndersen\u201c pu\u0161ies priekio, kuris harmoningai dera su matin\u0117s baltos spalvos korpusu. Tai suteikia spintelei unikal\u0173 ir jauk\u0173 charakter\u012f, kuris patiks ie\u0161kantiems stiling\u0173 ir patvari\u0173 virtuv\u0117s bald\u0173. Eleganti\u0161ka sidabrin\u0117 plastikin\u0117 rankena suteikia lengvumo ir modernumo, tapdama funkcionaliu dekoratyviniu elementu. Sukurta garsaus \u201eGa\u0142a Meble\u201c prek\u0117s \u017eenklo, \u201eAndersen G60K Sycylia\u201c spintel\u0117 garantuoja auk\u0161t\u0105 kokyb\u0119 ir d\u0117mes\u012f detal\u0117ms. Ji puikiai dera tiek su \u0161viesiu, tiek su tamsiu interjeru, sukurdama darn\u0173 virtuv\u0117s dizain\u0105. \u0160ios spintel\u0117s universalumas leid\u017eia jai puikiai der\u0117ti prie \u012fvairi\u0173 interjero stili\u0173 \u2013 tiek skandinavi\u0161ko, tiek tradici\u0161kesnio.<\/p>","protected":false},"excerpt":{"rendered":"<p>Plotis (cm): 60<br \/>\n\u016agis (cm): 40<br \/>\nGylis (cm): 32<\/p>","protected":false},"featured_media":157865,"comment_status":"open","ping_status":"open","template":"","meta":[],"product_brand":[],"product_cat":[9440,9441,4106,9118],"product_tag":[],"class_list":{"0":"post-157864","1":"product","2":"type-product","3":"status-publish","4":"has-post-thumbnail","6":"product_cat-kitchen-system-sycylia-sosna-andersen","7":"product_cat-white","8":"product_cat-gala-meble","9":"product_cat-kitchen-cabinets","11":"first","12":"instock","13":"purchasable","14":"product-type-simple"},"_links":{"self":[{"href":"https:\/\/baldumarket.lt\/lt\/wp-json\/wp\/v2\/product\/157864","targetHints":{"allow":["GET"]}}],"collection":[{"href":"https:\/\/baldumarket.lt\/lt\/wp-json\/wp\/v2\/product"}],"about":[{"href":"https:\/\/baldumarket.lt\/lt\/wp-json\/wp\/v2\/types\/product"}],"replies":[{"embeddable":true,"href":"https:\/\/baldumarket.lt\/lt\/wp-json\/wp\/v2\/comments?post=157864"}],"wp:featuredmedia":[{"embeddable":true,"href":"https:\/\/baldumarket.lt\/lt\/wp-json\/wp\/v2\/media\/157865"}],"wp:attachment":[{"href":"https:\/\/baldumarket.lt\/lt\/wp-json\/wp\/v2\/media?parent=157864"}],"wp:term":[{"taxonomy":"product_brand","embeddable":true,"href":"https:\/\/baldumarket.lt\/lt\/wp-json\/wp\/v2\/product_brand?post=157864"},{"taxonomy":"product_cat","embeddable":true,"href":"https:\/\/baldumarket.lt\/lt\/wp-json\/wp\/v2\/product_cat?post=157864"},{"taxonomy":"product_tag","embeddable":true,"href":"https:\/\/baldumarket.lt\/lt\/wp-json\/wp\/v2\/product_tag?post=157864"}],"curies":[{"name":"wp","href":"https:\/\/api.w.org\/{rel}","templated":true}]}}