{"id":157859,"date":"2025-12-18T23:43:54","date_gmt":"2025-12-18T20:43:54","guid":{"rendered":"https:\/\/baldumarket.lt\/product\/szafka-kuchenna-gorna-1-drzwiowa-g60k-sycylia-orzech\/"},"modified":"2026-02-08T12:29:28","modified_gmt":"2026-02-08T09:29:28","slug":"szafka-kuchenna-gorna-1-drzwiowa-g60k-sycylia-orzech","status":"publish","type":"product","link":"https:\/\/baldumarket.lt\/lt\/product\/szafka-kuchenna-gorna-1-drzwiowa-g60k-sycylia-orzech\/","title":{"rendered":"Vir\u0161utin\u0117 virtuv\u0117s spintel\u0117, 1 dur\u0173, G60K, Sicilijos rie\u0161utmedis"},"content":{"rendered":"<p>Pakelkite savo virtuv\u0119 \u012f kit\u0105 lyg\u012f su m\u016bs\u0173 G60K Sicily Walnut vien\u0173 dur\u0173 vir\u0161utine virtuv\u0117s spintele. Unikalus Milano Walnut fasado dizainas suteikia elegancijos ir \u0161ilumos bet kokiam interjerui. \u0160i prie sienos montuojama spintel\u0117 yra puikus pasirinkimas tiems, kurie vertina klasikin\u012f gro\u017e\u012f ir harmonij\u0105 savo virtuv\u0117s erdv\u0117je. Be unikalios i\u0161vaizdos, spintel\u0117 taip pat si\u016blo prakti\u0161kus sprendimus kasdieniams poreikiams. D\u0117l kompakti\u0161k\u0173 matmen\u0173 ji idealiai tinka erdvei organizuoti ma\u017eose virtuv\u0117se, tuo pa\u010diu paliekant daug vietos daiktams susid\u0117ti. Tvirta konstrukcija garantuoja ilgalaik\u012f patvarum\u0105, tod\u0117l tai yra investicija, derinanti estetik\u0105 ir funkcionalum\u0105. Spintel\u0117 suprojektuota atsi\u017evelgiant \u012f paprast\u0105 naudojim\u0105 ir lengv\u0105 surinkim\u0105. Sidabrin\u0117s spalvos plastikas, naudojamas rankenoms, puikiai papildo rie\u0161utmed\u017eio fasadus, suteikdamas klasikiniam dizainui modernumo. D\u0117l to spintele nepaprastai patogu naudoti, o j\u016bs\u0173 virtuv\u0117 \u012fgaus modern\u0173, ta\u010diau tradicin\u012f vaizd\u0105.<\/p>","protected":false},"excerpt":{"rendered":"<p>Plotis (cm): 60<br \/>\n\u016agis (cm): 40<br \/>\nGylis (cm): 32<\/p>","protected":false},"featured_media":157860,"comment_status":"open","ping_status":"open","template":"","meta":[],"product_brand":[],"product_cat":[9450,1043,4106],"product_tag":[],"class_list":{"0":"post-157859","1":"product","2":"type-product","3":"status-publish","4":"has-post-thumbnail","6":"product_cat-kitchen-system-sycylia-orzech-milano","7":"product_cat-extras","8":"product_cat-gala-meble","10":"first","11":"instock","12":"purchasable","13":"product-type-simple"},"_links":{"self":[{"href":"https:\/\/baldumarket.lt\/lt\/wp-json\/wp\/v2\/product\/157859","targetHints":{"allow":["GET"]}}],"collection":[{"href":"https:\/\/baldumarket.lt\/lt\/wp-json\/wp\/v2\/product"}],"about":[{"href":"https:\/\/baldumarket.lt\/lt\/wp-json\/wp\/v2\/types\/product"}],"replies":[{"embeddable":true,"href":"https:\/\/baldumarket.lt\/lt\/wp-json\/wp\/v2\/comments?post=157859"}],"wp:featuredmedia":[{"embeddable":true,"href":"https:\/\/baldumarket.lt\/lt\/wp-json\/wp\/v2\/media\/157860"}],"wp:attachment":[{"href":"https:\/\/baldumarket.lt\/lt\/wp-json\/wp\/v2\/media?parent=157859"}],"wp:term":[{"taxonomy":"product_brand","embeddable":true,"href":"https:\/\/baldumarket.lt\/lt\/wp-json\/wp\/v2\/product_brand?post=157859"},{"taxonomy":"product_cat","embeddable":true,"href":"https:\/\/baldumarket.lt\/lt\/wp-json\/wp\/v2\/product_cat?post=157859"},{"taxonomy":"product_tag","embeddable":true,"href":"https:\/\/baldumarket.lt\/lt\/wp-json\/wp\/v2\/product_tag?post=157859"}],"curies":[{"name":"wp","href":"https:\/\/api.w.org\/{rel}","templated":true}]}}