{"id":157855,"date":"2025-12-18T23:43:46","date_gmt":"2025-12-18T20:43:46","guid":{"rendered":"https:\/\/baldumarket.lt\/product\/szafka-kuchenna-gorna-1-drzwiowa-g60kn-aspen-grey-szary-polysk\/"},"modified":"2026-02-08T11:25:57","modified_gmt":"2026-02-08T08:25:57","slug":"szafka-kuchenna-gorna-1-drzwiowa-g60kn-aspen-grey-szary-polysk","status":"publish","type":"product","link":"https:\/\/baldumarket.lt\/lt\/product\/szafka-kuchenna-gorna-1-drzwiowa-g60kn-aspen-grey-szary-polysk\/","title":{"rendered":"G60KN drebul\u0117s pilkos blizgios vir\u0161utin\u0117s virtuv\u0117s spintel\u0117s su 1 durel\u0117mis"},"content":{"rendered":"<p>Atgaivinkite savo virtuv\u0119 eleganti\u0161ka, nepriekai\u0161tingos pilkos spalvos blizgia vir\u0161utine spintele i\u0161 \u201eAspen Grey\u201c kolekcijos. \u0160i stilinga spintel\u0117 yra ne tik prakti\u0161kas daikt\u0173 laikymo sprendimas, bet ir puikus b\u016bdas suteikti bet kokiam interjerui modernumo. Minimalistin\u0117 forma ir subtilus kontrastas tarp blizgaus priekio ir matin\u0117s baltos spalvos korpuso puikiai dera su \u0161iuolaikin\u0117mis dizaino tendencijomis. Paprastumas ir elegancija dera tiek su klasikiniu, tiek su moderniu interjero dizainu. Pilka spalva simbolizuoja rafinuotum\u0105 ir klas\u0119, o blizgesys suteikia erdvei eleganti\u0161ko lengvumo. \u0160i virtuv\u0117s spintel\u0117 suteikia puik\u0173 fon\u0105 k\u016brybingiems virtuv\u0117s dizainams, tod\u0117l tai idealus pasirinkimas tiems, kurie vertina subtili\u0105 estetik\u0105 ir funkcionalum\u0105. Kasdien naudojant \u0161i spintel\u0117 atlieka patikimos ir patogios daikt\u0173 laikymo vietos vaidmen\u012f. Priekin\u0117 dalis, pagaminta i\u0161 pa\u017eeidimams atsparios MDF plok\u0161t\u0117s, atlaiko kasdienio naudojimo sunkumus, o kompakti\u0161ki matmenys leid\u017eia j\u0105 montuoti net ma\u017eesn\u0117se erdv\u0117se. D\u0117l to j\u016bs\u0173 virtuv\u0117s reikmenys visada bus po ranka, o tvarkyti virtuv\u0119 taps tikru malonumu.<\/p>","protected":false},"excerpt":{"rendered":"<p>Plotis (cm): 60<br \/>\n\u016agis (cm): 36<br \/>\nGylis (cm): 32<\/p>","protected":false},"featured_media":156821,"comment_status":"open","ping_status":"open","template":"","meta":[],"product_brand":[],"product_cat":[9451,4106,9118],"product_tag":[],"class_list":{"0":"post-157855","1":"product","2":"type-product","3":"status-publish","4":"has-post-thumbnail","6":"product_cat-kitchen-system-aspen-grey","7":"product_cat-gala-meble","8":"product_cat-kitchen-cabinets","10":"first","11":"instock","12":"purchasable","13":"product-type-simple"},"_links":{"self":[{"href":"https:\/\/baldumarket.lt\/lt\/wp-json\/wp\/v2\/product\/157855","targetHints":{"allow":["GET"]}}],"collection":[{"href":"https:\/\/baldumarket.lt\/lt\/wp-json\/wp\/v2\/product"}],"about":[{"href":"https:\/\/baldumarket.lt\/lt\/wp-json\/wp\/v2\/types\/product"}],"replies":[{"embeddable":true,"href":"https:\/\/baldumarket.lt\/lt\/wp-json\/wp\/v2\/comments?post=157855"}],"wp:featuredmedia":[{"embeddable":true,"href":"https:\/\/baldumarket.lt\/lt\/wp-json\/wp\/v2\/media\/156821"}],"wp:attachment":[{"href":"https:\/\/baldumarket.lt\/lt\/wp-json\/wp\/v2\/media?parent=157855"}],"wp:term":[{"taxonomy":"product_brand","embeddable":true,"href":"https:\/\/baldumarket.lt\/lt\/wp-json\/wp\/v2\/product_brand?post=157855"},{"taxonomy":"product_cat","embeddable":true,"href":"https:\/\/baldumarket.lt\/lt\/wp-json\/wp\/v2\/product_cat?post=157855"},{"taxonomy":"product_tag","embeddable":true,"href":"https:\/\/baldumarket.lt\/lt\/wp-json\/wp\/v2\/product_tag?post=157855"}],"curies":[{"name":"wp","href":"https:\/\/api.w.org\/{rel}","templated":true}]}}