{"id":157852,"date":"2025-12-18T23:43:41","date_gmt":"2025-12-18T20:43:41","guid":{"rendered":"https:\/\/baldumarket.lt\/product\/szafka-kuchenna-gorna-1-drzwiowa-g60kn-aspen-white-bialy-polysk\/"},"modified":"2026-02-08T11:24:27","modified_gmt":"2026-02-08T08:24:27","slug":"szafka-kuchenna-gorna-1-drzwiowa-g60kn-aspen-white-bialy-polysk","status":"publish","type":"product","link":"https:\/\/baldumarket.lt\/lt\/product\/szafka-kuchenna-gorna-1-drzwiowa-g60kn-aspen-white-bialy-polysk\/","title":{"rendered":"G60KN drebul\u0117s baltumo blizgi vir\u0161utin\u0117 virtuv\u0117s spintel\u0117 su 1 durel\u0117mis"},"content":{"rendered":"<p>Atraskite nauj\u0105 estetikos dimensij\u0105 savo virtuv\u0117je su vien\u0173 dureli\u0173 vir\u0161utine virtuv\u0117s spintele \u201eG60KN Aspen White\u201c. \u0160i eleganti\u0161ka spintel\u0117, sukurta garsaus prek\u0117s \u017eenklo \u201eGa\u0142a Meble\u201c, derina modern\u0173 \u017eaves\u012f ir funkcionalum\u0105, puikiai papildydama bet kuri\u0105 \u0161iuolaikin\u0119 virtuv\u0119. Jos blizg\u016bs balti fasadai suteikia interjerui gaivumo ir paprasto stiliaus poj\u016bt\u012f, tod\u0117l erdv\u0117 tampa unikali ir spindinti.<\/p>\n<p>\u201eAspen White\u201c virtuv\u0117s spintel\u0117 \u2013 subtilaus paprastumo kvintesencija, \u017eavinti \u0161variomis linijomis ir minimalistiniu dizainu. Matin\u0117s baltos spalvos korpusas harmoningai papildo blizgius fasadus, sukurdamas kontrast\u0105, kur\u012f ypa\u010d \u012fvertins moderni\u0173, ta\u010diau nesenstan\u010di\u0173 sprendim\u0173 m\u0117g\u0117jai. \u0160ios spintel\u0117s skonis ir stilius ne tik pagerins estetik\u0105, bet ir taps esminiu estetinio vadovo, kur\u012f kuriate savo virtuv\u0117je, elementu.<\/p>\n<p>Laikantis naujausi\u0173 tendencij\u0173, \u0161ios spintel\u0117s metaliniai vyriai u\u017etikrina patvarum\u0105 ir skland\u0173 jud\u0117jim\u0105, tod\u0117l kasdienis naudojimas tampa tikru malonumu. Funkcionalumas ir estetika yra neatsiejami, o tai geriausiai atsispindi eleganti\u0161koje formoje ir tvirtoje konstrukcijoje. 32 cm gylio ir 60 cm plo\u010dio \u0161i spintel\u0117 si\u016blo optimali\u0105 daikt\u0173 laikymo erdv\u0119, sumaniai i\u0161naudodama turim\u0105 erdv\u0119 vir\u0161 stalvir\u0161io.<\/p>\n<p>Be to, prid\u0117kite galimyb\u0119 surinkti spintel\u0119 savaranki\u0161kai, tod\u0117l tai puikus pasirinkimas tiems, kurie vertina lankstum\u0105 ir galimyb\u0119 suasmeninti savo interjer\u0105. Spintel\u0117s surinkimas savaranki\u0161kai ne tik suteikia pasitenkinim\u0105, bet ir leid\u017eia j\u0105 sukonfig\u016bruoti pagal individualius poreikius. Virtuv\u0117s spintel\u0117 \u201eG60KN Aspen White\u201c \u2013 tai sprendimas, kuris suteiks j\u016bs\u0173 virtuvei moderni\u0105, stiling\u0105 ir patogi\u0105 i\u0161vaizd\u0105. Pasinerkite \u012f prabang\u0105 ir patogum\u0105, kur\u012f suteikia \u0161is unikalus dizaino ir funkcionalumo derinys.<\/p>","protected":false},"excerpt":{"rendered":"<p>Plotis (cm): 60<br \/>\n\u016agis (cm): 36<br \/>\nGylis (cm): 32<\/p>","protected":false},"featured_media":156799,"comment_status":"open","ping_status":"open","template":"","meta":[],"product_brand":[],"product_cat":[9445,4106,9118],"product_tag":[],"class_list":{"0":"post-157852","1":"product","2":"type-product","3":"status-publish","4":"has-post-thumbnail","6":"product_cat-kitchen-system-aspen-white","7":"product_cat-gala-meble","8":"product_cat-kitchen-cabinets","10":"first","11":"instock","12":"purchasable","13":"product-type-simple"},"_links":{"self":[{"href":"https:\/\/baldumarket.lt\/lt\/wp-json\/wp\/v2\/product\/157852","targetHints":{"allow":["GET"]}}],"collection":[{"href":"https:\/\/baldumarket.lt\/lt\/wp-json\/wp\/v2\/product"}],"about":[{"href":"https:\/\/baldumarket.lt\/lt\/wp-json\/wp\/v2\/types\/product"}],"replies":[{"embeddable":true,"href":"https:\/\/baldumarket.lt\/lt\/wp-json\/wp\/v2\/comments?post=157852"}],"wp:featuredmedia":[{"embeddable":true,"href":"https:\/\/baldumarket.lt\/lt\/wp-json\/wp\/v2\/media\/156799"}],"wp:attachment":[{"href":"https:\/\/baldumarket.lt\/lt\/wp-json\/wp\/v2\/media?parent=157852"}],"wp:term":[{"taxonomy":"product_brand","embeddable":true,"href":"https:\/\/baldumarket.lt\/lt\/wp-json\/wp\/v2\/product_brand?post=157852"},{"taxonomy":"product_cat","embeddable":true,"href":"https:\/\/baldumarket.lt\/lt\/wp-json\/wp\/v2\/product_cat?post=157852"},{"taxonomy":"product_tag","embeddable":true,"href":"https:\/\/baldumarket.lt\/lt\/wp-json\/wp\/v2\/product_tag?post=157852"}],"curies":[{"name":"wp","href":"https:\/\/api.w.org\/{rel}","templated":true}]}}