{"id":157848,"date":"2025-12-18T23:43:34","date_gmt":"2025-12-18T20:43:34","guid":{"rendered":"https:\/\/baldumarket.lt\/product\/szafka-kuchenna-gorna-1-drzwiowa-g60kn-langen-artisan\/"},"modified":"2026-02-18T11:24:54","modified_gmt":"2026-02-18T08:24:54","slug":"szafka-kuchenna-gorna-1-drzwiowa-g60kn-langen-artisan","status":"publish","type":"product","link":"https:\/\/baldumarket.lt\/lt\/product\/szafka-kuchenna-gorna-1-drzwiowa-g60kn-langen-artisan\/","title":{"rendered":"Vir\u0161utin\u0117 virtuv\u0117s spintel\u0117 1 dur\u0173 G60KN Langen Artisan"},"content":{"rendered":"<p>Pakelkite savo interjer\u0105 \u012f auk\u0161tesn\u012f elegancijos lyg\u012f su \u201eLangen Artisan\u201c virtuv\u0117s vir\u0161utine spintele. \u0160i spintel\u0117, sukurta atsi\u017evelgiant \u012f estetik\u0105 ir funkcionalum\u0105, harmoningai derina klasikin\u012f dizain\u0105 su modernumu. Stilinga \u201eArtisan Oak\u201c spalva suteikia jaukumo ir rafinuotumo bet kuriai virtuvei. Ji puikiai der\u0117s tiek prie minimalistinio, tiek prie kaimi\u0161kesnio interjero.<\/p>\n<p>\u201eLangen Artisan\u201c spintel\u0117s \u017eavesys slypi subtilioje, ta\u010diau patvarioje apdailoje. Pagaminta i\u0161 auk\u0161tos kokyb\u0117s, atsparaus pa\u017eeidimams laminato, ji u\u017etikrina ilgaam\u017ei\u0161kum\u0105. Sodri \u201eArtisan Oak\u201c tekst\u016bra ir spalva paver\u010dia \u0161\u012f bald\u0105 virtuv\u0117s traukos centru, traukian\u010diu ak\u012f ir sukurian\u010diu maloni\u0105, \u0161ilt\u0105 atmosfer\u0105.<\/p>\n<p>Juoda metalin\u0117 rankena suteikia spintel\u0117s neutraliai apdailai \u017eavesio ir kontrasto, sukurdama i\u0161skirtin\u012f akcent\u0105, pabr\u0117\u017eiant\u012f jos modernum\u0105. Naudodamiesi atidarymo spustel\u0117jus sistema, galite rinktis minimalistin\u012f stili\u0173 be ranken\u0117li\u0173, dar labiau pabr\u0117\u017eiant spintel\u0117s formos grynum\u0105. \u0160is sprendimas garantuoja paprast\u0105 naudojim\u0105 ir padidina virtuv\u0117s vizualin\u012f erdvum\u0105.<\/p>\n<p>Savaranki\u0161kas \u201eLangen Artisan\u201c vir\u0161utin\u0117s virtuv\u0117s spintel\u0117s surinkimas \u2013 tai galimyb\u0117 dalyvauti savo erdv\u0117s k\u016brimo procese. Ai\u0161ki\u0173 instrukcij\u0173 d\u0117ka surinkimas yra greitas ir paprastas, o j\u016bs galite did\u017eiuotis savo darbo rezultatais. Tai taip pat puiki proga i\u0161naudoti erdv\u0119 vir\u0161 stalvir\u0161io ar kriaukl\u0117s, pridedant papildomos vietos daiktams laikyti.<\/p>\n<p>Suteikite savo virtuvei unikalumo su \u201eLangen Artisan\u201c spintele. Ji derina stili\u0173 ir funkcionalum\u0105, \u012fkv\u0117pt\u0105 nat\u016bralaus med\u017eio gro\u017eio ir modernumo, tuo pa\u010diu u\u017etikrindama maksimal\u0173 komfort\u0105 kasdieniam naudojimui. Atgaivinkite savo erdv\u0119 pasirinkdami sprendim\u0105, kuris yra ir klasikinis, ir novatori\u0161kas.<\/p>","protected":false},"excerpt":{"rendered":"<p>Plotis (cm): 60<br \/>\n\u016agis (cm): 36<br \/>\nGylis (cm): 32<\/p>","protected":false},"featured_media":157849,"comment_status":"open","ping_status":"open","template":"","meta":[],"product_brand":[],"product_cat":[9442,4106],"product_tag":[],"class_list":{"0":"post-157848","1":"product","2":"type-product","3":"status-publish","4":"has-post-thumbnail","6":"product_cat-kitchen-system-langen-dab-artisan","7":"product_cat-gala-meble","9":"first","10":"instock","11":"purchasable","12":"product-type-simple"},"_links":{"self":[{"href":"https:\/\/baldumarket.lt\/lt\/wp-json\/wp\/v2\/product\/157848","targetHints":{"allow":["GET"]}}],"collection":[{"href":"https:\/\/baldumarket.lt\/lt\/wp-json\/wp\/v2\/product"}],"about":[{"href":"https:\/\/baldumarket.lt\/lt\/wp-json\/wp\/v2\/types\/product"}],"replies":[{"embeddable":true,"href":"https:\/\/baldumarket.lt\/lt\/wp-json\/wp\/v2\/comments?post=157848"}],"wp:featuredmedia":[{"embeddable":true,"href":"https:\/\/baldumarket.lt\/lt\/wp-json\/wp\/v2\/media\/157849"}],"wp:attachment":[{"href":"https:\/\/baldumarket.lt\/lt\/wp-json\/wp\/v2\/media?parent=157848"}],"wp:term":[{"taxonomy":"product_brand","embeddable":true,"href":"https:\/\/baldumarket.lt\/lt\/wp-json\/wp\/v2\/product_brand?post=157848"},{"taxonomy":"product_cat","embeddable":true,"href":"https:\/\/baldumarket.lt\/lt\/wp-json\/wp\/v2\/product_cat?post=157848"},{"taxonomy":"product_tag","embeddable":true,"href":"https:\/\/baldumarket.lt\/lt\/wp-json\/wp\/v2\/product_tag?post=157848"}],"curies":[{"name":"wp","href":"https:\/\/api.w.org\/{rel}","templated":true}]}}