{"id":157844,"date":"2025-12-18T23:43:26","date_gmt":"2025-12-18T20:43:26","guid":{"rendered":"https:\/\/baldumarket.lt\/product\/szafka-kuchenna-gorna-1-drzwiowa-g60kn-langen-beige\/"},"modified":"2026-02-18T11:24:54","modified_gmt":"2026-02-18T08:24:54","slug":"szafka-kuchenna-gorna-1-drzwiowa-g60kn-langen-beige","status":"publish","type":"product","link":"https:\/\/baldumarket.lt\/lt\/product\/szafka-kuchenna-gorna-1-drzwiowa-g60kn-langen-beige\/","title":{"rendered":"Vir\u0161utin\u0117 virtuv\u0117s spintel\u0117 1 dur\u0173 G60KN Langen Beige"},"content":{"rendered":"<p>Atraskite elegancij\u0105 ir funkcionalum\u0105 \u2013 vien\u0173 dureli\u0173 vir\u0161utin\u0119 virtuv\u0117s spintel\u0119 G60KN i\u0161 \u201eGa\u0142a Meble Langen Beige\u201c kolekcijos. Jos modernus ir subtilus dizainas puikiai dera bet kurioje virtuv\u0117s erdv\u0117je, suteikdamas gaivumo ir stiliaus dvelksm\u0105. Ry\u0161ki matin\u0117 sm\u0117lio spalvos priekin\u0117 dalis dera su \u201eArtisan Oak\u201c korpusu, sukurdama skoning\u0105 kompozicij\u0105, kuri tikrai patrauks sve\u010di\u0173 ak\u012f. \u0160i spintel\u0117 puikiai tinka laikyti visus j\u016bs\u0173 virtuv\u0117s reikmenis. D\u0117l i\u0161skirtinio funkcionalumo ji bus puikus bet kurios virtuv\u0117s papildymas, u\u017etikrinantis lengv\u0105 organizavim\u0105. Juoda metalin\u0117 rankena suteikia modernumo, o patvarumas u\u017etikrina patog\u0173 naudojim\u0105 ilgus metus. Kompakti\u0161ki matmenys (60 cm plo\u010dio, 36 cm auk\u0161\u010dio ir 32 cm gylio) leid\u017eia lengvai integruoti net \u012f ma\u017eesnes virtuves, kuriose tr\u016bksta vietos. \u0160i spintel\u0117 derina prakti\u0161kum\u0105 ir stili\u0173, tod\u0117l tai puikus pasirinkimas tiems, kurie vertina estetik\u0105 neaukodami naudojimo patogumo.<\/p>","protected":false},"excerpt":{"rendered":"<p>Plotis (cm): 60<br \/>\n\u016agis (cm): 36<br \/>\nGylis (cm): 32<\/p>","protected":false},"featured_media":156807,"comment_status":"open","ping_status":"open","template":"","meta":[],"product_brand":[],"product_cat":[9442,4106],"product_tag":[],"class_list":{"0":"post-157844","1":"product","2":"type-product","3":"status-publish","4":"has-post-thumbnail","6":"product_cat-kitchen-system-langen-dab-artisan","7":"product_cat-gala-meble","9":"first","10":"instock","11":"purchasable","12":"product-type-simple"},"_links":{"self":[{"href":"https:\/\/baldumarket.lt\/lt\/wp-json\/wp\/v2\/product\/157844","targetHints":{"allow":["GET"]}}],"collection":[{"href":"https:\/\/baldumarket.lt\/lt\/wp-json\/wp\/v2\/product"}],"about":[{"href":"https:\/\/baldumarket.lt\/lt\/wp-json\/wp\/v2\/types\/product"}],"replies":[{"embeddable":true,"href":"https:\/\/baldumarket.lt\/lt\/wp-json\/wp\/v2\/comments?post=157844"}],"wp:featuredmedia":[{"embeddable":true,"href":"https:\/\/baldumarket.lt\/lt\/wp-json\/wp\/v2\/media\/156807"}],"wp:attachment":[{"href":"https:\/\/baldumarket.lt\/lt\/wp-json\/wp\/v2\/media?parent=157844"}],"wp:term":[{"taxonomy":"product_brand","embeddable":true,"href":"https:\/\/baldumarket.lt\/lt\/wp-json\/wp\/v2\/product_brand?post=157844"},{"taxonomy":"product_cat","embeddable":true,"href":"https:\/\/baldumarket.lt\/lt\/wp-json\/wp\/v2\/product_cat?post=157844"},{"taxonomy":"product_tag","embeddable":true,"href":"https:\/\/baldumarket.lt\/lt\/wp-json\/wp\/v2\/product_tag?post=157844"}],"curies":[{"name":"wp","href":"https:\/\/api.w.org\/{rel}","templated":true}]}}