{"id":157840,"date":"2025-12-18T23:43:19","date_gmt":"2025-12-18T20:43:19","guid":{"rendered":"https:\/\/baldumarket.lt\/product\/szafka-kuchenna-gorna-1-drzwiowa-g60kn-langen-grey\/"},"modified":"2026-02-18T11:24:54","modified_gmt":"2026-02-18T08:24:54","slug":"szafka-kuchenna-gorna-1-drzwiowa-g60kn-langen-grey","status":"publish","type":"product","link":"https:\/\/baldumarket.lt\/lt\/product\/szafka-kuchenna-gorna-1-drzwiowa-g60kn-langen-grey\/","title":{"rendered":"Vir\u0161utin\u0117 1 dur\u0173 virtuv\u0117s spintel\u0117 G60KN Langen Gray"},"content":{"rendered":"<p>Atraskite elegancij\u0105 savo virtuv\u0117je su \u201eGa\u0142a Meble\u201c \u201eLangen Grey G60KN\u201c vir\u0161utine spintele. \u0160i unikali spintel\u0117, sukurta kruop\u0161\u010diai apgalvojant kiekvien\u0105 detal\u0119, yra tobulas modernaus dizaino ir funkcionalumo derinys. Matin\u0117s pilkos spalvos MDF priekin\u0117 dalis puikiai dera su \u0161iltu \u201eArtisan Oak\u201c korpusu, sukurdama harmoning\u0105, ta\u010diau i\u0161rai\u0161king\u0105 visum\u0105.<\/p>\n<p>Galvojant apie J\u016bs\u0173 patogum\u0105, \u201eLangen Grey G60KN\u201c spintel\u0117 pasi\u017eymi funkcionalia juoda metaline rankena, kuri palengvina kasdien\u012f naudojim\u0105. Jei pageidaujate minimalistini\u0173 sprendim\u0173, galite rinktis moderni\u0105, be ranken\u0117li\u0173 veikian\u010di\u0105 atidarymo spustel\u0117jus sistem\u0105, kuri dar labiau sustiprina modern\u0173 J\u016bs\u0173 virtuv\u0117s charakter\u012f. Tvirta laminuotos plok\u0161t\u0117s konstrukcija u\u017etikrina patvarum\u0105 ir atsparum\u0105 pa\u017eeidimams, tod\u0117l \u0161i spintel\u0117 yra ilgalaik\u0117 investicija.<\/p>\n<p>\u201eLangen Grey\u201c vir\u0161utin\u0117 spintel\u0117 ne tik puikiai atrodo, bet, svarbiausia, puikiai atlieka savo funkcijas. Kompakti\u0161ki matmenys \u2013 60 cm plo\u010dio, 32 cm gylio ir 36 cm auk\u0161\u010dio \u2013 leid\u017eia j\u0105 lengvai pritaikyti \u012fvairiems virtuv\u0117s i\u0161planavimams, tuo pa\u010diu u\u017etikrinant maksimal\u0173 erdv\u0117s panaudojim\u0105. Tai rei\u0161kia, kad kiekvienas j\u016bs\u0173 virtuv\u0117s aksesuaras ras savo viet\u0105, o j\u016bs tur\u0117site daugiau darbo vietos ant stalvir\u0161io.<\/p>\n<p>\u201eLangen Grey\u201c spintel\u0117s surinkimas yra ne\u012ftik\u0117tinai paprastas ir be r\u016bpes\u010di\u0173. Surinkdami j\u0105 patys, galite lengvai pritaikyti virtuv\u0119 pagal savo poreikius ir skon\u012f. \u0160i spintel\u0117 yra puikus pasirinkimas tiems, kurie nori sukurti moderni\u0105, funkcionali\u0105 ir esteti\u0161kai patraukli\u0105 erdv\u0119, kurioje maisto gaminimas tapt\u0173 tikru malonumu.<\/p>","protected":false},"excerpt":{"rendered":"<p>Plotis (cm): 60<br \/>\n\u016agis (cm): 36<br \/>\nGylis (cm): 32<\/p>","protected":false},"featured_media":157841,"comment_status":"open","ping_status":"open","template":"","meta":[],"product_brand":[],"product_cat":[9442,4106],"product_tag":[],"class_list":{"0":"post-157840","1":"product","2":"type-product","3":"status-publish","4":"has-post-thumbnail","6":"product_cat-kitchen-system-langen-dab-artisan","7":"product_cat-gala-meble","9":"first","10":"instock","11":"purchasable","12":"product-type-simple"},"_links":{"self":[{"href":"https:\/\/baldumarket.lt\/lt\/wp-json\/wp\/v2\/product\/157840","targetHints":{"allow":["GET"]}}],"collection":[{"href":"https:\/\/baldumarket.lt\/lt\/wp-json\/wp\/v2\/product"}],"about":[{"href":"https:\/\/baldumarket.lt\/lt\/wp-json\/wp\/v2\/types\/product"}],"replies":[{"embeddable":true,"href":"https:\/\/baldumarket.lt\/lt\/wp-json\/wp\/v2\/comments?post=157840"}],"wp:featuredmedia":[{"embeddable":true,"href":"https:\/\/baldumarket.lt\/lt\/wp-json\/wp\/v2\/media\/157841"}],"wp:attachment":[{"href":"https:\/\/baldumarket.lt\/lt\/wp-json\/wp\/v2\/media?parent=157840"}],"wp:term":[{"taxonomy":"product_brand","embeddable":true,"href":"https:\/\/baldumarket.lt\/lt\/wp-json\/wp\/v2\/product_brand?post=157840"},{"taxonomy":"product_cat","embeddable":true,"href":"https:\/\/baldumarket.lt\/lt\/wp-json\/wp\/v2\/product_cat?post=157840"},{"taxonomy":"product_tag","embeddable":true,"href":"https:\/\/baldumarket.lt\/lt\/wp-json\/wp\/v2\/product_tag?post=157840"}],"curies":[{"name":"wp","href":"https:\/\/api.w.org\/{rel}","templated":true}]}}