{"id":157835,"date":"2025-12-18T23:43:08","date_gmt":"2025-12-18T20:43:08","guid":{"rendered":"https:\/\/baldumarket.lt\/product\/szafka-kuchenna-gorna-1-drzwiowa-g60kn-linea-grey-szary-mat\/"},"modified":"2026-02-18T11:33:47","modified_gmt":"2026-02-18T08:33:47","slug":"szafka-kuchenna-gorna-1-drzwiowa-g60kn-linea-grey-szary-mat","status":"publish","type":"product","link":"https:\/\/baldumarket.lt\/lt\/product\/szafka-kuchenna-gorna-1-drzwiowa-g60kn-linea-grey-szary-mat\/","title":{"rendered":"Vir\u0161utin\u0117 virtuv\u0117s spintel\u0117, 1 dur\u0173, G60KN, \u201eLinea\u201c, pilkai matin\u0117"},"content":{"rendered":"<p>Pakelkite savo virtuv\u0119 \u012f nauj\u0105 lyg\u012f su eleganti\u0161ku ir \u017eavingu G60KN Linea pilkos spalvos vien\u0173 dur\u0173 vir\u0161utiniu virtuv\u0117s spintel\u0117s akcentu. Jos matin\u0117 pilka priekin\u0117 dalis yra modernaus dizaino kvintesencija, puikiai atitinkanti dabartines interjero dizaino tendencijas. \u0160i nesenstanti apdaila suteiks j\u016bs\u0173 interjerui subtilaus \u017eavesio ir harmonijos. Ne tik i\u0161vaizda daro \u0161i\u0105 spintel\u0119 tikru b\u016btinybe bet kurioje virtuv\u0117je. Pagaminta i\u0161 auk\u0161tos kokyb\u0117s MDF ir laminuotos plok\u0161t\u0117s, ji garantuoja patvarum\u0105 ir atsparum\u0105 kasdieniam naudojimui. Tai puikus sprendimas tiems, kurie vertina ne tik estetik\u0105, bet ir prakti\u0161kum\u0105 bei ilgaam\u017ei\u0161kum\u0105. Spintel\u0117 u\u017etikrina patog\u0173 daikt\u0173 laikym\u0105, padeda palaikyti tvark\u0105 virtuv\u0117je. D\u0117l universalaus dyd\u017eio (60 cm plo\u010dio) \u0161i spintel\u0117 puikiai tinka tiek didesn\u0117ms, tiek ma\u017eesn\u0117ms erdv\u0117ms. Baltas korpusas suteikia papildomo erdvumo ir lengvumo poj\u016bt\u012f, kuris yra ne\u012fkainojamas bet kurioje virtuv\u0117je. Tai puiki vieta laikyti indus, prieskonius ir kitus virtuv\u0117s reikmenis, visada po ranka ir matomoje vietoje.<\/p>","protected":false},"excerpt":{"rendered":"<p>Plotis (cm): 60<br \/>\n\u016agis (cm): 36<br \/>\nGylis (cm): 32<\/p>","protected":false},"featured_media":157836,"comment_status":"open","ping_status":"open","template":"","meta":[],"product_brand":[],"product_cat":[9446,4106],"product_tag":[],"class_list":{"0":"post-157835","1":"product","2":"type-product","3":"status-publish","4":"has-post-thumbnail","6":"product_cat-kitchen-system-linea-white","7":"product_cat-gala-meble","9":"first","10":"instock","11":"purchasable","12":"product-type-simple"},"_links":{"self":[{"href":"https:\/\/baldumarket.lt\/lt\/wp-json\/wp\/v2\/product\/157835","targetHints":{"allow":["GET"]}}],"collection":[{"href":"https:\/\/baldumarket.lt\/lt\/wp-json\/wp\/v2\/product"}],"about":[{"href":"https:\/\/baldumarket.lt\/lt\/wp-json\/wp\/v2\/types\/product"}],"replies":[{"embeddable":true,"href":"https:\/\/baldumarket.lt\/lt\/wp-json\/wp\/v2\/comments?post=157835"}],"wp:featuredmedia":[{"embeddable":true,"href":"https:\/\/baldumarket.lt\/lt\/wp-json\/wp\/v2\/media\/157836"}],"wp:attachment":[{"href":"https:\/\/baldumarket.lt\/lt\/wp-json\/wp\/v2\/media?parent=157835"}],"wp:term":[{"taxonomy":"product_brand","embeddable":true,"href":"https:\/\/baldumarket.lt\/lt\/wp-json\/wp\/v2\/product_brand?post=157835"},{"taxonomy":"product_cat","embeddable":true,"href":"https:\/\/baldumarket.lt\/lt\/wp-json\/wp\/v2\/product_cat?post=157835"},{"taxonomy":"product_tag","embeddable":true,"href":"https:\/\/baldumarket.lt\/lt\/wp-json\/wp\/v2\/product_tag?post=157835"}],"curies":[{"name":"wp","href":"https:\/\/api.w.org\/{rel}","templated":true}]}}