{"id":157830,"date":"2025-12-18T23:42:58","date_gmt":"2025-12-18T20:42:58","guid":{"rendered":"https:\/\/baldumarket.lt\/product\/szafka-kuchenna-gorna-1-drzwiowa-g60kn-linea-white-bialy-mat\/"},"modified":"2026-02-18T11:33:47","modified_gmt":"2026-02-18T08:33:47","slug":"szafka-kuchenna-gorna-1-drzwiowa-g60kn-linea-white-bialy-mat","status":"publish","type":"product","link":"https:\/\/baldumarket.lt\/lt\/product\/szafka-kuchenna-gorna-1-drzwiowa-g60kn-linea-white-bialy-mat\/","title":{"rendered":"Vir\u0161utin\u0117 virtuv\u0117s spintel\u0117, 1 dur\u0173, G60KN, \u201eLinea White Matte White\u201c"},"content":{"rendered":"<p>Vien\u0173 dureli\u0173 vir\u0161utin\u0117 virtuv\u0117s spintel\u0117 \u201eLinea White G60KN\u201c matin\u0117s baltos spalvos \u2013 puikus sprendimas bet kuriai moderniai virtuvei. Minimalistinis dizainas puikiai atspindi dabartines tendencijas, o eleganti\u0161ka priekin\u0117s dalies spalva suteikia bet kokiam interjerui lengvumo ir erdvumo poj\u016bt\u012f. D\u0117l auk\u0161tos kokyb\u0117s MDF panaudojimo spintel\u0117 ne tik atrodo stilingai, bet ir yra itin patvari. Auksin\u0117s metalin\u0117s ranken\u0117l\u0117s \u2013 subtilus, ta\u010diau efektyvus akcentas, traukiantis ak\u012f ir suteikiantis spintelei prabangaus charakterio. Jos puikiai papildo matin\u0119 apdail\u0105, sukurdamos harmoning\u0105 ir esteti\u0161kai vientis\u0105 visum\u0105. \u0160i spintel\u0117 bus puikus bet kurios virtuv\u0117s papildymas, suteikiantis elegancijos ir modernumo. D\u0117l tyli\u0173 vyri\u0173 naudotis spintele tampa malonumu. Durel\u0117s atsidaro ir u\u017esidaro tyliai, o tai ne\u012fkainojama kasdieniam naudojimui, ypa\u010d judriuose namuose. Auk\u0161tos kokyb\u0117s med\u017eiag\u0173 naudojimas garantuoja, kad spintel\u0117 tarnaus daugel\u012f met\u0173, i\u0161laikydama nepriekai\u0161ting\u0105 i\u0161vaizd\u0105.<\/p>","protected":false},"excerpt":{"rendered":"<p>Plotis (cm): 60<br \/>\n\u016agis (cm): 36<br \/>\nGylis (cm): 32<\/p>","protected":false},"featured_media":157831,"comment_status":"open","ping_status":"open","template":"","meta":[],"product_brand":[],"product_cat":[9446,4106],"product_tag":[],"class_list":{"0":"post-157830","1":"product","2":"type-product","3":"status-publish","4":"has-post-thumbnail","6":"product_cat-kitchen-system-linea-white","7":"product_cat-gala-meble","9":"first","10":"instock","11":"purchasable","12":"product-type-simple"},"_links":{"self":[{"href":"https:\/\/baldumarket.lt\/lt\/wp-json\/wp\/v2\/product\/157830","targetHints":{"allow":["GET"]}}],"collection":[{"href":"https:\/\/baldumarket.lt\/lt\/wp-json\/wp\/v2\/product"}],"about":[{"href":"https:\/\/baldumarket.lt\/lt\/wp-json\/wp\/v2\/types\/product"}],"replies":[{"embeddable":true,"href":"https:\/\/baldumarket.lt\/lt\/wp-json\/wp\/v2\/comments?post=157830"}],"wp:featuredmedia":[{"embeddable":true,"href":"https:\/\/baldumarket.lt\/lt\/wp-json\/wp\/v2\/media\/157831"}],"wp:attachment":[{"href":"https:\/\/baldumarket.lt\/lt\/wp-json\/wp\/v2\/media?parent=157830"}],"wp:term":[{"taxonomy":"product_brand","embeddable":true,"href":"https:\/\/baldumarket.lt\/lt\/wp-json\/wp\/v2\/product_brand?post=157830"},{"taxonomy":"product_cat","embeddable":true,"href":"https:\/\/baldumarket.lt\/lt\/wp-json\/wp\/v2\/product_cat?post=157830"},{"taxonomy":"product_tag","embeddable":true,"href":"https:\/\/baldumarket.lt\/lt\/wp-json\/wp\/v2\/product_tag?post=157830"}],"curies":[{"name":"wp","href":"https:\/\/api.w.org\/{rel}","templated":true}]}}