{"id":157824,"date":"2025-12-18T23:42:43","date_gmt":"2025-12-18T20:42:43","guid":{"rendered":"https:\/\/baldumarket.lt\/product\/szafka-kuchenna-gorna-1-drzwiowa-g60kn-prowansja-sosna-andersen-bialy-mat\/"},"modified":"2026-02-06T13:08:53","modified_gmt":"2026-02-06T10:08:53","slug":"szafka-kuchenna-gorna-1-drzwiowa-g60kn-prowansja-sosna-andersen-bialy-mat","status":"publish","type":"product","link":"https:\/\/baldumarket.lt\/lt\/product\/szafka-kuchenna-gorna-1-drzwiowa-g60kn-prowansja-sosna-andersen-bialy-mat\/","title":{"rendered":"Vir\u0161utin\u0117 virtuv\u0117s spintel\u0117, 1 dur\u0173, G60KN, Provanso pu\u0161is, Anderseno balta matin\u0117"},"content":{"rendered":"<p>Atraskite pranc\u016bzi\u0161ko kaimo elegancij\u0105 savo virtuv\u0117je su m\u016bs\u0173 unikalia \u201eProvence\u201c kolekcijos vir\u0161utine virtuv\u0117s spintele. \u0160i vienv\u0117r\u0117 spintel\u0117 \u012fk\u016bnija kaimi\u0161ko \u017eavesio esm\u0119, kylan\u010di\u0105 i\u0161 tradicinio dizaino ir modernaus apdailos derinio. \u012ekv\u0117ptas Provanso stiliaus gro\u017eio ir paprastumo, \u0161is dizainas suteiks j\u016bs\u0173 namams gaivumo ir harmonijos. \u201eAndersen Pine\u201c MDF fasadai puikiai atspindi nat\u016bralius medienos ra\u0161tus, suteikia \u0161ilumos ir autenti\u0161ko vizualinio poj\u016b\u010dio. \u0160i\u0173 fasad\u0173 derinys su matin\u0117s baltos spalvos korpusu sukuria subtil\u0173 balans\u0105, kuris vizualiai padidina erdv\u0119, padaro j\u0105 jaukesn\u0119 ir kvie\u010dian\u010di\u0105. Tai puikus sprendimas tiems, kurie vertina klasikin\u0119 elegancij\u0105. \u0160ios G60KN spintel\u0117s funkcionalumas yra ne tik gro\u017eis; ji taip pat prakti\u0161ka ir tinkama kasdieniam naudojimui. Kompakti\u0161ki matmenys leid\u017eia lengvai integruoti j\u0105 \u012f bet kok\u012f virtuv\u0117s dizain\u0105. Juodos metalin\u0117s rankenos suteikia charakterio ir pasitik\u0117jimo naudojant, o patvar\u016bs metaliniai vyriai u\u017etikrina ilgaam\u017ei\u0161kum\u0105 ir skland\u0173 veikim\u0105.<\/p>","protected":false},"excerpt":{"rendered":"<p>Plotis (cm): 60<br \/>\n\u016agis (cm): 36<br \/>\nGylis (cm): 32<\/p>","protected":false},"featured_media":157825,"comment_status":"open","ping_status":"open","template":"","meta":[],"product_brand":[],"product_cat":[9444,9441,4106,9118],"product_tag":[],"class_list":{"0":"post-157824","1":"product","2":"type-product","3":"status-publish","4":"has-post-thumbnail","6":"product_cat-kitchen-system-prowansja-sosna-andersen","7":"product_cat-white","8":"product_cat-gala-meble","9":"product_cat-kitchen-cabinets","11":"first","12":"instock","13":"purchasable","14":"product-type-simple"},"_links":{"self":[{"href":"https:\/\/baldumarket.lt\/lt\/wp-json\/wp\/v2\/product\/157824","targetHints":{"allow":["GET"]}}],"collection":[{"href":"https:\/\/baldumarket.lt\/lt\/wp-json\/wp\/v2\/product"}],"about":[{"href":"https:\/\/baldumarket.lt\/lt\/wp-json\/wp\/v2\/types\/product"}],"replies":[{"embeddable":true,"href":"https:\/\/baldumarket.lt\/lt\/wp-json\/wp\/v2\/comments?post=157824"}],"wp:featuredmedia":[{"embeddable":true,"href":"https:\/\/baldumarket.lt\/lt\/wp-json\/wp\/v2\/media\/157825"}],"wp:attachment":[{"href":"https:\/\/baldumarket.lt\/lt\/wp-json\/wp\/v2\/media?parent=157824"}],"wp:term":[{"taxonomy":"product_brand","embeddable":true,"href":"https:\/\/baldumarket.lt\/lt\/wp-json\/wp\/v2\/product_brand?post=157824"},{"taxonomy":"product_cat","embeddable":true,"href":"https:\/\/baldumarket.lt\/lt\/wp-json\/wp\/v2\/product_cat?post=157824"},{"taxonomy":"product_tag","embeddable":true,"href":"https:\/\/baldumarket.lt\/lt\/wp-json\/wp\/v2\/product_tag?post=157824"}],"curies":[{"name":"wp","href":"https:\/\/api.w.org\/{rel}","templated":true}]}}