{"id":157819,"date":"2025-12-18T23:42:33","date_gmt":"2025-12-18T20:42:33","guid":{"rendered":"https:\/\/baldumarket.lt\/product\/szafka-kuchenna-gorna-1-drzwiowa-g60kn-sycylia-andersen\/"},"modified":"2026-02-06T12:47:03","modified_gmt":"2026-02-06T09:47:03","slug":"szafka-kuchenna-gorna-1-drzwiowa-g60kn-sycylia-andersen","status":"publish","type":"product","link":"https:\/\/baldumarket.lt\/lt\/product\/szafka-kuchenna-gorna-1-drzwiowa-g60kn-sycylia-andersen\/","title":{"rendered":"Vir\u0161utin\u0117 virtuv\u0117s spintel\u0117, 1 dur\u0173, G60KN, Sicily Andersen"},"content":{"rendered":"<p>Pasinerkite \u012f virtuv\u0117s bald\u0173 \u017eaves\u012f, galint\u012f paversti bet kuri\u0105 virtuv\u0119 elegancija ir funkcionalumu alsuojan\u010dia erdve. Vien\u0173 dur\u0173 virtuv\u0117s spintel\u0117 i\u0161 \u201eAndersen Sycylia\u201c kolekcijos \u2013 puikus pasirinkimas tiems, kurie vertina ne tik prakti\u0161kum\u0105, bet ir stili\u0173. Minimalistinis, ta\u010diau modernus dizainas puikiai tinka tiek tradiciniam, tiek modernesniam interjerui. \u201eAndersen\u201c pu\u0161ies atspalvio fasadai suteikia interjerui jaukumo ir sant\u016braus elegancijos. \u0160is subtilus akcentas gali pakeisti vis\u0105 virtuv\u0119, suteikdamas jai unikalaus charakterio. Matin\u0117s baltos spalvos korpusas puikiai papildo fasad\u0105, sukurdamas harmoning\u0105 kompozicij\u0105. \u0160is spalv\u0173 derinys puikiai dera su naujausiomis dizaino tendencijomis, kurios pabr\u0117\u017eia nat\u016bralum\u0105 ir paprastum\u0105. Nepamir\u0161kime ir prakti\u0161kumo. \u201eSycylia\u201c virtuv\u0117s spintel\u0117 yra ne tik gra\u017eus baldas, bet ir i\u0161skirtinai funkcionalus elementas bet kurioje virtuv\u0117je. Ji puikiai tinka laikyti kasdienius virtuv\u0117s reikmenis, padeda palaikyti tvark\u0105 ir tvarkingum\u0105. D\u0117l universali\u0173 60 cm plo\u010dio ir 32 cm gylio matmen\u0173 ji puikiai tiks tiek ma\u017eesn\u0117ms, tiek erdvesn\u0117ms virtuv\u0117ms.<\/p>","protected":false},"excerpt":{"rendered":"<p>Plotis (cm): 60<br \/>\n\u016agis (cm): 36<br \/>\nGylis (cm): 32<\/p>","protected":false},"featured_media":157820,"comment_status":"open","ping_status":"open","template":"","meta":[],"product_brand":[],"product_cat":[9440,9441,4106,9118],"product_tag":[],"class_list":{"0":"post-157819","1":"product","2":"type-product","3":"status-publish","4":"has-post-thumbnail","6":"product_cat-kitchen-system-sycylia-sosna-andersen","7":"product_cat-white","8":"product_cat-gala-meble","9":"product_cat-kitchen-cabinets","11":"first","12":"instock","13":"purchasable","14":"product-type-simple"},"_links":{"self":[{"href":"https:\/\/baldumarket.lt\/lt\/wp-json\/wp\/v2\/product\/157819","targetHints":{"allow":["GET"]}}],"collection":[{"href":"https:\/\/baldumarket.lt\/lt\/wp-json\/wp\/v2\/product"}],"about":[{"href":"https:\/\/baldumarket.lt\/lt\/wp-json\/wp\/v2\/types\/product"}],"replies":[{"embeddable":true,"href":"https:\/\/baldumarket.lt\/lt\/wp-json\/wp\/v2\/comments?post=157819"}],"wp:featuredmedia":[{"embeddable":true,"href":"https:\/\/baldumarket.lt\/lt\/wp-json\/wp\/v2\/media\/157820"}],"wp:attachment":[{"href":"https:\/\/baldumarket.lt\/lt\/wp-json\/wp\/v2\/media?parent=157819"}],"wp:term":[{"taxonomy":"product_brand","embeddable":true,"href":"https:\/\/baldumarket.lt\/lt\/wp-json\/wp\/v2\/product_brand?post=157819"},{"taxonomy":"product_cat","embeddable":true,"href":"https:\/\/baldumarket.lt\/lt\/wp-json\/wp\/v2\/product_cat?post=157819"},{"taxonomy":"product_tag","embeddable":true,"href":"https:\/\/baldumarket.lt\/lt\/wp-json\/wp\/v2\/product_tag?post=157819"}],"curies":[{"name":"wp","href":"https:\/\/api.w.org\/{rel}","templated":true}]}}