{"id":157814,"date":"2025-12-18T23:42:24","date_gmt":"2025-12-18T20:42:24","guid":{"rendered":"https:\/\/baldumarket.lt\/product\/szafka-kuchenna-gorna-1-drzwiowa-g60kn-sycylia-orzech\/"},"modified":"2026-02-08T12:29:28","modified_gmt":"2026-02-08T09:29:28","slug":"szafka-kuchenna-gorna-1-drzwiowa-g60kn-sycylia-orzech","status":"publish","type":"product","link":"https:\/\/baldumarket.lt\/lt\/product\/szafka-kuchenna-gorna-1-drzwiowa-g60kn-sycylia-orzech\/","title":{"rendered":"Vir\u0161utin\u0117 virtuv\u0117s spintel\u0117, 1 dur\u0173, G60KN, Sicilijos rie\u0161utmedis"},"content":{"rendered":"<p>Atraskite unikali\u0105 G60KN vir\u0161utin\u0119 virtuv\u0117s spintel\u0119 i\u0161 \u201eSicily Walnut\u201c kolekcijos, kuri\u0105 gamina \u201eGa\u0142a Meble\u201c \u2013 tobul\u0105 bet kurios modernios virtuv\u0117s papildym\u0105. Subtilus Milano Walnut fasad\u0173 ir korpus\u0173 derinys suteikia spintelei \u0161ilumos ir elegancijos j\u016bs\u0173 interjerui. Kruop\u0161\u010diai sukurtas dizainas puikiai atitinka dabartines tendencijas ir suteikia j\u016bs\u0173 interjerui unikalaus charakterio. Stilingos MDF fasadin\u0117s plok\u0161t\u0117s, padengtos Milano Walnut mediena, traukia ak\u012f ir suteikia j\u016bs\u0173 virtuv\u0117s erdvei unikalaus \u017eavesio. Tai puikus sprendimas tiems, kurie vertina nat\u016bralius akcentus interjero dizaine. Spintel\u0117 puikiai der\u0117s tiek prie klasikin\u0117s, tiek prie modernios virtuv\u0117s, sukurdama darni\u0105 ir harmoning\u0105 kompozicij\u0105. \u0160i vir\u0161utin\u0117 virtuv\u0117s spintel\u0117 yra ne tik esteti\u0161kai patraukli, bet ir labai funkcionali. Kompakti\u0161ki matmenys \u2013 60 cm plo\u010dio ir 36 cm auk\u0161\u010dio \u2013 leid\u017eia efektyviai i\u0161naudoti virtuv\u0117s erdv\u0119. Tai suteikia papildomos vietos svarbiausiems virtuv\u0117s priedams laikyti, tod\u0117l j\u016bs\u0173 virtuv\u0117 i\u0161lieka tvarkinga ir organizuota.<\/p>","protected":false},"excerpt":{"rendered":"<p>Plotis (cm): 60<br \/>\n\u016agis (cm): 36<br \/>\nGylis (cm): 32<\/p>","protected":false},"featured_media":157815,"comment_status":"open","ping_status":"open","template":"","meta":[],"product_brand":[],"product_cat":[9450,1043,4106],"product_tag":[],"class_list":{"0":"post-157814","1":"product","2":"type-product","3":"status-publish","4":"has-post-thumbnail","6":"product_cat-kitchen-system-sycylia-orzech-milano","7":"product_cat-extras","8":"product_cat-gala-meble","10":"first","11":"instock","12":"purchasable","13":"product-type-simple"},"_links":{"self":[{"href":"https:\/\/baldumarket.lt\/lt\/wp-json\/wp\/v2\/product\/157814","targetHints":{"allow":["GET"]}}],"collection":[{"href":"https:\/\/baldumarket.lt\/lt\/wp-json\/wp\/v2\/product"}],"about":[{"href":"https:\/\/baldumarket.lt\/lt\/wp-json\/wp\/v2\/types\/product"}],"replies":[{"embeddable":true,"href":"https:\/\/baldumarket.lt\/lt\/wp-json\/wp\/v2\/comments?post=157814"}],"wp:featuredmedia":[{"embeddable":true,"href":"https:\/\/baldumarket.lt\/lt\/wp-json\/wp\/v2\/media\/157815"}],"wp:attachment":[{"href":"https:\/\/baldumarket.lt\/lt\/wp-json\/wp\/v2\/media?parent=157814"}],"wp:term":[{"taxonomy":"product_brand","embeddable":true,"href":"https:\/\/baldumarket.lt\/lt\/wp-json\/wp\/v2\/product_brand?post=157814"},{"taxonomy":"product_cat","embeddable":true,"href":"https:\/\/baldumarket.lt\/lt\/wp-json\/wp\/v2\/product_cat?post=157814"},{"taxonomy":"product_tag","embeddable":true,"href":"https:\/\/baldumarket.lt\/lt\/wp-json\/wp\/v2\/product_tag?post=157814"}],"curies":[{"name":"wp","href":"https:\/\/api.w.org\/{rel}","templated":true}]}}