{"id":157809,"date":"2025-12-18T23:42:15","date_gmt":"2025-12-18T20:42:15","guid":{"rendered":"https:\/\/baldumarket.lt\/product\/szafka-kuchenna-gorna-1-drzwiowa-g80k-aspen-grey-szary-polysk\/"},"modified":"2026-02-08T11:25:57","modified_gmt":"2026-02-08T08:25:57","slug":"szafka-kuchenna-gorna-1-drzwiowa-g80k-aspen-grey-szary-polysk","status":"publish","type":"product","link":"https:\/\/baldumarket.lt\/lt\/product\/szafka-kuchenna-gorna-1-drzwiowa-g80k-aspen-grey-szary-polysk\/","title":{"rendered":"G80K drebul\u0117s pilkos blizgios vir\u0161utin\u0117s virtuv\u0117s spintel\u0117s su 1 durel\u0117mis"},"content":{"rendered":"<p>Suteikite savo virtuvei elegancijos su \u201eGa\u0142a Meble\u201c G80K drebul\u0117s pilkos spalvos vir\u0161utine virtuv\u0117s spintele. \u0160i spintel\u0117, padengta nesenstan\u010diu pilku blizgesiu, patraukia ak\u012f i\u0161 pirmo \u017evilgsnio. Minimalistinis dizainas puikiai dera su \u0161iuolaikin\u0117mis interjero dizaino tendencijomis, sukurdamas rafinuot\u0105 ir moderni\u0105 estetik\u0105 bet kurioje virtuv\u0117je. Funkcionalumas harmoningai dera su estetika, tod\u0117l kiekviena diena virtuv\u0117je tampa malonesn\u0117. Erdvus vidinis spintel\u0117s vidus leid\u017eia patogiai laikyti b\u016btiniausius virtuv\u0117s reikmenis, palaikyti tvark\u0105 ir organizuotum\u0105. Interjero i\u0161d\u0117stymas leid\u017eia greitai pasiekti visus b\u016btiniausius daiktus, o tai neabejotinai supaprastins kasdienes virtuv\u0117s u\u017eduotis. Spintel\u0117s korpusas, pagamintas i\u0161 matin\u0117s baltos laminuotos plok\u0161t\u0117s, sukuria kontrasting\u0105 fon\u0105 blizgiam fasadui, suteikdamas interjerui modernumo. Savaime u\u017esidarantys vyriai suteikia komforto poj\u016bt\u012f ir tyl\u0173 dureli\u0173 u\u017edarym\u0105, o tai ne tik prakti\u0161ka, bet ir prailgina pa\u010dios spintel\u0117s tarnavimo laik\u0105. \u0160ios technin\u0117s detal\u0117s kartu sukuria auk\u0161tos kokyb\u0117s konstrukcij\u0105, kuri taps j\u016bs\u0173 virtuv\u0117s dalimi.<\/p>","protected":false},"excerpt":{"rendered":"<p>Plotis (cm): 80<br \/>\n\u016agis (cm): 36<br \/>\nGylis (cm): 32<\/p>","protected":false},"featured_media":157810,"comment_status":"open","ping_status":"open","template":"","meta":[],"product_brand":[],"product_cat":[9451,4106,9118],"product_tag":[],"class_list":{"0":"post-157809","1":"product","2":"type-product","3":"status-publish","4":"has-post-thumbnail","6":"product_cat-kitchen-system-aspen-grey","7":"product_cat-gala-meble","8":"product_cat-kitchen-cabinets","10":"first","11":"instock","12":"purchasable","13":"product-type-simple"},"_links":{"self":[{"href":"https:\/\/baldumarket.lt\/lt\/wp-json\/wp\/v2\/product\/157809","targetHints":{"allow":["GET"]}}],"collection":[{"href":"https:\/\/baldumarket.lt\/lt\/wp-json\/wp\/v2\/product"}],"about":[{"href":"https:\/\/baldumarket.lt\/lt\/wp-json\/wp\/v2\/types\/product"}],"replies":[{"embeddable":true,"href":"https:\/\/baldumarket.lt\/lt\/wp-json\/wp\/v2\/comments?post=157809"}],"wp:featuredmedia":[{"embeddable":true,"href":"https:\/\/baldumarket.lt\/lt\/wp-json\/wp\/v2\/media\/157810"}],"wp:attachment":[{"href":"https:\/\/baldumarket.lt\/lt\/wp-json\/wp\/v2\/media?parent=157809"}],"wp:term":[{"taxonomy":"product_brand","embeddable":true,"href":"https:\/\/baldumarket.lt\/lt\/wp-json\/wp\/v2\/product_brand?post=157809"},{"taxonomy":"product_cat","embeddable":true,"href":"https:\/\/baldumarket.lt\/lt\/wp-json\/wp\/v2\/product_cat?post=157809"},{"taxonomy":"product_tag","embeddable":true,"href":"https:\/\/baldumarket.lt\/lt\/wp-json\/wp\/v2\/product_tag?post=157809"}],"curies":[{"name":"wp","href":"https:\/\/api.w.org\/{rel}","templated":true}]}}