{"id":157805,"date":"2025-12-18T23:42:08","date_gmt":"2025-12-18T20:42:08","guid":{"rendered":"https:\/\/baldumarket.lt\/product\/szafka-kuchenna-gorna-1-drzwiowa-g80k-aspen-white-bialy-polysk\/"},"modified":"2026-02-08T11:24:27","modified_gmt":"2026-02-08T08:24:27","slug":"szafka-kuchenna-gorna-1-drzwiowa-g80k-aspen-white-bialy-polysk","status":"publish","type":"product","link":"https:\/\/baldumarket.lt\/lt\/product\/szafka-kuchenna-gorna-1-drzwiowa-g80k-aspen-white-bialy-polysk\/","title":{"rendered":"G80K drebul\u0117s baltumo blizgi 1 dur\u0173 vir\u0161utin\u0117 virtuv\u0117s spintel\u0117"},"content":{"rendered":"<p>Unikali \u201eGa\u0142a Meble\u201c G80K drebul\u0117s baltos blizgios spalvos vir\u0161utin\u0117 virtuv\u0117s spintel\u0117 \u2013 puikus pasirinkimas modernaus stiliaus m\u0117g\u0117jams. Minimalistinis dizainas kartu su eleganti\u0161ka balta blizgia priekine dalimi sukuria i\u0161skirtinai lengv\u0105 ir modern\u0173 vaizd\u0105, suteikdamas bet kuriai virtuvei unikalaus charakterio.<\/p>\n<p>\u0160ios spintel\u0117s estetinis patrauklumas neatsiejamas nuo jos funkcionalumo. Spintel\u0117s matmenys pritaikyti prie standartini\u0173 tipin\u0117s virtuv\u0117s poreiki\u0173, tod\u0117l ji suteikia daug vietos svarbiausiems virtuv\u0117s priedams laikyti neu\u017eimant per daug vietos. Ji puikiai tiks bet kurioje virtuv\u0117je, suteikdama funkcionalumo nepakenkiant estetikai.<\/p>\n<p>\u0160ios spintel\u0117s gamyboje naudojamos auk\u0161tos kokyb\u0117s MDF plok\u0161t\u0117s fasadams ir laminuotos plok\u0161t\u0117s korpusui, u\u017etikrinan\u010dios patvarum\u0105 ir atsparum\u0105 kasdieniam naudojimui. Savaime u\u017esidarantys vyriai u\u017etikrina skland\u0173 ir tyl\u0173 dureli\u0173 atidarym\u0105, kuris yra ne\u012fkainojamas kasdien naudojant, ypa\u010d derinamas su \u201eGa\u0142a Meble\u201c b\u016bdingu d\u0117mesiu detal\u0117ms.<\/p>\n<p>D\u0117l intuityvaus dizaino ir ai\u0161kiai apra\u0161yt\u0173 instrukcij\u0173 surinkimas \u201epasidaryk pats\u201c dar niekada nebuvo toks paprastas. Vir\u0161utin\u0117 virtuv\u0117s spintel\u0117 \u201eG80K Aspen\u201c yra ne tik prakti\u0161ka, bet ir i\u0161skirtinai stilinga visiems, norintiems modernizuoti savo virtuv\u0119, padaryti j\u0105 erdvesn\u0119 ir eleganti\u0161kesn\u0119. Su \u0161ia i\u0161skirtine spintele suteikite savo virtuvei \u017eavesio!<\/p>","protected":false},"excerpt":{"rendered":"<p>Plotis (cm): 80<br \/>\n\u016agis (cm): 36<br \/>\nGylis (cm): 32<\/p>","protected":false},"featured_media":157806,"comment_status":"open","ping_status":"open","template":"","meta":[],"product_brand":[],"product_cat":[9445,4106,9118],"product_tag":[],"class_list":{"0":"post-157805","1":"product","2":"type-product","3":"status-publish","4":"has-post-thumbnail","6":"product_cat-kitchen-system-aspen-white","7":"product_cat-gala-meble","8":"product_cat-kitchen-cabinets","10":"first","11":"instock","12":"purchasable","13":"product-type-simple"},"_links":{"self":[{"href":"https:\/\/baldumarket.lt\/lt\/wp-json\/wp\/v2\/product\/157805","targetHints":{"allow":["GET"]}}],"collection":[{"href":"https:\/\/baldumarket.lt\/lt\/wp-json\/wp\/v2\/product"}],"about":[{"href":"https:\/\/baldumarket.lt\/lt\/wp-json\/wp\/v2\/types\/product"}],"replies":[{"embeddable":true,"href":"https:\/\/baldumarket.lt\/lt\/wp-json\/wp\/v2\/comments?post=157805"}],"wp:featuredmedia":[{"embeddable":true,"href":"https:\/\/baldumarket.lt\/lt\/wp-json\/wp\/v2\/media\/157806"}],"wp:attachment":[{"href":"https:\/\/baldumarket.lt\/lt\/wp-json\/wp\/v2\/media?parent=157805"}],"wp:term":[{"taxonomy":"product_brand","embeddable":true,"href":"https:\/\/baldumarket.lt\/lt\/wp-json\/wp\/v2\/product_brand?post=157805"},{"taxonomy":"product_cat","embeddable":true,"href":"https:\/\/baldumarket.lt\/lt\/wp-json\/wp\/v2\/product_cat?post=157805"},{"taxonomy":"product_tag","embeddable":true,"href":"https:\/\/baldumarket.lt\/lt\/wp-json\/wp\/v2\/product_tag?post=157805"}],"curies":[{"name":"wp","href":"https:\/\/api.w.org\/{rel}","templated":true}]}}