{"id":157801,"date":"2025-12-18T23:42:00","date_gmt":"2025-12-18T20:42:00","guid":{"rendered":"https:\/\/baldumarket.lt\/product\/szafka-kuchenna-gorna-1-drzwiowa-g80k-langen-artisan\/"},"modified":"2026-02-18T11:24:54","modified_gmt":"2026-02-18T08:24:54","slug":"szafka-kuchenna-gorna-1-drzwiowa-g80k-langen-artisan","status":"publish","type":"product","link":"https:\/\/baldumarket.lt\/lt\/product\/szafka-kuchenna-gorna-1-drzwiowa-g80k-langen-artisan\/","title":{"rendered":"Vir\u0161utin\u0117 1 dur\u0173 virtuv\u0117s spintel\u0117 G80K Langen Artisan"},"content":{"rendered":"<p>\u0160i \u201eGa\u0142a Meble\u201c vir\u0161utin\u0117 virtuv\u0117s spintel\u0117 \u2013 puikus sprendimas ie\u0161kantiems eleganti\u0161ko ir funkcionalaus virtuv\u0117s papildymo. Pagaminta i\u0161 sm\u016bgiams atsparios laminuotos plok\u0161t\u0117s \u201eArtisan Oak\u201c spalvos, ji suteikia nat\u016bralumo ir \u0161ilumos bet kokiam interjerui. Subtilus medienos ra\u0161tas daro \u0161i\u0105 spintel\u0119 puikiu tiek modernaus, tiek klasikinio virtuv\u0117s dizaino papildymu.<\/p>\n<p>Kalbant apie virtuv\u0117s organizavim\u0105, \u0161i 80 cm plo\u010dio spintel\u0117 yra ne\u012fkainojama pagalbinink\u0117. Jos sumanus dizainas leid\u017eia efektyviai laikyti svarbiausius virtuv\u0117s reikmenis, i\u0161laikant eleganti\u0161k\u0105 i\u0161vaizd\u0105. 36 cm auk\u0161\u010dio ir 32 cm gylio spintel\u0117 tinka daugumai standartini\u0173 virtuvi\u0173, suteikdama pakankamai erdv\u0117s kasdieniam naudojimui.<\/p>\n<p>Spintel\u0117 pasi\u017eymi juodomis metalin\u0117mis rankenomis, kurios suteikia jai modernumo. Vertinantiems minimalistinius sprendimus, taip pat galima \u012fsigyti versij\u0105 be ranken\u0117li\u0173 su atidarymo spustel\u0117jus sistema, leid\u017eian\u010dia lengvai atidaryti spintel\u0119 nenaudojant ranken\u0117li\u0173. \u0160ios detal\u0117s spintel\u0119 daro ne tik stiling\u0105, bet ir patogi\u0105 naudoti.<\/p>\n<p>Papildomas privalumas yra savaranki\u0161kas surinkimas, leid\u017eiantis visi\u0161kai kontroliuoti montavimo proces\u0105 ir pasitenkinim\u0105 atliekant u\u017eduot\u012f patiems. D\u0117l ai\u0161ki\u0173 instrukcij\u0173 ir gerai apgalvoto dizaino surinkimas yra greitas ir be r\u016bpes\u010di\u0173. \u201eLangen Artisan\u201c spintel\u0117 yra puikus pasirinkimas tiems, kurie vertina estetik\u0105 ir funkcionalum\u0105 viename.<\/p>","protected":false},"excerpt":{"rendered":"<p>Plotis (cm): 80<br \/>\n\u016agis (cm): 36<br \/>\nGylis (cm): 32<\/p>","protected":false},"featured_media":157802,"comment_status":"open","ping_status":"open","template":"","meta":[],"product_brand":[],"product_cat":[9442,4106],"product_tag":[],"class_list":{"0":"post-157801","1":"product","2":"type-product","3":"status-publish","4":"has-post-thumbnail","6":"product_cat-kitchen-system-langen-dab-artisan","7":"product_cat-gala-meble","9":"first","10":"instock","11":"purchasable","12":"product-type-simple"},"_links":{"self":[{"href":"https:\/\/baldumarket.lt\/lt\/wp-json\/wp\/v2\/product\/157801","targetHints":{"allow":["GET"]}}],"collection":[{"href":"https:\/\/baldumarket.lt\/lt\/wp-json\/wp\/v2\/product"}],"about":[{"href":"https:\/\/baldumarket.lt\/lt\/wp-json\/wp\/v2\/types\/product"}],"replies":[{"embeddable":true,"href":"https:\/\/baldumarket.lt\/lt\/wp-json\/wp\/v2\/comments?post=157801"}],"wp:featuredmedia":[{"embeddable":true,"href":"https:\/\/baldumarket.lt\/lt\/wp-json\/wp\/v2\/media\/157802"}],"wp:attachment":[{"href":"https:\/\/baldumarket.lt\/lt\/wp-json\/wp\/v2\/media?parent=157801"}],"wp:term":[{"taxonomy":"product_brand","embeddable":true,"href":"https:\/\/baldumarket.lt\/lt\/wp-json\/wp\/v2\/product_brand?post=157801"},{"taxonomy":"product_cat","embeddable":true,"href":"https:\/\/baldumarket.lt\/lt\/wp-json\/wp\/v2\/product_cat?post=157801"},{"taxonomy":"product_tag","embeddable":true,"href":"https:\/\/baldumarket.lt\/lt\/wp-json\/wp\/v2\/product_tag?post=157801"}],"curies":[{"name":"wp","href":"https:\/\/api.w.org\/{rel}","templated":true}]}}