{"id":157792,"date":"2025-12-18T23:41:42","date_gmt":"2025-12-18T20:41:42","guid":{"rendered":"https:\/\/baldumarket.lt\/product\/szafka-kuchenna-gorna-1-drzwiowa-g80k-langen-grey\/"},"modified":"2026-02-18T11:24:38","modified_gmt":"2026-02-18T08:24:38","slug":"szafka-kuchenna-gorna-1-drzwiowa-g80k-langen-grey","status":"publish","type":"product","link":"https:\/\/baldumarket.lt\/lt\/product\/szafka-kuchenna-gorna-1-drzwiowa-g80k-langen-grey\/","title":{"rendered":"Vir\u0161utin\u0117 1 dur\u0173 virtuv\u0117s spintel\u0117 G80K Langen Gray"},"content":{"rendered":"<p>Atraskite elegancij\u0105 ir stili\u0173 su m\u016bs\u0173 \u201eGa\u0142a Meble\u201c \u201eLangen Grey G80K\u201c vir\u0161utine virtuv\u0117s spintele. \u0160i unikali spintel\u0117 derina modern\u0173 dizain\u0105 ir funkcionalum\u0105, puikiai papildydama bet kok\u012f virtuv\u0117s interjer\u0105. Matin\u0117 pilka priekin\u0117 dalis ir \u201eArtisan Oak\u201c korpusas suteikia jai unikal\u0173 charakter\u012f, subtilumo ir nat\u016bralumo derin\u012f.<\/p>\n<p>\u201eLangen Grey\u201c spintel\u0117 \u2013 puikus sprendimas tiems, kurie vertina estetik\u0105 ir prakti\u0161kum\u0105. D\u0117l kompakti\u0161k\u0173 matmen\u0173 (80 cm plo\u010dio, 36 cm auk\u0161\u010dio ir 32 cm gylio) ji puikiai tinka net ir ma\u017eesn\u0117ms erdv\u0117ms, tuo pa\u010diu suteikdama daug vietos virtuv\u0117s reikmenims laikyti.<\/p>\n<p>Auk\u0161tos kokyb\u0117s med\u017eiagos, naudojamos spintel\u0117s konstrukcijoje \u2013 laminuota plok\u0161t\u0117 ir MDF \u2013 u\u017etikrina atsparum\u0105 pa\u017eeidimams ir ilgaam\u017ei\u0161kum\u0105. Juoda metalin\u0117 rankena suteikia modernumo, pabr\u0117\u017eiant minimalistin\u012f spintel\u0117s stili\u0173, o pasirenkama atidarymo stumiant sistema leid\u017eia sukurti modern\u0173 dizain\u0105 be ranken\u0117li\u0173.<\/p>\n<p>Surinkimas paprastas ir nereikalauja speciali\u0173 \u012franki\u0173, tod\u0117l tai puikus pasirinkimas tiek patyrusiems \u201epasidaryk pats\u201c entuziastams, tiek tiems, kurie tik pradeda surinkti baldus. Su m\u016bs\u0173 unikalia \u201eLangen Grey G80K\u201c spintele suteikite savo virtuvei modernumo ir elegancijos.<\/p>","protected":false},"excerpt":{"rendered":"<p>Plotis (cm): 80<br \/>\n\u016agis (cm): 36<br \/>\nGylis (cm): 32<\/p>","protected":false},"featured_media":157793,"comment_status":"open","ping_status":"open","template":"","meta":[],"product_brand":[],"product_cat":[9442,4106],"product_tag":[],"class_list":{"0":"post-157792","1":"product","2":"type-product","3":"status-publish","4":"has-post-thumbnail","6":"product_cat-kitchen-system-langen-dab-artisan","7":"product_cat-gala-meble","9":"first","10":"instock","11":"purchasable","12":"product-type-simple"},"_links":{"self":[{"href":"https:\/\/baldumarket.lt\/lt\/wp-json\/wp\/v2\/product\/157792","targetHints":{"allow":["GET"]}}],"collection":[{"href":"https:\/\/baldumarket.lt\/lt\/wp-json\/wp\/v2\/product"}],"about":[{"href":"https:\/\/baldumarket.lt\/lt\/wp-json\/wp\/v2\/types\/product"}],"replies":[{"embeddable":true,"href":"https:\/\/baldumarket.lt\/lt\/wp-json\/wp\/v2\/comments?post=157792"}],"wp:featuredmedia":[{"embeddable":true,"href":"https:\/\/baldumarket.lt\/lt\/wp-json\/wp\/v2\/media\/157793"}],"wp:attachment":[{"href":"https:\/\/baldumarket.lt\/lt\/wp-json\/wp\/v2\/media?parent=157792"}],"wp:term":[{"taxonomy":"product_brand","embeddable":true,"href":"https:\/\/baldumarket.lt\/lt\/wp-json\/wp\/v2\/product_brand?post=157792"},{"taxonomy":"product_cat","embeddable":true,"href":"https:\/\/baldumarket.lt\/lt\/wp-json\/wp\/v2\/product_cat?post=157792"},{"taxonomy":"product_tag","embeddable":true,"href":"https:\/\/baldumarket.lt\/lt\/wp-json\/wp\/v2\/product_tag?post=157792"}],"curies":[{"name":"wp","href":"https:\/\/api.w.org\/{rel}","templated":true}]}}