{"id":157787,"date":"2025-12-18T23:41:33","date_gmt":"2025-12-18T20:41:33","guid":{"rendered":"https:\/\/baldumarket.lt\/product\/szafka-kuchenna-gorna-1-drzwiowa-g80k-linea-grey-szary-mat\/"},"modified":"2026-02-18T11:33:31","modified_gmt":"2026-02-18T08:33:31","slug":"szafka-kuchenna-gorna-1-drzwiowa-g80k-linea-grey-szary-mat","status":"publish","type":"product","link":"https:\/\/baldumarket.lt\/lt\/product\/szafka-kuchenna-gorna-1-drzwiowa-g80k-linea-grey-szary-mat\/","title":{"rendered":"G80K Linea pilka 1 dur\u0173 vir\u0161utin\u0117 virtuv\u0117s spintel\u0117"},"content":{"rendered":"<p>Suteikite savo virtuvei elegancijos su garsaus \u201eGa\u0142a Meble\u201c prek\u0117s \u017eenklo vien\u0173 dureli\u0173 vir\u0161utine virtuv\u0117s spintele \u201eG80K Linea Grey\u201c. Modernus dizainas derina blizgi\u0105 pilk\u0105 priekin\u0119 dal\u012f su matin\u0117s baltos spalvos korpusu, sukurdamas harmoning\u0105 kompozicij\u0105, puikiai atitinkan\u010di\u0105 dabartines interjero dizaino tendencijas. \u0160i spintel\u0117 ne tik pagerins j\u016bs\u0173 virtuv\u0117s estetik\u0105, bet ir suteiks prabangos. D\u0117l tvirt\u0173 med\u017eiag\u0173, \u012fskaitant MDF priekin\u0119 dal\u012f ir laminuot\u0105 korpus\u0105, \u0161i spintel\u0117 ne tik atrodo stilingai, bet ir yra auk\u0161tos kokyb\u0117s bei patvari. Sodri blizgi pilka apdaila gra\u017eiai atspindi \u0161vies\u0105, suteikdama erdvei elegancijos ir vizualinio lengvumo. Pasirinkus \u0161\u012f model\u012f, j\u016bs investuojate \u012f ilgalaik\u0119 j\u016bs\u0173 virtuv\u0117s estetik\u0105 ir funkcionalum\u0105. \u201eG80K Linea Grey\u201c spintel\u0117s funkcionalumas u\u017etikrina patog\u0173 kasdien\u012f naudojim\u0105. Savaime u\u017esidarantys vyriai u\u017etikrina tyl\u0173 ir skland\u0173 u\u017esidarym\u0105, o tai ne\u012fkainojama atliekant kasdienius virtuv\u0117s darbus. Prakti\u0161kumas ir funkcionalumas yra savyb\u0117s, kurias \u012fvertins kiekvienas patogaus maisto gaminimo entuziastas.<\/p>","protected":false},"excerpt":{"rendered":"<p>Plotis (cm): 80<br \/>\n\u016agis (cm): 36<br \/>\nGylis (cm): 32<\/p>","protected":false},"featured_media":157788,"comment_status":"open","ping_status":"open","template":"","meta":[],"product_brand":[],"product_cat":[9446,4106],"product_tag":[],"class_list":{"0":"post-157787","1":"product","2":"type-product","3":"status-publish","4":"has-post-thumbnail","6":"product_cat-kitchen-system-linea-white","7":"product_cat-gala-meble","9":"first","10":"instock","11":"purchasable","12":"product-type-simple"},"_links":{"self":[{"href":"https:\/\/baldumarket.lt\/lt\/wp-json\/wp\/v2\/product\/157787","targetHints":{"allow":["GET"]}}],"collection":[{"href":"https:\/\/baldumarket.lt\/lt\/wp-json\/wp\/v2\/product"}],"about":[{"href":"https:\/\/baldumarket.lt\/lt\/wp-json\/wp\/v2\/types\/product"}],"replies":[{"embeddable":true,"href":"https:\/\/baldumarket.lt\/lt\/wp-json\/wp\/v2\/comments?post=157787"}],"wp:featuredmedia":[{"embeddable":true,"href":"https:\/\/baldumarket.lt\/lt\/wp-json\/wp\/v2\/media\/157788"}],"wp:attachment":[{"href":"https:\/\/baldumarket.lt\/lt\/wp-json\/wp\/v2\/media?parent=157787"}],"wp:term":[{"taxonomy":"product_brand","embeddable":true,"href":"https:\/\/baldumarket.lt\/lt\/wp-json\/wp\/v2\/product_brand?post=157787"},{"taxonomy":"product_cat","embeddable":true,"href":"https:\/\/baldumarket.lt\/lt\/wp-json\/wp\/v2\/product_cat?post=157787"},{"taxonomy":"product_tag","embeddable":true,"href":"https:\/\/baldumarket.lt\/lt\/wp-json\/wp\/v2\/product_tag?post=157787"}],"curies":[{"name":"wp","href":"https:\/\/api.w.org\/{rel}","templated":true}]}}