{"id":157782,"date":"2025-12-18T23:41:23","date_gmt":"2025-12-18T20:41:23","guid":{"rendered":"https:\/\/baldumarket.lt\/product\/szafka-kuchenna-gorna-1-drzwiowa-g80k-linea-white-bialy-mat\/"},"modified":"2026-02-18T11:33:31","modified_gmt":"2026-02-18T08:33:31","slug":"szafka-kuchenna-gorna-1-drzwiowa-g80k-linea-white-bialy-mat","status":"publish","type":"product","link":"https:\/\/baldumarket.lt\/lt\/product\/szafka-kuchenna-gorna-1-drzwiowa-g80k-linea-white-bialy-mat\/","title":{"rendered":"Vir\u0161utin\u0117 1 dur\u0173 virtuv\u0117s spintel\u0117 G80K Linea balta matin\u0117"},"content":{"rendered":"<p>Pakeiskite savo virtuv\u0119 su eleganti\u0161ka \u201eLinea White G80K\u201c vir\u0161utine virtuv\u0117s spintele su gra\u017eia matine balta apdaila. \u0160is stilingas \u201eGa\u0142a Meble\u201c baldas suteiks j\u016bs\u0173 interjerui unikalaus charakterio ir modernaus lengvumo. Balta apdaila puikiai dera su \u012fvairiais virtuv\u0117s i\u0161d\u0117stymais, suteikdama gaivos ir erdv\u0117s poj\u016bt\u012f. Matiniai fasadai, pagaminti i\u0161 auk\u0161tos kokyb\u0117s MDF, pabr\u0117\u017eia minimalistin\u012f dizain\u0105, kuris yra ne tik madingas, bet ir prakti\u0161kas. Lyg\u0173 pavir\u0161i\u0173 lengva valyti, tod\u0117l spintel\u0119 pri\u017ei\u016br\u0117ti nepriekai\u0161tingos b\u016bkl\u0117s paprasta ir patogu. Rafinuotos detal\u0117s, tokios kaip auksin\u0117s metalin\u0117s rankenos, suteikia prabangos ir elegancijos, sukurdamos erdv\u0119, kuri d\u017eiugina kiekvien\u0105 dien\u0105. \u0160ios spintel\u0117s su \u0161velnaus u\u017edarymo mechanizmu funkcionalumas u\u017etikrina kasdienio naudojimo komfort\u0105. Tyl\u016bs vyriai leid\u017eia skland\u017eiai ir tyliai atidaryti ir u\u017edaryti duris \u2013 tai savyb\u0117, kuri\u0105 ypa\u010d vertina atviro plano virtuv\u0117s gyventojai. Prakti\u0161kas spintel\u0117s vidaus i\u0161d\u0117stymas leid\u017eia lengvai laikyti b\u016btiniausius virtuv\u0117s reikmenis ir maisto produktus.<\/p>","protected":false},"excerpt":{"rendered":"<p>Plotis (cm): 80<br \/>\n\u016agis (cm): 36<br \/>\nGylis (cm): 32<\/p>","protected":false},"featured_media":157783,"comment_status":"open","ping_status":"open","template":"","meta":[],"product_brand":[],"product_cat":[9446,4106],"product_tag":[],"class_list":{"0":"post-157782","1":"product","2":"type-product","3":"status-publish","4":"has-post-thumbnail","6":"product_cat-kitchen-system-linea-white","7":"product_cat-gala-meble","9":"first","10":"instock","11":"purchasable","12":"product-type-simple"},"_links":{"self":[{"href":"https:\/\/baldumarket.lt\/lt\/wp-json\/wp\/v2\/product\/157782","targetHints":{"allow":["GET"]}}],"collection":[{"href":"https:\/\/baldumarket.lt\/lt\/wp-json\/wp\/v2\/product"}],"about":[{"href":"https:\/\/baldumarket.lt\/lt\/wp-json\/wp\/v2\/types\/product"}],"replies":[{"embeddable":true,"href":"https:\/\/baldumarket.lt\/lt\/wp-json\/wp\/v2\/comments?post=157782"}],"wp:featuredmedia":[{"embeddable":true,"href":"https:\/\/baldumarket.lt\/lt\/wp-json\/wp\/v2\/media\/157783"}],"wp:attachment":[{"href":"https:\/\/baldumarket.lt\/lt\/wp-json\/wp\/v2\/media?parent=157782"}],"wp:term":[{"taxonomy":"product_brand","embeddable":true,"href":"https:\/\/baldumarket.lt\/lt\/wp-json\/wp\/v2\/product_brand?post=157782"},{"taxonomy":"product_cat","embeddable":true,"href":"https:\/\/baldumarket.lt\/lt\/wp-json\/wp\/v2\/product_cat?post=157782"},{"taxonomy":"product_tag","embeddable":true,"href":"https:\/\/baldumarket.lt\/lt\/wp-json\/wp\/v2\/product_tag?post=157782"}],"curies":[{"name":"wp","href":"https:\/\/api.w.org\/{rel}","templated":true}]}}