{"id":157771,"date":"2025-12-18T23:40:57","date_gmt":"2025-12-18T20:40:57","guid":{"rendered":"https:\/\/baldumarket.lt\/product\/szafka-kuchenna-gorna-1-drzwiowa-g80k-sycylia-andersen\/"},"modified":"2026-02-06T12:47:03","modified_gmt":"2026-02-06T09:47:03","slug":"szafka-kuchenna-gorna-1-drzwiowa-g80k-sycylia-andersen","status":"publish","type":"product","link":"https:\/\/baldumarket.lt\/lt\/product\/szafka-kuchenna-gorna-1-drzwiowa-g80k-sycylia-andersen\/","title":{"rendered":"Vir\u0161utin\u0117 1 dur\u0173 virtuv\u0117s spintel\u0117 G80K Sicily Andersen"},"content":{"rendered":"<p>Atraskite i\u0161skirtin\u0119 elegancij\u0105 ir funkcionalum\u0105 su \u201eSycylia Andersen\u201c vir\u0161utine virtuv\u0117s spintele i\u0161 garsaus \u201eGa\u0142a Meble\u201c prek\u0117s \u017eenklo. \u0160i spintel\u0117 \u2013 puikus sprendimas tiems, kurie nori savo virtuvei suteikti stilingo akcento. Nuostabus \u201eAndersen\u201c pu\u0161ies MDF fasadas harmoningai dera su matin\u0117s baltos spalvos korpusu, suteikdamas interjerui \u0161ilumos ir jaukumo. Estetika \u2013 ne viskas \u2013 m\u016bs\u0173 spintel\u0117 taip pat si\u016blo kasdien\u012f prakti\u0161kum\u0105. D\u0117l gerai apgalvoto dizaino joje lengvai tilps visi b\u016btini virtuv\u0117s reikmenys, u\u017etikrinant lengv\u0105 prieig\u0105 prie j\u0173. Universalus 80 cm plo\u010dio spintel\u0117s dizainas puikiai tinka bet kokiai virtuvei, nepriklausomai nuo vyraujan\u010dio interjero stiliaus. Spintel\u0117s funkcionalum\u0105 sustiprina eleganti\u0161ka sidabrin\u0117 plastikin\u0117 rankena, kuri ne tik puikiai atrodo, bet ir yra itin patogi naudoti. Subalansuot\u0173 proporcij\u0173 ir lieknos formos vir\u0161utin\u0117 spintel\u0117 \u201eSycylia Andersen\u201c suteikia kambariui pusiausvyr\u0105 ir erdv\u0117s poj\u016bt\u012f, o tai labai svarbu da\u017enai naudojamoje virtuv\u0117s erdv\u0117je.<\/p>","protected":false},"excerpt":{"rendered":"<p>Plotis (cm): 80<br \/>\n\u016agis (cm): 36<br \/>\nGylis (cm): 32<\/p>","protected":false},"featured_media":157772,"comment_status":"open","ping_status":"open","template":"","meta":[],"product_brand":[],"product_cat":[9440,9441,4106,9118],"product_tag":[],"class_list":{"0":"post-157771","1":"product","2":"type-product","3":"status-publish","4":"has-post-thumbnail","6":"product_cat-kitchen-system-sycylia-sosna-andersen","7":"product_cat-white","8":"product_cat-gala-meble","9":"product_cat-kitchen-cabinets","11":"first","12":"instock","13":"purchasable","14":"product-type-simple"},"_links":{"self":[{"href":"https:\/\/baldumarket.lt\/lt\/wp-json\/wp\/v2\/product\/157771","targetHints":{"allow":["GET"]}}],"collection":[{"href":"https:\/\/baldumarket.lt\/lt\/wp-json\/wp\/v2\/product"}],"about":[{"href":"https:\/\/baldumarket.lt\/lt\/wp-json\/wp\/v2\/types\/product"}],"replies":[{"embeddable":true,"href":"https:\/\/baldumarket.lt\/lt\/wp-json\/wp\/v2\/comments?post=157771"}],"wp:featuredmedia":[{"embeddable":true,"href":"https:\/\/baldumarket.lt\/lt\/wp-json\/wp\/v2\/media\/157772"}],"wp:attachment":[{"href":"https:\/\/baldumarket.lt\/lt\/wp-json\/wp\/v2\/media?parent=157771"}],"wp:term":[{"taxonomy":"product_brand","embeddable":true,"href":"https:\/\/baldumarket.lt\/lt\/wp-json\/wp\/v2\/product_brand?post=157771"},{"taxonomy":"product_cat","embeddable":true,"href":"https:\/\/baldumarket.lt\/lt\/wp-json\/wp\/v2\/product_cat?post=157771"},{"taxonomy":"product_tag","embeddable":true,"href":"https:\/\/baldumarket.lt\/lt\/wp-json\/wp\/v2\/product_tag?post=157771"}],"curies":[{"name":"wp","href":"https:\/\/api.w.org\/{rel}","templated":true}]}}