{"id":157766,"date":"2025-12-18T23:40:47","date_gmt":"2025-12-18T20:40:47","guid":{"rendered":"https:\/\/baldumarket.lt\/product\/szafka-kuchenna-gorna-1-drzwiowa-g80k-sycylia-orzech\/"},"modified":"2026-02-08T12:29:28","modified_gmt":"2026-02-08T09:29:28","slug":"szafka-kuchenna-gorna-1-drzwiowa-g80k-sycylia-orzech","status":"publish","type":"product","link":"https:\/\/baldumarket.lt\/lt\/product\/szafka-kuchenna-gorna-1-drzwiowa-g80k-sycylia-orzech\/","title":{"rendered":"Vir\u0161utin\u0117 virtuv\u0117s spintel\u0117, 1 dur\u0173, G80K, Sicilijos rie\u0161utmedis"},"content":{"rendered":"<p>\u012e j\u016bs\u0173 virtuv\u0119 atne\u0161ame elegancijos paprastum\u0105 su Sicilijos prieskoniu. M\u016bs\u0173 vien\u0173 dureli\u0173 vir\u0161utin\u0117 virtuv\u0117s spintel\u0117 \u2013 tai rafinuoto stiliaus ir prakti\u0161kumo esm\u0117, subtiliai integruojama \u012f bet koki\u0105 virtuv\u0117s erdv\u0119. Pagaminta i\u0161 auk\u0161tos kokyb\u0117s med\u017eiag\u0173, Milano rie\u0161utmed\u017eio fasadas suteikia \u0161ilumos ir nat\u016bralios elegancijos, sukurdamas tobul\u0105 fon\u0105 kasdien\u0117ms akimirkoms, praleistoms nam\u0173 \u0161irdyje. \u0160i spintel\u0117 \u2013 puikus pasirinkimas tiems, kurie vertina stili\u0173 ir funkcionalum\u0105. Kompakti\u0161ki matmenys suteikia neribotas pritaikymo galimybes \u2013 idealiai tinka tiek erdvioms virtuv\u0117ms, tiek ma\u017eesn\u0117ms virtuv\u0117l\u0117ms. Spintel\u0117 puikiai dera su kitais Sicily kolekcijos elementais, leisdama laisvai kurti erdv\u0119 pagal savo pageidavimus. Harmoning\u0105 dizain\u0105 pabr\u0117\u017eia sidabrin\u0117s plastikin\u0117s rankenos, kurios suteikia modernumo neprarandant klasikin\u0117s elegancijos. Patikima MDF ir laminato konstrukcija rodo gaminio patvarum\u0105, kuris daugel\u012f met\u0173 d\u017eiugins ak\u012f savo nekintan\u010dia estetika. Kiekvienas \u0161ios spintel\u0117s elementas buvo kruop\u0161\u010diai sukurtas, siekiant sukurti subtilios prabangos \u012fsp\u016bd\u012f.<\/p>","protected":false},"excerpt":{"rendered":"<p>Plotis (cm): 80<br \/>\n\u016agis (cm): 36<br \/>\nGylis (cm): 32<\/p>","protected":false},"featured_media":157767,"comment_status":"open","ping_status":"open","template":"","meta":[],"product_brand":[],"product_cat":[9450,1043,4106],"product_tag":[],"class_list":{"0":"post-157766","1":"product","2":"type-product","3":"status-publish","4":"has-post-thumbnail","6":"product_cat-kitchen-system-sycylia-orzech-milano","7":"product_cat-extras","8":"product_cat-gala-meble","10":"first","11":"instock","12":"purchasable","13":"product-type-simple"},"_links":{"self":[{"href":"https:\/\/baldumarket.lt\/lt\/wp-json\/wp\/v2\/product\/157766","targetHints":{"allow":["GET"]}}],"collection":[{"href":"https:\/\/baldumarket.lt\/lt\/wp-json\/wp\/v2\/product"}],"about":[{"href":"https:\/\/baldumarket.lt\/lt\/wp-json\/wp\/v2\/types\/product"}],"replies":[{"embeddable":true,"href":"https:\/\/baldumarket.lt\/lt\/wp-json\/wp\/v2\/comments?post=157766"}],"wp:featuredmedia":[{"embeddable":true,"href":"https:\/\/baldumarket.lt\/lt\/wp-json\/wp\/v2\/media\/157767"}],"wp:attachment":[{"href":"https:\/\/baldumarket.lt\/lt\/wp-json\/wp\/v2\/media?parent=157766"}],"wp:term":[{"taxonomy":"product_brand","embeddable":true,"href":"https:\/\/baldumarket.lt\/lt\/wp-json\/wp\/v2\/product_brand?post=157766"},{"taxonomy":"product_cat","embeddable":true,"href":"https:\/\/baldumarket.lt\/lt\/wp-json\/wp\/v2\/product_cat?post=157766"},{"taxonomy":"product_tag","embeddable":true,"href":"https:\/\/baldumarket.lt\/lt\/wp-json\/wp\/v2\/product_tag?post=157766"}],"curies":[{"name":"wp","href":"https:\/\/api.w.org\/{rel}","templated":true}]}}