{"id":157761,"date":"2025-12-18T23:40:37","date_gmt":"2025-12-18T20:40:37","guid":{"rendered":"https:\/\/baldumarket.lt\/product\/szafka-kuchenna-gorna-1-drzwiowa-langen-beige-g45g\/"},"modified":"2026-02-18T11:24:38","modified_gmt":"2026-02-18T08:24:38","slug":"szafka-kuchenna-gorna-1-drzwiowa-langen-beige-g45g","status":"publish","type":"product","link":"https:\/\/baldumarket.lt\/lt\/product\/szafka-kuchenna-gorna-1-drzwiowa-langen-beige-g45g\/","title":{"rendered":"Vir\u0161utin\u0117 1 dur\u0173 virtuv\u0117s spintel\u0117 Langen Beige G45G"},"content":{"rendered":"<p>Pakeiskite savo virtuv\u0117s i\u0161vaizd\u0105 su \u201eGa\u0142a Meble\u201c \u201eLangen Beige G45G\u201c vir\u0161utine virtuv\u0117s spintele, kurioje dera eleganti\u0161kas dizainas ir funkcionalumas. Subtilus, matin\u0117s sm\u0117lio spalvos fasadas suteikia j\u016bs\u0173 interjerui sant\u016braus elegancijos, puikiai papildydamas \u0161ilt\u0105 \u201eArtisan Oak\u201c korpus\u0105. \u0160is tobulas spalv\u0173 derinys sukurs harmoning\u0105 ir moderni\u0105 atmosfer\u0105 j\u016bs\u0173 virtuv\u0117je, tapdamas puikiu pagrindu tolesniam dizainui. \u0160ios spintel\u0117s pagrindinis elementas \u2013 unikali juodo metalo rankena, kuri ne tik suteikia i\u0161skirtinumo, bet ir palengvina kasdien\u012f naudojim\u0105. D\u0117l \u0161i\u0173 detali\u0173 baldas yra ne tik ak\u012f traukiantis, bet ir prakti\u0161kas kasdieniame gyvenime. Tai puikus pasirinkimas tiems, kurie vertina unikalius sprendimus, pabr\u0117\u017eian\u010dius individual\u0173 j\u0173 virtuv\u0117s stili\u0173. Funkcionalumas yra dar vienas \u201eLangen\u201c spintel\u0117s privalumas. Jos ergonomi\u0161kas dizainas, kurio plotis \u2013 45 cm, auk\u0161tis \u2013 72 cm, o gylis \u2013 45 cm, buvo sukurtas atsi\u017evelgiant \u012f maksimal\u0173 erdv\u0117s i\u0161naudojim\u0105. Tai rei\u0161kia, kad joje tilps viskas, ko reikia maistui ruo\u0161ti, o erdv\u0117 bus sutvarkyta taip, kad b\u016bt\u0173 lengviau gyventi.<\/p>","protected":false},"excerpt":{"rendered":"<p>Plotis (cm): 45<br \/>\n\u016agis (cm): 72<br \/>\nGylis (cm): 45<\/p>","protected":false},"featured_media":157762,"comment_status":"open","ping_status":"open","template":"","meta":[],"product_brand":[],"product_cat":[9442,4106],"product_tag":[],"class_list":{"0":"post-157761","1":"product","2":"type-product","3":"status-publish","4":"has-post-thumbnail","6":"product_cat-kitchen-system-langen-dab-artisan","7":"product_cat-gala-meble","9":"first","10":"instock","11":"purchasable","12":"product-type-simple"},"_links":{"self":[{"href":"https:\/\/baldumarket.lt\/lt\/wp-json\/wp\/v2\/product\/157761","targetHints":{"allow":["GET"]}}],"collection":[{"href":"https:\/\/baldumarket.lt\/lt\/wp-json\/wp\/v2\/product"}],"about":[{"href":"https:\/\/baldumarket.lt\/lt\/wp-json\/wp\/v2\/types\/product"}],"replies":[{"embeddable":true,"href":"https:\/\/baldumarket.lt\/lt\/wp-json\/wp\/v2\/comments?post=157761"}],"wp:featuredmedia":[{"embeddable":true,"href":"https:\/\/baldumarket.lt\/lt\/wp-json\/wp\/v2\/media\/157762"}],"wp:attachment":[{"href":"https:\/\/baldumarket.lt\/lt\/wp-json\/wp\/v2\/media?parent=157761"}],"wp:term":[{"taxonomy":"product_brand","embeddable":true,"href":"https:\/\/baldumarket.lt\/lt\/wp-json\/wp\/v2\/product_brand?post=157761"},{"taxonomy":"product_cat","embeddable":true,"href":"https:\/\/baldumarket.lt\/lt\/wp-json\/wp\/v2\/product_cat?post=157761"},{"taxonomy":"product_tag","embeddable":true,"href":"https:\/\/baldumarket.lt\/lt\/wp-json\/wp\/v2\/product_tag?post=157761"}],"curies":[{"name":"wp","href":"https:\/\/api.w.org\/{rel}","templated":true}]}}