{"id":157757,"date":"2025-12-18T23:40:29","date_gmt":"2025-12-18T20:40:29","guid":{"rendered":"https:\/\/baldumarket.lt\/product\/szafka-kuchenna-gorna-1-drzwiowa-lewa-g30-l-aspen-grey-szary-polysk\/"},"modified":"2026-02-08T10:19:26","modified_gmt":"2026-02-08T07:19:26","slug":"szafka-kuchenna-gorna-1-drzwiowa-lewa-g30-l-aspen-grey-szary-polysk","status":"publish","type":"product","link":"https:\/\/baldumarket.lt\/lt\/product\/szafka-kuchenna-gorna-1-drzwiowa-lewa-g30-l-aspen-grey-szary-polysk\/","title":{"rendered":"Vir\u0161utin\u0117 virtuv\u0117s spintel\u0117, 1 dur\u0173, kair\u0117, G30-L, drebul\u0117s pilkumo, blizgi"},"content":{"rendered":"<p>Sukurkite elegancijos ir modernumo erdv\u0119 savo virtuv\u0117je su G30-L vien\u0173 dureli\u0173 kairi\u0105ja vir\u0161utine blizgios pilkos spalvos \u201eGa\u0142a Meble\u201c virtuv\u0117s spintele. \u0160is stilingas baldas traukia d\u0117mes\u012f savo unikaliu dizainu, puikiai papildydamas tiek klasikin\u012f, tiek modern\u0173 interjero dizain\u0105. Blizgi pilka fasadas suteikia kambariui subtilios elegancijos, kuri lengvai \u012fsilieja \u012f \u012fvairius interjerus.<\/p>\n<p>Dar vienas \u0161ios spintel\u0117s privalumas \u2013 prakti\u0161kumas kasdien naudojant. Auk\u0161tos kokyb\u0117s med\u017eiag\u0173, toki\u0173 kaip MDF priekin\u0117 dalis ir laminuota plok\u0161t\u0117 korpusas, panaudojimas u\u017etikrina ne tik ilgaam\u017ei\u0161kum\u0105, bet ir lengv\u0105 valym\u0105. Tai idealus sprendimas tiems, kurie vertina komfort\u0105 ir estetik\u0105.<\/p>\n<p>D\u0117l prakti\u0161ko vidaus i\u0161planavimo, kuris leid\u017eia optimaliai organizuoti erdv\u0119, j\u016bs\u0173 virtuv\u0117 \u012fgis nauj\u0105 funkcionalumo dimensij\u0105. Savaime u\u017esidaran\u010di\u0173 vyri\u0173 naudojimas dar labiau padidina komfort\u0105, leisdamas durel\u0117ms u\u017esidaryti skland\u017eiai ir tyliai. Tai puikus pasirinkimas tiems, kurie vertina novatori\u0161kus sprendimus kasdieniame naudojime.<\/p>\n<p>G30-L \u201epasidaryk pats\u201c spintel\u0117s surinkimas yra paprastas ir nereikalauja joki\u0173 speciali\u0173 \u012fg\u016bd\u017ei\u0173. Praktin\u0117s instrukcijos \u017eingsnis po \u017eingsnio pad\u0117s jums surinkti vis\u0105 surinkimo proces\u0105, tod\u0117l \u201epasidaryk pats\u201c projektas bus tikrai malonus. Matinis baltas spintel\u0117s korpuso pavir\u0161ius gra\u017eiai kontrastuoja su blizgia pilka priekine dalimi, sukurdamas harmoning\u0105 ir modern\u0173 vaizd\u0105, kuris papuo\u0161 j\u016bs\u0173 virtuv\u0119.<\/p>","protected":false},"excerpt":{"rendered":"<p>Plotis (cm): 30<br \/>\n\u016agis (cm): 72<br \/>\nGylis (cm): 32<\/p>","protected":false},"featured_media":157758,"comment_status":"open","ping_status":"open","template":"","meta":[],"product_brand":[],"product_cat":[9451,4106,9118],"product_tag":[],"class_list":{"0":"post-157757","1":"product","2":"type-product","3":"status-publish","4":"has-post-thumbnail","6":"product_cat-kitchen-system-aspen-grey","7":"product_cat-gala-meble","8":"product_cat-kitchen-cabinets","10":"first","11":"instock","12":"purchasable","13":"product-type-simple"},"_links":{"self":[{"href":"https:\/\/baldumarket.lt\/lt\/wp-json\/wp\/v2\/product\/157757","targetHints":{"allow":["GET"]}}],"collection":[{"href":"https:\/\/baldumarket.lt\/lt\/wp-json\/wp\/v2\/product"}],"about":[{"href":"https:\/\/baldumarket.lt\/lt\/wp-json\/wp\/v2\/types\/product"}],"replies":[{"embeddable":true,"href":"https:\/\/baldumarket.lt\/lt\/wp-json\/wp\/v2\/comments?post=157757"}],"wp:featuredmedia":[{"embeddable":true,"href":"https:\/\/baldumarket.lt\/lt\/wp-json\/wp\/v2\/media\/157758"}],"wp:attachment":[{"href":"https:\/\/baldumarket.lt\/lt\/wp-json\/wp\/v2\/media?parent=157757"}],"wp:term":[{"taxonomy":"product_brand","embeddable":true,"href":"https:\/\/baldumarket.lt\/lt\/wp-json\/wp\/v2\/product_brand?post=157757"},{"taxonomy":"product_cat","embeddable":true,"href":"https:\/\/baldumarket.lt\/lt\/wp-json\/wp\/v2\/product_cat?post=157757"},{"taxonomy":"product_tag","embeddable":true,"href":"https:\/\/baldumarket.lt\/lt\/wp-json\/wp\/v2\/product_tag?post=157757"}],"curies":[{"name":"wp","href":"https:\/\/api.w.org\/{rel}","templated":true}]}}