{"id":157754,"date":"2025-12-18T23:40:24","date_gmt":"2025-12-18T20:40:24","guid":{"rendered":"https:\/\/baldumarket.lt\/product\/szafka-kuchenna-gorna-1-drzwiowa-lewa-g30-l-aspen-white-bialy-polysk\/"},"modified":"2026-02-08T11:24:27","modified_gmt":"2026-02-08T08:24:27","slug":"szafka-kuchenna-gorna-1-drzwiowa-lewa-g30-l-aspen-white-bialy-polysk","status":"publish","type":"product","link":"https:\/\/baldumarket.lt\/lt\/product\/szafka-kuchenna-gorna-1-drzwiowa-lewa-g30-l-aspen-white-bialy-polysk\/","title":{"rendered":"Vir\u0161utin\u0117 virtuv\u0117s spintel\u0117, 1 dur\u0173, kair\u0117, G30-L, drebul\u0117s baltumo, blizgiai balta"},"content":{"rendered":"<p>Atraskite elegancij\u0105 ir funkcionalum\u0105 kompakti\u0161kame dizaine \u2013 G30-L virtuv\u0117s spintel\u0117 i\u0161 \u201eAspen White\u201c kolekcijos, priklausanti garsiam \u201eGa\u0142a Meble\u201c prek\u0117s \u017eenklui. Jos blizgios baltos spalvos fasadai harmoningai dera su matiniu korpusu, sukurdami subtili\u0105 erdv\u0119, kuri praskaidrins bet kuri\u0105 virtuv\u0119. \u0160i stilinga spintel\u0117 puikiai tinka moderni\u0173 sprendim\u0173 m\u0117g\u0117jams, vertinantiems estetik\u0105 ir naudojimo paprastum\u0105.<\/p>\n<p>\u201eG30-L Aspen White\u201c spintel\u0117 yra lengvos prieigos ir prakti\u0161ko laikymo pavyzdys. Patikimi savaime u\u017esidarantys vyriai u\u017etikrina tyl\u0173 veikim\u0105 ir patog\u0173 kasdien\u012f naudojim\u0105. D\u0117l kompakti\u0161k\u0173 matmen\u0173 \u0161i spintel\u0117 tampa nepakei\u010diamu elementu bet kurioje virtuv\u0117je, kur svarbus kiekvienas centimetras. Erdv\u0117s i\u0161naudojimas dar niekada nebuvo toks paprastas, tod\u0117l \u0161i spintel\u0117 idealiai tinka tiek ma\u017eoms, tiek didel\u0117ms erdv\u0117ms.<\/p>\n<p>Modernus dizainas ir ergonomika yra \u201eAspen White\u201c spintel\u0117s, kuri puikiai tinka \u012fvairiems virtuv\u0117s dizainams \u2013 nuo minimalistinio iki klasikinio. Balta spalva, \u017e\u0117rinti saul\u0117je, suteiks interjerui gaivumo ir erdvumo poj\u016bt\u012f, o funkcionali daikt\u0173 laikymo erdv\u0117 leis laikyti visus j\u016bs\u0173 virtuv\u0117s lobius. \u0160is modernus klasikinio dizaino variantas tikrai patenkins net i\u0161rankiausi\u0173 vartotoj\u0173 poreikius.<\/p>\n<p>Savaranki\u0161kai surenkama G30-L spintel\u0117 yra puikus sprendimas tiems, kurie vertina individual\u0173 pritaikym\u0105 ir k\u016brybos malonum\u0105. Auk\u0161tos kokyb\u0117s med\u017eiagos, tokios kaip MDF ir laminuota plok\u0161t\u0117, u\u017etikrina patvarum\u0105 ir patikimum\u0105 ilgus metus. Tai u\u017etikrina, kad j\u016bs\u0173 virtuv\u0117 visada atrodys nepriekai\u0161tingai ir moderniai, nepriklausomai nuo to, kaip da\u017enai ji naudojama.<\/p>","protected":false},"excerpt":{"rendered":"<p>Plotis (cm): 30<br \/>\n\u016agis (cm): 72<br \/>\nGylis (cm): 32<\/p>","protected":false},"featured_media":157755,"comment_status":"open","ping_status":"open","template":"","meta":[],"product_brand":[],"product_cat":[9445,4106,9118],"product_tag":[],"class_list":{"0":"post-157754","1":"product","2":"type-product","3":"status-publish","4":"has-post-thumbnail","6":"product_cat-kitchen-system-aspen-white","7":"product_cat-gala-meble","8":"product_cat-kitchen-cabinets","10":"first","11":"instock","12":"purchasable","13":"product-type-simple"},"_links":{"self":[{"href":"https:\/\/baldumarket.lt\/lt\/wp-json\/wp\/v2\/product\/157754","targetHints":{"allow":["GET"]}}],"collection":[{"href":"https:\/\/baldumarket.lt\/lt\/wp-json\/wp\/v2\/product"}],"about":[{"href":"https:\/\/baldumarket.lt\/lt\/wp-json\/wp\/v2\/types\/product"}],"replies":[{"embeddable":true,"href":"https:\/\/baldumarket.lt\/lt\/wp-json\/wp\/v2\/comments?post=157754"}],"wp:featuredmedia":[{"embeddable":true,"href":"https:\/\/baldumarket.lt\/lt\/wp-json\/wp\/v2\/media\/157755"}],"wp:attachment":[{"href":"https:\/\/baldumarket.lt\/lt\/wp-json\/wp\/v2\/media?parent=157754"}],"wp:term":[{"taxonomy":"product_brand","embeddable":true,"href":"https:\/\/baldumarket.lt\/lt\/wp-json\/wp\/v2\/product_brand?post=157754"},{"taxonomy":"product_cat","embeddable":true,"href":"https:\/\/baldumarket.lt\/lt\/wp-json\/wp\/v2\/product_cat?post=157754"},{"taxonomy":"product_tag","embeddable":true,"href":"https:\/\/baldumarket.lt\/lt\/wp-json\/wp\/v2\/product_tag?post=157754"}],"curies":[{"name":"wp","href":"https:\/\/api.w.org\/{rel}","templated":true}]}}