{"id":157749,"date":"2025-12-18T23:40:15","date_gmt":"2025-12-18T20:40:15","guid":{"rendered":"https:\/\/baldumarket.lt\/product\/szafka-kuchenna-gorna-1-drzwiowa-lewa-g30-l-prowansja-sosna-andersen-bialy-mat\/"},"modified":"2026-02-06T13:08:53","modified_gmt":"2026-02-06T10:08:53","slug":"szafka-kuchenna-gorna-1-drzwiowa-lewa-g30-l-prowansja-sosna-andersen-bialy-mat","status":"publish","type":"product","link":"https:\/\/baldumarket.lt\/lt\/product\/szafka-kuchenna-gorna-1-drzwiowa-lewa-g30-l-prowansja-sosna-andersen-bialy-mat\/","title":{"rendered":"Vir\u0161utin\u0117 virtuv\u0117s spintel\u0117, 1 dur\u0173, kair\u0117, G30-L, provanso pu\u0161is, Anderseno balta matin\u0117"},"content":{"rendered":"<p>Atraskite magi\u0161k\u0105 funkcionalumo ir estetikos derin\u012f, kur\u012f si\u016blo \u201eGa\u0142a Meble\u201c G30-L Provanso pu\u0161ies \u201eAndersen\u201c matin\u0117s baltos spalvos kair\u0117 vir\u0161utin\u0117 virtuv\u0117s spintel\u0117. Stilingas jos dizainas suteiks j\u016bs\u0173 virtuvei Provanso \u017eavesio ir lengvai pakeis bet kok\u012f interjer\u0105. Unikali \u201eAndersen\u201c pu\u0161ies fasadas harmoningai papildo matin\u0117s baltos spalvos korpus\u0105, tod\u0117l \u0161i spintel\u0117 yra puikus pasirinkimas klasikinio dizaino su modernumo prieskoniu m\u0117g\u0117jams. I\u0161skirtinis \u0161ios spintel\u0117s charakteris atsiskleid\u017eia kiekvienoje detal\u0117je. Matin\u0117s baltos spalvos korpusas puikiai kontrastuoja su juodomis metalin\u0117mis rankenomis, kurios ne tik suteikia elegancijos, bet ir padidina kasdienio naudojimo komfort\u0105. Savaime u\u017esidarantys vyriai u\u017etikrina skland\u0173 ir tyl\u0173 spintel\u0117s dureli\u0173 u\u017esidarym\u0105, \u017eymiai padidindami funkcionalum\u0105. Visa tai daro \u0161i\u0105 spintel\u0119 puikiu pasirinkimu tiems, kurie vertina elegancij\u0105 ir tiksl\u0173 meistri\u0161kum\u0105. \u0160ioje spintel\u0117je d\u0117mes\u012f patraukia ne tik i\u0161vaizda, bet ir puikus pasirinkimas tiems, kurie nori prakti\u0161kai i\u0161naudoti erdv\u0119. \u0160i 30 cm plo\u010dio, 72 cm auk\u0161\u010dio ir 32 cm gylio spintel\u0117 yra kompakti\u0161ka, tod\u0117l galite optimaliai i\u0161naudoti kiekvien\u0105 virtuv\u0117s centimetr\u0105. D\u0117l prakti\u0161ko dyd\u017eio galite lengvai laikyti b\u016btiniausius produktus ar virtuv\u0117s reikmenis, kad jie visada b\u016bt\u0173 pasiekiami.<\/p>","protected":false},"excerpt":{"rendered":"<p>Plotis (cm): 30<br \/>\n\u016agis (cm): 72<br \/>\nGylis (cm): 32<\/p>","protected":false},"featured_media":157750,"comment_status":"open","ping_status":"open","template":"","meta":[],"product_brand":[],"product_cat":[9444,9441,4106,9118],"product_tag":[],"class_list":{"0":"post-157749","1":"product","2":"type-product","3":"status-publish","4":"has-post-thumbnail","6":"product_cat-kitchen-system-prowansja-sosna-andersen","7":"product_cat-white","8":"product_cat-gala-meble","9":"product_cat-kitchen-cabinets","11":"first","12":"instock","13":"purchasable","14":"product-type-simple"},"_links":{"self":[{"href":"https:\/\/baldumarket.lt\/lt\/wp-json\/wp\/v2\/product\/157749","targetHints":{"allow":["GET"]}}],"collection":[{"href":"https:\/\/baldumarket.lt\/lt\/wp-json\/wp\/v2\/product"}],"about":[{"href":"https:\/\/baldumarket.lt\/lt\/wp-json\/wp\/v2\/types\/product"}],"replies":[{"embeddable":true,"href":"https:\/\/baldumarket.lt\/lt\/wp-json\/wp\/v2\/comments?post=157749"}],"wp:featuredmedia":[{"embeddable":true,"href":"https:\/\/baldumarket.lt\/lt\/wp-json\/wp\/v2\/media\/157750"}],"wp:attachment":[{"href":"https:\/\/baldumarket.lt\/lt\/wp-json\/wp\/v2\/media?parent=157749"}],"wp:term":[{"taxonomy":"product_brand","embeddable":true,"href":"https:\/\/baldumarket.lt\/lt\/wp-json\/wp\/v2\/product_brand?post=157749"},{"taxonomy":"product_cat","embeddable":true,"href":"https:\/\/baldumarket.lt\/lt\/wp-json\/wp\/v2\/product_cat?post=157749"},{"taxonomy":"product_tag","embeddable":true,"href":"https:\/\/baldumarket.lt\/lt\/wp-json\/wp\/v2\/product_tag?post=157749"}],"curies":[{"name":"wp","href":"https:\/\/api.w.org\/{rel}","templated":true}]}}