{"id":157745,"date":"2025-12-18T23:40:07","date_gmt":"2025-12-18T20:40:07","guid":{"rendered":"https:\/\/baldumarket.lt\/product\/szafka-kuchenna-gorna-1-drzwiowa-lewa-g30-l-sycylia-andersen\/"},"modified":"2026-02-06T12:47:03","modified_gmt":"2026-02-06T09:47:03","slug":"szafka-kuchenna-gorna-1-drzwiowa-lewa-g30-l-sycylia-andersen","status":"publish","type":"product","link":"https:\/\/baldumarket.lt\/lt\/product\/szafka-kuchenna-gorna-1-drzwiowa-lewa-g30-l-sycylia-andersen\/","title":{"rendered":"Vir\u0161utin\u0117 virtuv\u0117s spintel\u0117 su 1 durel\u0117mis kair\u0117je G30-L Sicily Andersen"},"content":{"rendered":"<p>Pakelkite savo virtuv\u0119 \u012f auk\u0161tesn\u012f elegancijos lyg\u012f su vien\u0173 dureli\u0173 vir\u0161utine virtuv\u0117s spintele \u201eLeft G30-L\u201c i\u0161 \u201eAndersen Sicylia\u201c kolekcijos, kuri\u0105 suk\u016br\u0117 \u201eGa\u0142a Meble\u201c. \u0160i \u017eavinga spintel\u0117 \u012fk\u016bnija modernaus dizaino esm\u0119 ir prakti\u0161k\u0105 po\u017ei\u016br\u012f \u012f virtuv\u0117s erdv\u0119. Pasirinkdami subtili\u0105 jos i\u0161vaizd\u0105, suteiksite savo interjerui i\u0161skirtinio stiliaus ir harmonijos.<\/p>\n<p>\u0160i spintel\u0117, sukurta galvojant apie i\u0161rankiausius klientus, pasi\u017eymi rafinuota i\u0161vaizda d\u0117l savo Anderseno pu\u0161ies priekio. \u0160is \u0161viesus, v\u0117sus atspalvis spinduliuoja gaivum\u0105 ir puikiai papildo matin\u0117s baltos spalvos korpus\u0105, sukurdamas subtil\u0173 kontrast\u0105, pabr\u0117\u017eiant\u012f j\u016bs\u0173 virtuv\u0117s interjero modernum\u0105 ir elegancij\u0105.<\/p>\n<p>Spintel\u0117s funkcionalumas neapsiriboja vien gro\u017eiu. D\u0117l apgalvoto dizaino ji suteikia vietos daiktams susid\u0117ti. Kompakti\u0161ki matmenys leid\u017eia j\u0105 sud\u0117ti \u012f didesn\u012f bald\u0105 neu\u017eimant daug vietos ir tuo pa\u010diu metu \u012fne\u0161ti tvarkos bei harmonijos \u012f kasdien\u012f gyvenim\u0105.<\/p>\n<p>\u0160io modelio privalumas \u2013 prakti\u0161kumas ir lengvas surinkimas, leid\u017eiantis vis\u0105 konstrukcij\u0105 surinkti patiems. Tvirta MDF ir laminuotos plok\u0161t\u0117s konstrukcija garantuoja ilgaam\u017ei\u0161kum\u0105 ir atsparum\u0105 kasdieniam naudojimui, o sidabrin\u0117 plastikin\u0117 rankena suteikia rafinuotumo. Su \u0161ia spintele j\u016bs\u0173 virtuv\u0117 taps vieta, kurioje estetika ir funkcionalumas susijungia viename tobulai suderintame elemente.<\/p>","protected":false},"excerpt":{"rendered":"<p>Plotis (cm): 30<br \/>\n\u016agis (cm): 72<br \/>\nGylis (cm): 32<\/p>","protected":false},"featured_media":157746,"comment_status":"open","ping_status":"open","template":"","meta":[],"product_brand":[],"product_cat":[9440,9441,4106,9118],"product_tag":[],"class_list":{"0":"post-157745","1":"product","2":"type-product","3":"status-publish","4":"has-post-thumbnail","6":"product_cat-kitchen-system-sycylia-sosna-andersen","7":"product_cat-white","8":"product_cat-gala-meble","9":"product_cat-kitchen-cabinets","11":"first","12":"instock","13":"purchasable","14":"product-type-simple"},"_links":{"self":[{"href":"https:\/\/baldumarket.lt\/lt\/wp-json\/wp\/v2\/product\/157745","targetHints":{"allow":["GET"]}}],"collection":[{"href":"https:\/\/baldumarket.lt\/lt\/wp-json\/wp\/v2\/product"}],"about":[{"href":"https:\/\/baldumarket.lt\/lt\/wp-json\/wp\/v2\/types\/product"}],"replies":[{"embeddable":true,"href":"https:\/\/baldumarket.lt\/lt\/wp-json\/wp\/v2\/comments?post=157745"}],"wp:featuredmedia":[{"embeddable":true,"href":"https:\/\/baldumarket.lt\/lt\/wp-json\/wp\/v2\/media\/157746"}],"wp:attachment":[{"href":"https:\/\/baldumarket.lt\/lt\/wp-json\/wp\/v2\/media?parent=157745"}],"wp:term":[{"taxonomy":"product_brand","embeddable":true,"href":"https:\/\/baldumarket.lt\/lt\/wp-json\/wp\/v2\/product_brand?post=157745"},{"taxonomy":"product_cat","embeddable":true,"href":"https:\/\/baldumarket.lt\/lt\/wp-json\/wp\/v2\/product_cat?post=157745"},{"taxonomy":"product_tag","embeddable":true,"href":"https:\/\/baldumarket.lt\/lt\/wp-json\/wp\/v2\/product_tag?post=157745"}],"curies":[{"name":"wp","href":"https:\/\/api.w.org\/{rel}","templated":true}]}}