{"id":157741,"date":"2025-12-18T23:40:00","date_gmt":"2025-12-18T20:40:00","guid":{"rendered":"https:\/\/baldumarket.lt\/product\/szafka-kuchenna-gorna-1-drzwiowa-lewa-g30-l-sycylia-orzech\/"},"modified":"2026-02-06T14:32:53","modified_gmt":"2026-02-06T11:32:53","slug":"szafka-kuchenna-gorna-1-drzwiowa-lewa-g30-l-sycylia-orzech","status":"publish","type":"product","link":"https:\/\/baldumarket.lt\/lt\/product\/szafka-kuchenna-gorna-1-drzwiowa-lewa-g30-l-sycylia-orzech\/","title":{"rendered":"Vir\u0161utin\u0117 virtuv\u0117s spintel\u0117, 1 dur\u0173, kair\u0117, G30-L, Sicily Walnut"},"content":{"rendered":"<p>I\u0161skirtinis dizainas ir elegancija susijungia vien\u0173 dureli\u0173 vir\u0161utin\u0117je virtuv\u0117s spintel\u0117je G30-L i\u0161 \u201eSicily\u201c kolekcijos. Jos eleganti\u0161ka Milano rie\u0161utmed\u017eio apdaila puikiai dera tiek su klasikiniu, tiek su moderniu interjeru. Paprastas, ta\u010diau rafinuotas stilius suteikia virtuvei charakterio, pabr\u0117\u017eiant estetik\u0105.<\/p>\n<p>\u0160i spintel\u0117 buvo sukurta siekiant sukurti funkcional\u0173 ir eleganti\u0161k\u0105 interjer\u0105. D\u0117l kompakti\u0161k\u0173 matmen\u0173 ji lengvai telpa ank\u0161tose erdv\u0117se ir tuo pa\u010diu u\u017etikrina daug vietos daiktams susid\u0117ti. Prakti\u0161kumas yra pagrindinis \u0161io baldo elementas, tod\u0117l jis nepakei\u010diamas kasdieniam naudojimui.<\/p>\n<p>Auk\u0161tos kokyb\u0117s med\u017eiag\u0173, toki\u0173 kaip MDF priekin\u0117ms dalims ir laminuotos plok\u0161t\u0117s korpusui, naudojimas u\u017etikrina patvarum\u0105 ir tvirtum\u0105, kuris tarnaus ilgus metus. Milano rie\u0161utmed\u017eio apdaila suteikia kambariui \u0161ilumos, sukuria maloni\u0105 atmosfer\u0105 ir skatina laik\u0105, praleist\u0105 virtuv\u0117je.<\/p>\n<p>Lengvas surinkimas yra dar vienas \u0161ios spintel\u0117s privalumas. Savaranki\u0161kas surinkimas leid\u017eia bet kada m\u0117gautis nauju dekoru. Stilingos sidabrin\u0117s ranken\u0117l\u0117s suteikia \u017eavesio ir prakti\u0161kumo kasdieniam naudojimui. Pasirinkite \u0161i\u0105 spintel\u0119 ir suteikite savo virtuvei klas\u0117s bei funkcionalumo.<\/p>","protected":false},"excerpt":{"rendered":"<p>Plotis (cm): 30<br \/>\n\u016agis (cm): 72<br \/>\nGylis (cm): 32<\/p>","protected":false},"featured_media":157742,"comment_status":"open","ping_status":"open","template":"","meta":[],"product_brand":[],"product_cat":[9450,4106,9118],"product_tag":[],"class_list":{"0":"post-157741","1":"product","2":"type-product","3":"status-publish","4":"has-post-thumbnail","6":"product_cat-kitchen-system-sycylia-orzech-milano","7":"product_cat-gala-meble","8":"product_cat-kitchen-cabinets","10":"first","11":"instock","12":"purchasable","13":"product-type-simple"},"_links":{"self":[{"href":"https:\/\/baldumarket.lt\/lt\/wp-json\/wp\/v2\/product\/157741","targetHints":{"allow":["GET"]}}],"collection":[{"href":"https:\/\/baldumarket.lt\/lt\/wp-json\/wp\/v2\/product"}],"about":[{"href":"https:\/\/baldumarket.lt\/lt\/wp-json\/wp\/v2\/types\/product"}],"replies":[{"embeddable":true,"href":"https:\/\/baldumarket.lt\/lt\/wp-json\/wp\/v2\/comments?post=157741"}],"wp:featuredmedia":[{"embeddable":true,"href":"https:\/\/baldumarket.lt\/lt\/wp-json\/wp\/v2\/media\/157742"}],"wp:attachment":[{"href":"https:\/\/baldumarket.lt\/lt\/wp-json\/wp\/v2\/media?parent=157741"}],"wp:term":[{"taxonomy":"product_brand","embeddable":true,"href":"https:\/\/baldumarket.lt\/lt\/wp-json\/wp\/v2\/product_brand?post=157741"},{"taxonomy":"product_cat","embeddable":true,"href":"https:\/\/baldumarket.lt\/lt\/wp-json\/wp\/v2\/product_cat?post=157741"},{"taxonomy":"product_tag","embeddable":true,"href":"https:\/\/baldumarket.lt\/lt\/wp-json\/wp\/v2\/product_tag?post=157741"}],"curies":[{"name":"wp","href":"https:\/\/api.w.org\/{rel}","templated":true}]}}