{"id":157737,"date":"2025-12-18T23:39:53","date_gmt":"2025-12-18T20:39:53","guid":{"rendered":"https:\/\/baldumarket.lt\/product\/szafka-kuchenna-gorna-1-drzwiowa-lewa-g40-l-aspen-grey-szary-polysk\/"},"modified":"2026-02-08T10:19:26","modified_gmt":"2026-02-08T07:19:26","slug":"szafka-kuchenna-gorna-1-drzwiowa-lewa-g40-l-aspen-grey-szary-polysk","status":"publish","type":"product","link":"https:\/\/baldumarket.lt\/lt\/product\/szafka-kuchenna-gorna-1-drzwiowa-lewa-g40-l-aspen-grey-szary-polysk\/","title":{"rendered":"Vir\u0161utin\u0117 virtuv\u0117s spintel\u0117, 1 dur\u0173, kair\u0117, G40-L, drebul\u0117s pilkumo, blizgi"},"content":{"rendered":"<p>Suteikite savo virtuvei elegancijos su ne\u012ftik\u0117tinai stilinga \u201eAspen Grey\u201c vir\u0161utine virtuv\u0117s spintele. Jos blizgus pilkas priekis traukia ak\u012f ir suteikia interjerui modernumo. \u0160i vienpus\u0117 kair\u0117s pus\u0117s spintel\u0117 puikiai der\u0117s prie erdv\u0117s, sukurdama harmoning\u0105 kompozicij\u0105 su kitais virtuv\u0117s elementais.<\/p>\n<p>D\u0117l apgalvoto dizaino \u201eAspen Grey\u201c spintel\u0117 sujungia gro\u017e\u012f ir funkcionalum\u0105. Jos vidin\u0117 erdv\u0117 leid\u017eia efektyviai laikyti indus ir kitus virtuv\u0117s priedus. Universalus 40 cm plotis leid\u017eia lengvai rasti viet\u0105 bet kurioje virtuv\u0117je, o surinkimas paprastas ir nereikalauja speciali\u0173 \u012fg\u016bd\u017ei\u0173.<\/p>\n<p>\u0160ios spintel\u0117s estetik\u0105 sustiprina kontrastas tarp blizgios pilkos spalvos MDF priekin\u0117s dalies ir matin\u0117s baltos spalvos korpuso. \u0160is subtilus spalv\u0173 derinys suteikia interjerui rafinuotumo, tuo pa\u010diu i\u0161lieka universalus ir tinka \u012fvairiems interjero dizainams. \u201eAspen Grey\u201c \u2013 tai pasirinkimas tiems, kurie vertina modern\u0173 ir tradicin\u012f stili\u0173 su rafinuotumo prieskoniu.<\/p>\n<p>Auk\u0161tos kokyb\u0117s, savaime u\u017esidarantys vyriai u\u017etikrina skland\u0173 ir tyl\u0173 dureli\u0173 u\u017edarym\u0105, kuris ne tik patogus kasdien naudojant, bet ir prisideda prie bald\u0173 ilgaam\u017ei\u0161kumo. \u0160ios detal\u0117s \u017eymiai padidina funkcionalum\u0105, tod\u0117l j\u016bs\u0173 virtuv\u0117 tampa prakti\u0161kesn\u0117 ir jaukesn\u0117.<\/p>\n<p>Nelaukite \u2013 suteikite savo virtuvei prabangos su \u201eAspen Grey\u201c virtuv\u0117s spintele i\u0161 \u201eGa\u0142a Meble\u201c ir m\u0117gaukit\u0117s interjeru, kuris spinduliuoja stili\u0173 ir funkcionalum\u0105. Tai puiki investicija nepriklausomam dizaino entuziastui, vertinan\u010diam lengv\u0105 montavim\u0105 ir moderni\u0105 apdail\u0105.<\/p>","protected":false},"excerpt":{"rendered":"<p>Plotis (cm): 40<br \/>\n\u016agis (cm): 72<br \/>\nGylis (cm): 32<\/p>","protected":false},"featured_media":157738,"comment_status":"open","ping_status":"open","template":"","meta":[],"product_brand":[],"product_cat":[9451,4106,9118],"product_tag":[],"class_list":{"0":"post-157737","1":"product","2":"type-product","3":"status-publish","4":"has-post-thumbnail","6":"product_cat-kitchen-system-aspen-grey","7":"product_cat-gala-meble","8":"product_cat-kitchen-cabinets","10":"first","11":"instock","12":"purchasable","13":"product-type-simple"},"_links":{"self":[{"href":"https:\/\/baldumarket.lt\/lt\/wp-json\/wp\/v2\/product\/157737","targetHints":{"allow":["GET"]}}],"collection":[{"href":"https:\/\/baldumarket.lt\/lt\/wp-json\/wp\/v2\/product"}],"about":[{"href":"https:\/\/baldumarket.lt\/lt\/wp-json\/wp\/v2\/types\/product"}],"replies":[{"embeddable":true,"href":"https:\/\/baldumarket.lt\/lt\/wp-json\/wp\/v2\/comments?post=157737"}],"wp:featuredmedia":[{"embeddable":true,"href":"https:\/\/baldumarket.lt\/lt\/wp-json\/wp\/v2\/media\/157738"}],"wp:attachment":[{"href":"https:\/\/baldumarket.lt\/lt\/wp-json\/wp\/v2\/media?parent=157737"}],"wp:term":[{"taxonomy":"product_brand","embeddable":true,"href":"https:\/\/baldumarket.lt\/lt\/wp-json\/wp\/v2\/product_brand?post=157737"},{"taxonomy":"product_cat","embeddable":true,"href":"https:\/\/baldumarket.lt\/lt\/wp-json\/wp\/v2\/product_cat?post=157737"},{"taxonomy":"product_tag","embeddable":true,"href":"https:\/\/baldumarket.lt\/lt\/wp-json\/wp\/v2\/product_tag?post=157737"}],"curies":[{"name":"wp","href":"https:\/\/api.w.org\/{rel}","templated":true}]}}