{"id":157734,"date":"2025-12-18T23:39:47","date_gmt":"2025-12-18T20:39:47","guid":{"rendered":"https:\/\/baldumarket.lt\/product\/szafka-kuchenna-gorna-1-drzwiowa-lewa-g40-l-aspen-white-bialy-polysk\/"},"modified":"2026-02-08T11:24:27","modified_gmt":"2026-02-08T08:24:27","slug":"szafka-kuchenna-gorna-1-drzwiowa-lewa-g40-l-aspen-white-bialy-polysk","status":"publish","type":"product","link":"https:\/\/baldumarket.lt\/lt\/product\/szafka-kuchenna-gorna-1-drzwiowa-lewa-g40-l-aspen-white-bialy-polysk\/","title":{"rendered":"Vir\u0161utin\u0117 virtuv\u0117s spintel\u0117, 1 dur\u0173, kair\u0117, G40-L, drebul\u0117s baltumo, blizgiai balta"},"content":{"rendered":"<p>Pristatome garsaus \u201eGa\u0142a Meble\u201c prek\u0117s \u017eenklo \u201eG40-L Aspen White\u201c vir\u0161utin\u0119 virtuv\u0117s spintel\u0119, kuri savo eleganti\u0161ku dizainu atnaujins bet kuri\u0105 virtuv\u0119. Blizgi balta priekin\u0117 dalis suteikia interjerui modernumo ir \u0161viesumo, subtiliai atspind\u0117dama \u0161vies\u0105 ir vizualiai i\u0161pl\u0117sdama erdv\u0119. Tai puikus pasirinkimas minimalistinio ir stilingo interjero m\u0117g\u0117jams, vertinantiems formos grynum\u0105.<\/p>\n<p>D\u0117l gerai apgalvoto dizaino \u0161i spintel\u0117 harmoningai dera prie \u012fvairi\u0173 virtuv\u0117s dekoro element\u0173 \u2013 tiek moderni\u0173, tiek klasikini\u0173. Subtilus matin\u0117s baltos spalvos korpuso ir blizgaus fasado derinys sukuria vientis\u0105 ir eleganti\u0161k\u0105 erdv\u0119, kuri d\u017eiugins visus lankytojus. \u0160is baldas suteikia interjerui lengvumo ir ramyb\u0117s poj\u016bt\u012f.<\/p>\n<p>\u0160ios spintel\u0117s prakti\u0161kum\u0105 \u012fvertins kiekviena nam\u0173 \u0161eiminink\u0117. Nors vizualiai subtili, ji suteikia daug vietos daiktams susid\u0117ti, palaiko tvark\u0105 virtuv\u0117je ir palengvina kasdieni\u0173 daikt\u0173 organizavim\u0105. Savaime u\u017esidarantys vyriai u\u017etikrina tyl\u0173 ir patog\u0173 naudojim\u0105, dar labiau padidindami gaminio funkcionalum\u0105.<\/p>\n<p>\u201eGa\u0142a Meble\u201c ypating\u0105 d\u0117mes\u012f skiria lengvam savaranki\u0161kam surinkimui. Tai rei\u0161kia, kad net ir neturintys bald\u0173 surinkimo patirties gali lengvai m\u0117gautis \u0161ios unikalios spintel\u0117s \u017eavesiu. Tvirta MDF ir laminuotos plok\u0161t\u0117s konstrukcija garantuoja ilgaam\u017ei\u0161kum\u0105 ir atsparum\u0105 kasdieniam naudojimui.<\/p>\n<p>Pasirinkdami virtuv\u0117s spintel\u0119 i\u0161 \u201eAspen White\u201c kolekcijos, investuojate ne tik \u012f funkcionalum\u0105, bet ir \u012f nesenstant\u012f dizain\u0105, kuris taps j\u016bs\u0173 virtuv\u0117s \u0161irdimi. Elegancija, patvarumas ir naudojimo paprastumas bus j\u016bs\u0173 patikimi palydovai kiekvien\u0105 dien\u0105. Paverskite savo virtuv\u0119 vieta, kur estetika dera su kasdieniu komfortu!<\/p>","protected":false},"excerpt":{"rendered":"<p>Plotis (cm): 40<br \/>\n\u016agis (cm): 72<br \/>\nGylis (cm): 32<\/p>","protected":false},"featured_media":157735,"comment_status":"open","ping_status":"open","template":"","meta":[],"product_brand":[],"product_cat":[9445,4106,9118],"product_tag":[],"class_list":{"0":"post-157734","1":"product","2":"type-product","3":"status-publish","4":"has-post-thumbnail","6":"product_cat-kitchen-system-aspen-white","7":"product_cat-gala-meble","8":"product_cat-kitchen-cabinets","10":"first","11":"instock","12":"purchasable","13":"product-type-simple"},"_links":{"self":[{"href":"https:\/\/baldumarket.lt\/lt\/wp-json\/wp\/v2\/product\/157734","targetHints":{"allow":["GET"]}}],"collection":[{"href":"https:\/\/baldumarket.lt\/lt\/wp-json\/wp\/v2\/product"}],"about":[{"href":"https:\/\/baldumarket.lt\/lt\/wp-json\/wp\/v2\/types\/product"}],"replies":[{"embeddable":true,"href":"https:\/\/baldumarket.lt\/lt\/wp-json\/wp\/v2\/comments?post=157734"}],"wp:featuredmedia":[{"embeddable":true,"href":"https:\/\/baldumarket.lt\/lt\/wp-json\/wp\/v2\/media\/157735"}],"wp:attachment":[{"href":"https:\/\/baldumarket.lt\/lt\/wp-json\/wp\/v2\/media?parent=157734"}],"wp:term":[{"taxonomy":"product_brand","embeddable":true,"href":"https:\/\/baldumarket.lt\/lt\/wp-json\/wp\/v2\/product_brand?post=157734"},{"taxonomy":"product_cat","embeddable":true,"href":"https:\/\/baldumarket.lt\/lt\/wp-json\/wp\/v2\/product_cat?post=157734"},{"taxonomy":"product_tag","embeddable":true,"href":"https:\/\/baldumarket.lt\/lt\/wp-json\/wp\/v2\/product_tag?post=157734"}],"curies":[{"name":"wp","href":"https:\/\/api.w.org\/{rel}","templated":true}]}}