{"id":157729,"date":"2025-12-18T23:39:37","date_gmt":"2025-12-18T20:39:37","guid":{"rendered":"https:\/\/baldumarket.lt\/product\/szafka-kuchenna-gorna-1-drzwiowa-lewa-g40-l-prowansja-sosna-andersen-bialy-mat\/"},"modified":"2026-02-06T13:08:53","modified_gmt":"2026-02-06T10:08:53","slug":"szafka-kuchenna-gorna-1-drzwiowa-lewa-g40-l-prowansja-sosna-andersen-bialy-mat","status":"publish","type":"product","link":"https:\/\/baldumarket.lt\/lt\/product\/szafka-kuchenna-gorna-1-drzwiowa-lewa-g40-l-prowansja-sosna-andersen-bialy-mat\/","title":{"rendered":"Vir\u0161utin\u0117 virtuv\u0117s spintel\u0117, 1 dur\u0173, kair\u0117, G40-L, provanso pu\u0161is, Anderseno balta matin\u0117"},"content":{"rendered":"<p>Vien\u0173 dureli\u0173 vir\u0161utin\u0117je virtuv\u0117s spintel\u0117je \u201eProvence\u201c susijungia elegancija ir funkcionalumas, tod\u0117l ji j\u016bs\u0173 virtuvei suteiks gaivumo ir stiliaus. \u201eAndersen Pine\u201c dizainas kartu su matin\u0117s baltos spalvos korpusu sukuria kompozicij\u0105, kuri puikiai papildo modern\u0173 interjer\u0105. Minimalistinis \u0161ios spintel\u0117s dizainas puikiai dera su \u012fvairiais i\u0161d\u0117stymais, suteikdamas erdvei lengvumo ir ry\u0161kumo. \u0160i virtuv\u0117s spintel\u0117 yra ne tik gra\u017eus j\u016bs\u0173 virtuv\u0117s papildymas, bet ir prakti\u0161kas sprendimas, pad\u0117siantis sutvarkyti erdv\u0119. Tvirta MDF konstrukcija ir laminuotos plok\u0161t\u0117s u\u017etikrina patvarum\u0105 ir atsparum\u0105 kasdieniam naudojimui. Juoda metalin\u0117 rankena, subtiliai kontrastuojanti su \u0161viesia priekine dalimi, palengvina atidarym\u0105 ir suteikia elegancijos. Su \u0161ia Provanso stiliaus virtuv\u0117s spintele j\u016bs\u0173 virtuv\u0117 taps vieta, kuri d\u017eiugins kiekviename \u017eingsnyje. Paprastumas ir klasikinis stilius dera su moderniais sprendimais, tod\u0117l \u0161i spintel\u0117 puikiai tinka tiek tradicij\u0173, tiek \u0161iuolaikini\u0173 tendencij\u0173 m\u0117g\u0117jams. \u0160tai i\u0161d\u0117stymas, kuris \u012fkv\u0117ps jus ilgus metus.<\/p>","protected":false},"excerpt":{"rendered":"<p>Plotis (cm): 40<br \/>\n\u016agis (cm): 72<br \/>\nGylis (cm): 32<\/p>","protected":false},"featured_media":157730,"comment_status":"open","ping_status":"open","template":"","meta":[],"product_brand":[],"product_cat":[9444,9441,4106,9118],"product_tag":[],"class_list":{"0":"post-157729","1":"product","2":"type-product","3":"status-publish","4":"has-post-thumbnail","6":"product_cat-kitchen-system-prowansja-sosna-andersen","7":"product_cat-white","8":"product_cat-gala-meble","9":"product_cat-kitchen-cabinets","11":"first","12":"instock","13":"purchasable","14":"product-type-simple"},"_links":{"self":[{"href":"https:\/\/baldumarket.lt\/lt\/wp-json\/wp\/v2\/product\/157729","targetHints":{"allow":["GET"]}}],"collection":[{"href":"https:\/\/baldumarket.lt\/lt\/wp-json\/wp\/v2\/product"}],"about":[{"href":"https:\/\/baldumarket.lt\/lt\/wp-json\/wp\/v2\/types\/product"}],"replies":[{"embeddable":true,"href":"https:\/\/baldumarket.lt\/lt\/wp-json\/wp\/v2\/comments?post=157729"}],"wp:featuredmedia":[{"embeddable":true,"href":"https:\/\/baldumarket.lt\/lt\/wp-json\/wp\/v2\/media\/157730"}],"wp:attachment":[{"href":"https:\/\/baldumarket.lt\/lt\/wp-json\/wp\/v2\/media?parent=157729"}],"wp:term":[{"taxonomy":"product_brand","embeddable":true,"href":"https:\/\/baldumarket.lt\/lt\/wp-json\/wp\/v2\/product_brand?post=157729"},{"taxonomy":"product_cat","embeddable":true,"href":"https:\/\/baldumarket.lt\/lt\/wp-json\/wp\/v2\/product_cat?post=157729"},{"taxonomy":"product_tag","embeddable":true,"href":"https:\/\/baldumarket.lt\/lt\/wp-json\/wp\/v2\/product_tag?post=157729"}],"curies":[{"name":"wp","href":"https:\/\/api.w.org\/{rel}","templated":true}]}}