{"id":157725,"date":"2025-12-18T23:39:30","date_gmt":"2025-12-18T20:39:30","guid":{"rendered":"https:\/\/baldumarket.lt\/product\/szafka-kuchenna-gorna-1-drzwiowa-lewa-g40-l-sycylia-andersen\/"},"modified":"2026-02-06T12:47:12","modified_gmt":"2026-02-06T09:47:12","slug":"szafka-kuchenna-gorna-1-drzwiowa-lewa-g40-l-sycylia-andersen","status":"publish","type":"product","link":"https:\/\/baldumarket.lt\/lt\/product\/szafka-kuchenna-gorna-1-drzwiowa-lewa-g40-l-sycylia-andersen\/","title":{"rendered":"Vir\u0161utin\u0117 virtuv\u0117s spintel\u0117 su 1 durel\u0117mis kair\u0117je G40-L Sicily Andersen"},"content":{"rendered":"<p>Pabr\u0117\u017ekite savo virtuv\u0117s gro\u017e\u012f ir funkcionalum\u0105 su vir\u0161utine virtuv\u0117s spintele G40-L i\u0161 \u201eSycylia Andersen\u201c kolekcijos, priklausan\u010dios garsiam \u201eGa\u0142a Meble\u201c prek\u0117s \u017eenklui. \u0160i eleganti\u0161ka, kairioji, vien\u0173 dureli\u0173 spintel\u0117 sukurta tiems, kurie vertina ir stili\u0173, ir prakti\u0161kum\u0105. Harmoningas klasikin\u0117s priekin\u0117s dalies ir korpuso spalv\u0173 derinys daro j\u0105 puikiai tinkan\u010di\u0105 bet kuriai moderniai virtuvei.<\/p>\n<p>Priekin\u0117 dalis, pagaminta i\u0161 patvarios MDF plok\u0161t\u0117s \u201eAndersen Pine\u201c spalvos, \u017eavi savo nat\u016bralia i\u0161vaizda ir suteikia bet kokiam interjerui unikalaus charakterio. Kartu su matin\u0117s baltos spalvos laminuotu korpusu ji sukuria subtil\u0173, ta\u010diau eleganti\u0161k\u0105 akcent\u0105, kuris praskaidrins bet koki\u0105 erdv\u0119. \u0160i spintel\u0117, sukurta kasdieniam naudojimui, lengvai dera prie \u012fvairi\u0173 interjero dizain\u0173.<\/p>\n<p>Verta d\u0117mesio ne tik \u0161ios spintel\u0117s i\u0161vaizda, bet ir funkcionalumas. Nepaisant kompakti\u0161ko dizaino (40 cm plo\u010dio, 72 cm auk\u0161\u010dio ir 32 cm gylio), ji si\u016blo steb\u0117tinai daug vietos daiktams susid\u0117ti. Puikiai tinka prieskoniams, ma\u017eiems virtuv\u0117s \u012frankiams ar m\u0117gstamiems puodeliams laikyti \u2013 ji visada pasiruo\u0161usi palengvinti kasdienius virtuv\u0117s darbus.<\/p>\n<p>Papildomas ak\u012f traukiantis elementas \u2013 sidabrin\u0117 plastikin\u0117 rankena, kuri subtiliai kontrastuoja su bendru dizainu. \u0160i virtuv\u0117s spintel\u0117 pristatoma kaip savaranki\u0161kai surenkamas vienetas, tod\u0117l galite b\u016bti lankst\u016bs ir jausti pasitenkinim\u0105 kurdami savo erdv\u0119. Rinkit\u0117s modern\u0173 dizain\u0105 ir paverskite savo virtuv\u0119 pra\u0161matnia ir stilinga erdve su \u201eAndersen G40-L Sicylia\u201c spintele.<\/p>","protected":false},"excerpt":{"rendered":"<p>Plotis (cm): 40<br \/>\n\u016agis (cm): 72<br \/>\nGylis (cm): 32<\/p>","protected":false},"featured_media":157726,"comment_status":"open","ping_status":"open","template":"","meta":[],"product_brand":[],"product_cat":[9440,9441,4106,9118],"product_tag":[],"class_list":{"0":"post-157725","1":"product","2":"type-product","3":"status-publish","4":"has-post-thumbnail","6":"product_cat-kitchen-system-sycylia-sosna-andersen","7":"product_cat-white","8":"product_cat-gala-meble","9":"product_cat-kitchen-cabinets","11":"first","12":"instock","13":"purchasable","14":"product-type-simple"},"_links":{"self":[{"href":"https:\/\/baldumarket.lt\/lt\/wp-json\/wp\/v2\/product\/157725","targetHints":{"allow":["GET"]}}],"collection":[{"href":"https:\/\/baldumarket.lt\/lt\/wp-json\/wp\/v2\/product"}],"about":[{"href":"https:\/\/baldumarket.lt\/lt\/wp-json\/wp\/v2\/types\/product"}],"replies":[{"embeddable":true,"href":"https:\/\/baldumarket.lt\/lt\/wp-json\/wp\/v2\/comments?post=157725"}],"wp:featuredmedia":[{"embeddable":true,"href":"https:\/\/baldumarket.lt\/lt\/wp-json\/wp\/v2\/media\/157726"}],"wp:attachment":[{"href":"https:\/\/baldumarket.lt\/lt\/wp-json\/wp\/v2\/media?parent=157725"}],"wp:term":[{"taxonomy":"product_brand","embeddable":true,"href":"https:\/\/baldumarket.lt\/lt\/wp-json\/wp\/v2\/product_brand?post=157725"},{"taxonomy":"product_cat","embeddable":true,"href":"https:\/\/baldumarket.lt\/lt\/wp-json\/wp\/v2\/product_cat?post=157725"},{"taxonomy":"product_tag","embeddable":true,"href":"https:\/\/baldumarket.lt\/lt\/wp-json\/wp\/v2\/product_tag?post=157725"}],"curies":[{"name":"wp","href":"https:\/\/api.w.org\/{rel}","templated":true}]}}