{"id":157721,"date":"2025-12-18T23:39:23","date_gmt":"2025-12-18T20:39:23","guid":{"rendered":"https:\/\/baldumarket.lt\/product\/szafka-kuchenna-gorna-1-drzwiowa-lewa-g40-l-sycylia-orzech\/"},"modified":"2026-02-06T14:32:53","modified_gmt":"2026-02-06T11:32:53","slug":"szafka-kuchenna-gorna-1-drzwiowa-lewa-g40-l-sycylia-orzech","status":"publish","type":"product","link":"https:\/\/baldumarket.lt\/lt\/product\/szafka-kuchenna-gorna-1-drzwiowa-lewa-g40-l-sycylia-orzech\/","title":{"rendered":"Vir\u0161utin\u0117 virtuv\u0117s spintel\u0117, 1 dur\u0173, kair\u0117, G40-L, Sicily Walnut"},"content":{"rendered":"<p>Suteikite savo virtuvei subtilaus elegancijos prisilietim\u0105 su m\u016bs\u0173 vien\u0173 dureli\u0173 kairi\u0105ja vir\u0161utine virtuv\u0117s spintele i\u0161 \u201eSicily\u201c kolekcijos. \u0160i \u0161ilto Milano rie\u0161uto atspalvio spintel\u0117 yra ne tik prakti\u0161kas daikt\u0173 laikymo sprendimas, bet ir detal\u0117, suteiksianti charakterio bet kuriai virtuv\u0117s erdvei. Harmoningas dizainas puikiai dera tiek prie modernaus, tiek prie klasikinio interjero.<\/p>\n<p>Spintel\u0117s estetika buvo sukurta tiems, kurie vertina nesenstant\u012f gro\u017e\u012f ir funkcionalum\u0105. Eleganti\u0161kas MDF fasadas suteikia erdvei i\u0161skirtinio gylio, \u017eav\u0117damas ak\u012f subtiliomis detal\u0117mis. Laminuotos plok\u0161t\u0117s korpusas garantuoja patvarum\u0105 ir atsparum\u0105 kasdieniams virtuv\u0117s i\u0161\u0161\u016bkiams, tuo pa\u010diu u\u017etikrindamas i\u0161skirtin\u012f komfort\u0105.<\/p>\n<p>Sidabrin\u0117 plastikin\u0117 rankena u\u017ebaigia i\u0161vaizd\u0105 stilingu akcentu. Tai leid\u017eia kiekvien\u0105 spintel\u0117s naudojim\u0105 padaryti ne tik paprast\u0105, bet ir malon\u0173. Tai puikus pasirinkimas tiems, kurie nori savo virtuvei suteikti prabangos neaukodami prakti\u0161kos daikt\u0173 laikymo vietos.<\/p>\n<p>Spintel\u0117s surinkimas yra intuityvus, tod\u0117l vis\u0105 konstrukcij\u0105 lengva surinkti, pritaikant j\u0105 prie individuali\u0173 naudotojo poreiki\u0173. 40 cm plo\u010dio ir 72 cm auk\u0161\u010dio spintel\u0117 puikiai tiks bet kurioje virtuv\u0117je, suteikdama pakankamai vietos kasdieniams virtuv\u0117s reikmenims.<\/p>\n<p>Pasirinkdami virtuv\u0117s spintel\u0119 i\u0161 \u201eSycylia\u201c kolekcijos, investuojate \u012f unikal\u0173 dizain\u0105, kuris taps j\u016bs\u0173 virtuv\u0117s \u0161irdimi. Tegul jos nesenstantis stilius \u012fkvepia kulinarinius k\u016brinius, kurie gimsta kiekvien\u0173 nam\u0173 \u0161irdyje \u2013 virtuv\u0117je.<\/p>","protected":false},"excerpt":{"rendered":"<p>Plotis (cm): 40<br \/>\n\u016agis (cm): 72<br \/>\nGylis (cm): 32<\/p>","protected":false},"featured_media":157722,"comment_status":"open","ping_status":"open","template":"","meta":[],"product_brand":[],"product_cat":[9450,4106,9118],"product_tag":[],"class_list":{"0":"post-157721","1":"product","2":"type-product","3":"status-publish","4":"has-post-thumbnail","6":"product_cat-kitchen-system-sycylia-orzech-milano","7":"product_cat-gala-meble","8":"product_cat-kitchen-cabinets","10":"first","11":"instock","12":"purchasable","13":"product-type-simple"},"_links":{"self":[{"href":"https:\/\/baldumarket.lt\/lt\/wp-json\/wp\/v2\/product\/157721","targetHints":{"allow":["GET"]}}],"collection":[{"href":"https:\/\/baldumarket.lt\/lt\/wp-json\/wp\/v2\/product"}],"about":[{"href":"https:\/\/baldumarket.lt\/lt\/wp-json\/wp\/v2\/types\/product"}],"replies":[{"embeddable":true,"href":"https:\/\/baldumarket.lt\/lt\/wp-json\/wp\/v2\/comments?post=157721"}],"wp:featuredmedia":[{"embeddable":true,"href":"https:\/\/baldumarket.lt\/lt\/wp-json\/wp\/v2\/media\/157722"}],"wp:attachment":[{"href":"https:\/\/baldumarket.lt\/lt\/wp-json\/wp\/v2\/media?parent=157721"}],"wp:term":[{"taxonomy":"product_brand","embeddable":true,"href":"https:\/\/baldumarket.lt\/lt\/wp-json\/wp\/v2\/product_brand?post=157721"},{"taxonomy":"product_cat","embeddable":true,"href":"https:\/\/baldumarket.lt\/lt\/wp-json\/wp\/v2\/product_cat?post=157721"},{"taxonomy":"product_tag","embeddable":true,"href":"https:\/\/baldumarket.lt\/lt\/wp-json\/wp\/v2\/product_tag?post=157721"}],"curies":[{"name":"wp","href":"https:\/\/api.w.org\/{rel}","templated":true}]}}