{"id":157717,"date":"2025-12-18T23:39:16","date_gmt":"2025-12-18T20:39:16","guid":{"rendered":"https:\/\/baldumarket.lt\/product\/szafka-kuchenna-gorna-1-drzwiowa-lewa-g60-l-aspen-grey-szary-polysk\/"},"modified":"2026-02-08T10:19:26","modified_gmt":"2026-02-08T07:19:26","slug":"szafka-kuchenna-gorna-1-drzwiowa-lewa-g60-l-aspen-grey-szary-polysk","status":"publish","type":"product","link":"https:\/\/baldumarket.lt\/lt\/product\/szafka-kuchenna-gorna-1-drzwiowa-lewa-g60-l-aspen-grey-szary-polysk\/","title":{"rendered":"Vir\u0161utin\u0117 virtuv\u0117s spintel\u0117, 1 dur\u0173, kair\u0117, G60-L, drebul\u0117s pilkumo, blizgi"},"content":{"rendered":"<p>Atraskite elegancij\u0105 ir modernum\u0105 su m\u016bs\u0173 unikalia G60-L drebul\u0117s pilkos spalvos vien\u0173 dur\u0173 kairi\u0105ja vir\u0161utine virtuv\u0117s spintele. Stilingas jos dizainas derina subtilius, blizgius pilkus fasadus su kontrastingu matin\u0117s baltos spalvos korpusu, sukurdamas tikrai esteti\u0161k\u0105 akcent\u0105 bet kurioje virtuv\u0117je. Tai puikus pasirinkimas tiems, kurie nori savo erdvei suteikti prabangos prisilietim\u0105, i\u0161laikydami \u0161iuolaiki\u0161k\u0105, minimalistin\u012f vaizd\u0105.<\/p>\n<p>\u0160i spintel\u0117 pagerins j\u016bs\u0173 virtuv\u0119 ne tik vizualiai, bet ir funkcionaliai. Sukurta atsi\u017evelgiant \u012f kasdienius poreikius, ji leid\u017eia lengvai ir patogiai laikyti svarbiausius virtuv\u0117s reikmenis. Pagaminta i\u0161 patvarios MDF plok\u0161t\u0117s, ji u\u017etikrina patikimum\u0105 ir ilgaam\u017ei\u0161kum\u0105, u\u017etikrinant patog\u0173 naudojim\u0105 daugel\u012f met\u0173.<\/p>\n<p>\u0160ios spintel\u0117s apgalvotas dizainas u\u017etikrina, kad ji papildys tiek modern\u0173, tiek klasikin\u012f virtuv\u0117s dizain\u0105. Papildomas privalumas \u2013 savaime u\u017esidarantys vyriai, kurie padidina kasdien\u012f komfort\u0105 ir u\u017etikrina tyl\u0173 bei skland\u0173 dureli\u0173 veikim\u0105. \u0160ios detal\u0117s bet kuri\u0105 virtuv\u0119 daro jaukesn\u0119 ir funkcionalesn\u0119.<\/p>\n<p>Vizualinis patrauklumas \u2013 ne viskas. \u0160ios spintel\u0117s surinkimas buvo sukurtas galvojant apie lengvum\u0105 ir intuityvum\u0105, tod\u0117l j\u0105 greitai ir lengvai pritaikysite bet kokiam interjerui. Nesvarbu, ar esate patyr\u0119s \u201epasidaryk pats\u201c entuziastas, ar tik pradedate interjero dizaino karjer\u0105, \u0161ios spintel\u0117s surinkimas bus paprastas ir malonus.<\/p>","protected":false},"excerpt":{"rendered":"<p>Plotis (cm): 60<br \/>\n\u016agis (cm): 72<br \/>\nGylis (cm): 32<\/p>","protected":false},"featured_media":157718,"comment_status":"open","ping_status":"open","template":"","meta":[],"product_brand":[],"product_cat":[9451,4106,9118],"product_tag":[],"class_list":{"0":"post-157717","1":"product","2":"type-product","3":"status-publish","4":"has-post-thumbnail","6":"product_cat-kitchen-system-aspen-grey","7":"product_cat-gala-meble","8":"product_cat-kitchen-cabinets","10":"first","11":"instock","12":"purchasable","13":"product-type-simple"},"_links":{"self":[{"href":"https:\/\/baldumarket.lt\/lt\/wp-json\/wp\/v2\/product\/157717","targetHints":{"allow":["GET"]}}],"collection":[{"href":"https:\/\/baldumarket.lt\/lt\/wp-json\/wp\/v2\/product"}],"about":[{"href":"https:\/\/baldumarket.lt\/lt\/wp-json\/wp\/v2\/types\/product"}],"replies":[{"embeddable":true,"href":"https:\/\/baldumarket.lt\/lt\/wp-json\/wp\/v2\/comments?post=157717"}],"wp:featuredmedia":[{"embeddable":true,"href":"https:\/\/baldumarket.lt\/lt\/wp-json\/wp\/v2\/media\/157718"}],"wp:attachment":[{"href":"https:\/\/baldumarket.lt\/lt\/wp-json\/wp\/v2\/media?parent=157717"}],"wp:term":[{"taxonomy":"product_brand","embeddable":true,"href":"https:\/\/baldumarket.lt\/lt\/wp-json\/wp\/v2\/product_brand?post=157717"},{"taxonomy":"product_cat","embeddable":true,"href":"https:\/\/baldumarket.lt\/lt\/wp-json\/wp\/v2\/product_cat?post=157717"},{"taxonomy":"product_tag","embeddable":true,"href":"https:\/\/baldumarket.lt\/lt\/wp-json\/wp\/v2\/product_tag?post=157717"}],"curies":[{"name":"wp","href":"https:\/\/api.w.org\/{rel}","templated":true}]}}