{"id":157714,"date":"2025-12-18T23:39:11","date_gmt":"2025-12-18T20:39:11","guid":{"rendered":"https:\/\/baldumarket.lt\/product\/szafka-kuchenna-gorna-1-drzwiowa-lewa-g60-l-aspen-white-bialy-polysk\/"},"modified":"2026-02-06T13:20:29","modified_gmt":"2026-02-06T10:20:29","slug":"szafka-kuchenna-gorna-1-drzwiowa-lewa-g60-l-aspen-white-bialy-polysk","status":"publish","type":"product","link":"https:\/\/baldumarket.lt\/lt\/product\/szafka-kuchenna-gorna-1-drzwiowa-lewa-g60-l-aspen-white-bialy-polysk\/","title":{"rendered":"Vir\u0161utin\u0117 virtuv\u0117s spintel\u0117, 1 dur\u0173, kair\u0117, G60-L, drebul\u0117s balta, blizgi, balta"},"content":{"rendered":"<p>Atraskite nauj\u0105 elegancijos dimensij\u0105 savo virtuv\u0117je su G60-L Aspen White vir\u0161utine vien\u0173 dureli\u0173 kairine virtuv\u0117s spintele. \u0160i nepriekai\u0161tingos baltos spalvos spintel\u0117 yra modernaus dizaino kvintesencija, derinanti minimalistin\u0119 estetik\u0105 ir funkcionalum\u0105. Idealiai lyg\u016bs, blizg\u016bs balti fasadai optimizuoja \u0161vies\u0105 j\u016bs\u0173 virtuv\u0117je, sukurdami \u0161viesi\u0105 ir erdvi\u0105 atmosfer\u0105.<\/p>\n<p>\u0160i spintel\u0117 \u017eavi ne tik savo i\u0161vaizda, bet ir prakti\u0161kumu kasdieniame naudojime. Tvirta MDF konstrukcija garantuoja ilgaam\u017ei\u0161kum\u0105, o savaime veikiantys vyriai suteikia patogumo atidarant ir u\u017edarant. Kiekviena detal\u0117 kruop\u0161\u010diai sukurta, kad patenkint\u0173 net ir reikliausi\u0173 vartotoj\u0173 poreikius.<\/p>\n<p>Spintel\u0117s korpusas, pagamintas i\u0161 matin\u0117s baltos laminato med\u017eiagos, sukuria puik\u0173 kontrast\u0105 su blizgiais fasadais. \u0160is subtilus spalv\u0173 ir tekst\u016br\u0173 derinys suteikia harmonijos bet kuriai virtuvei, tod\u0117l ji yra ne tik prakti\u0161ka, bet ir stilinga. \u0160io dizaino id\u0117ja \u2013 ne tik gro\u017eis, bet ir funkcionalumas, puikiai tinkantis bet kuriai virtuvei.<\/p>\n<p>Pasirinkdami \u201eAspen White\u201c spinteles, investuojate \u012f gamin\u012f, kuris puikiai derina estetik\u0105 ir prakti\u0161kum\u0105. Nors spinteli\u0173 surinkimas yra skirtas montuoti patiems, garantuojame, kad procesas yra intuityvus, o galutinis rezultatas suteiks jums didel\u012f pasitenkinim\u0105. \u0160is pasirinkimas suteiks elegancijos ir gaivumo j\u016bs\u0173 virtuvei \u2013 j\u016bs\u0173 nam\u0173 \u0161ird\u017eiai.<\/p>","protected":false},"excerpt":{"rendered":"<p>Plotis (cm): 60<br \/>\n\u016agis (cm): 72<br \/>\nGylis (cm): 32<\/p>","protected":false},"featured_media":157715,"comment_status":"open","ping_status":"open","template":"","meta":[],"product_brand":[],"product_cat":[9445,4106,9118],"product_tag":[],"class_list":{"0":"post-157714","1":"product","2":"type-product","3":"status-publish","4":"has-post-thumbnail","6":"product_cat-kitchen-system-aspen-white","7":"product_cat-gala-meble","8":"product_cat-kitchen-cabinets","10":"first","11":"instock","12":"purchasable","13":"product-type-simple"},"_links":{"self":[{"href":"https:\/\/baldumarket.lt\/lt\/wp-json\/wp\/v2\/product\/157714","targetHints":{"allow":["GET"]}}],"collection":[{"href":"https:\/\/baldumarket.lt\/lt\/wp-json\/wp\/v2\/product"}],"about":[{"href":"https:\/\/baldumarket.lt\/lt\/wp-json\/wp\/v2\/types\/product"}],"replies":[{"embeddable":true,"href":"https:\/\/baldumarket.lt\/lt\/wp-json\/wp\/v2\/comments?post=157714"}],"wp:featuredmedia":[{"embeddable":true,"href":"https:\/\/baldumarket.lt\/lt\/wp-json\/wp\/v2\/media\/157715"}],"wp:attachment":[{"href":"https:\/\/baldumarket.lt\/lt\/wp-json\/wp\/v2\/media?parent=157714"}],"wp:term":[{"taxonomy":"product_brand","embeddable":true,"href":"https:\/\/baldumarket.lt\/lt\/wp-json\/wp\/v2\/product_brand?post=157714"},{"taxonomy":"product_cat","embeddable":true,"href":"https:\/\/baldumarket.lt\/lt\/wp-json\/wp\/v2\/product_cat?post=157714"},{"taxonomy":"product_tag","embeddable":true,"href":"https:\/\/baldumarket.lt\/lt\/wp-json\/wp\/v2\/product_tag?post=157714"}],"curies":[{"name":"wp","href":"https:\/\/api.w.org\/{rel}","templated":true}]}}