{"id":157709,"date":"2025-12-18T23:39:01","date_gmt":"2025-12-18T20:39:01","guid":{"rendered":"https:\/\/baldumarket.lt\/product\/szafka-kuchenna-gorna-1-drzwiowa-lewa-g601d-l-prowansja-sosna-andersen-bialy-mat\/"},"modified":"2026-02-06T13:08:53","modified_gmt":"2026-02-06T10:08:53","slug":"szafka-kuchenna-gorna-1-drzwiowa-lewa-g601d-l-prowansja-sosna-andersen-bialy-mat","status":"publish","type":"product","link":"https:\/\/baldumarket.lt\/lt\/product\/szafka-kuchenna-gorna-1-drzwiowa-lewa-g601d-l-prowansja-sosna-andersen-bialy-mat\/","title":{"rendered":"Vir\u0161utin\u0117 virtuv\u0117s spintel\u0117, 1 dur\u0173, kair\u0117, G601D-L, provanso pu\u0161is, Anderseno balta matin\u0117 spalva"},"content":{"rendered":"<p>Pademonstruokite savo Provanso stiliaus virtuv\u0119 su eleganti\u0161ka G601D-L vir\u0161utine spintele. Subtilus, ta\u010diau modernus dizainas suteiks j\u016bs\u0173 interjerui harmonijos ir jaukumo, puikiai der\u0117damas prie bet kokio dekoro, \u012fkv\u0117pto baltosios Provanso pakrant\u0117s. Subtil\u016bs matin\u0117s baltos apdailos ir Anderseno pu\u0161ies atspalvio fasado kontrastai sukuria eleganti\u0161k\u0105, ta\u010diau nat\u016brali\u0105 i\u0161vaizd\u0105, kuri \u017eavi savo paprastumu. Funkcionalumas kartu su estetika yra savyb\u0117, kurios galite tik\u0117tis i\u0161 \u201eGa\u0142a Meble\u201c gamini\u0173. \u0160ios spintel\u0117s dizainas maksimaliai i\u0161naudoja erdv\u0119, si\u016blydamas prakti\u0161k\u0105 sprendim\u0105 bet kuriai virtuvei. D\u0117l tikslaus meistri\u0161kumo ir auk\u0161\u010diausios kokyb\u0117s med\u017eiag\u0173, toki\u0173 kaip MDF ir laminatas, spintel\u0117 garantuoja patvarum\u0105 ir atsparum\u0105, patenkindama kasdienius j\u016bs\u0173 virtuv\u0117s poreikius. I\u0161skirtiniai akcentai, tokie kaip juodos metalin\u0117s rankenos, suteikia i\u0161skirtinio charakterio ir rafinuoto elegancijos. \u0160i spintel\u0117 puikiai der\u0117s kaip didesnio virtuv\u0117s dizaino dalis, ta\u010diau ji taip pat gali b\u016bti ir atskira, ak\u012f traukianti dizaino detal\u0117. Naudotis ja bus dar maloniau d\u0117l savaime u\u017esidaran\u010di\u0173 vyri\u0173, kurie u\u017etikrina skland\u0173 ir tyl\u0173 dureli\u0173 u\u017edarym\u0105.<\/p>","protected":false},"excerpt":{"rendered":"<p>Plotis (cm): 60<br \/>\n\u016agis (cm): 72<br \/>\nGylis (cm): 32<\/p>","protected":false},"featured_media":157710,"comment_status":"open","ping_status":"open","template":"","meta":[],"product_brand":[],"product_cat":[9444,9441,4106,9118],"product_tag":[],"class_list":{"0":"post-157709","1":"product","2":"type-product","3":"status-publish","4":"has-post-thumbnail","6":"product_cat-kitchen-system-prowansja-sosna-andersen","7":"product_cat-white","8":"product_cat-gala-meble","9":"product_cat-kitchen-cabinets","11":"first","12":"instock","13":"purchasable","14":"product-type-simple"},"_links":{"self":[{"href":"https:\/\/baldumarket.lt\/lt\/wp-json\/wp\/v2\/product\/157709","targetHints":{"allow":["GET"]}}],"collection":[{"href":"https:\/\/baldumarket.lt\/lt\/wp-json\/wp\/v2\/product"}],"about":[{"href":"https:\/\/baldumarket.lt\/lt\/wp-json\/wp\/v2\/types\/product"}],"replies":[{"embeddable":true,"href":"https:\/\/baldumarket.lt\/lt\/wp-json\/wp\/v2\/comments?post=157709"}],"wp:featuredmedia":[{"embeddable":true,"href":"https:\/\/baldumarket.lt\/lt\/wp-json\/wp\/v2\/media\/157710"}],"wp:attachment":[{"href":"https:\/\/baldumarket.lt\/lt\/wp-json\/wp\/v2\/media?parent=157709"}],"wp:term":[{"taxonomy":"product_brand","embeddable":true,"href":"https:\/\/baldumarket.lt\/lt\/wp-json\/wp\/v2\/product_brand?post=157709"},{"taxonomy":"product_cat","embeddable":true,"href":"https:\/\/baldumarket.lt\/lt\/wp-json\/wp\/v2\/product_cat?post=157709"},{"taxonomy":"product_tag","embeddable":true,"href":"https:\/\/baldumarket.lt\/lt\/wp-json\/wp\/v2\/product_tag?post=157709"}],"curies":[{"name":"wp","href":"https:\/\/api.w.org\/{rel}","templated":true}]}}