{"id":157705,"date":"2025-12-18T23:38:54","date_gmt":"2025-12-18T20:38:54","guid":{"rendered":"https:\/\/baldumarket.lt\/product\/szafka-kuchenna-gorna-1-drzwiowa-n40-langen-artisan\/"},"modified":"2026-02-18T11:24:38","modified_gmt":"2026-02-18T08:24:38","slug":"szafka-kuchenna-gorna-1-drzwiowa-n40-langen-artisan","status":"publish","type":"product","link":"https:\/\/baldumarket.lt\/lt\/product\/szafka-kuchenna-gorna-1-drzwiowa-n40-langen-artisan\/","title":{"rendered":"Vir\u0161utin\u0117 1 dur\u0173 virtuv\u0117s spintel\u0117 N40 Langen Artisan"},"content":{"rendered":"<p>Stilius ir elegancija viename gaminyje \u2013 \u0161tai kuo pasi\u017eymi \u201eLangen Artisan N40\u201c vien\u0173 dur\u0173 vir\u0161utin\u0117 virtuv\u0117s spintel\u0117. Pagaminta i\u0161 auk\u0161tos kokyb\u0117s laminuotos \u201eArtisan Oak\u201c medienos plok\u0161t\u0117s, \u0161i spintel\u0117 yra tobulas tradicij\u0173 ir modernumo derinys. \u0160ilti, nat\u016bral\u016bs med\u017eio atspalviai puikiai dera prie bet kokio interjero, suteikdami virtuvei jaukumo ir stiliaus.<\/p>\n<p>D\u0117l prakti\u0161ko dizaino \u0161i spintel\u0117 yra ne tik gra\u017ei, bet ir funkcionali. Vien\u0173 dureli\u0173 modelis leid\u017eia lengvai pasiekti daug vietos daiktams susid\u0117ti, tod\u0117l kiekvieno kasdienio valgio ruo\u0161imas yra vienas malonumas. Virtuv\u0117je, kurioje svarbiausia yra komfortas ir patogumas, \u201eLangen Artisan\u201c si\u016blo optimalius sprendimus kiekvienam maisto gaminimo entuziastui.<\/p>\n<p>Naudojimo paprastumas priklauso ne tik nuo dizaino, bet ir nuo prakti\u0161kos, eleganti\u0161kos juodo metalo rankenos, kuri i\u0161ry\u0161kina rafinuotas spintel\u0117s linijas. Jei pageidaujate minimalistinio po\u017ei\u016brio, atidarymo spustel\u0117jus sistema leid\u017eia patogiai atidaryti spintel\u0119 be ranken\u0117li\u0173, dar labiau sustiprindama modern\u0173 jos charakter\u012f.<\/p>\n<p>Surink\u0119 \u201epasidaryk pats\u201c spintel\u0119, gal\u0117site j\u0105 visi\u0161kai pritaikyti savo poreikiams ir erdvei, m\u0117gaudamiesi gerai atlikto darbo pasitenkinimu. Naudokite \u0161\u012f model\u012f, kad paverstum\u0117te savo virtuv\u0119 savo nam\u0173 \u0161irdimi \u2013 vieta, kupina \u012fkv\u0117pimo kurti kulinarinius \u0161edevrus.<\/p>","protected":false},"excerpt":{"rendered":"<p>Plotis (cm): 40<br \/>\n\u016agis (cm): 36<br \/>\nGylis (cm): 58<\/p>","protected":false},"featured_media":157706,"comment_status":"open","ping_status":"open","template":"","meta":[],"product_brand":[],"product_cat":[9442,4106],"product_tag":[],"class_list":{"0":"post-157705","1":"product","2":"type-product","3":"status-publish","4":"has-post-thumbnail","6":"product_cat-kitchen-system-langen-dab-artisan","7":"product_cat-gala-meble","9":"first","10":"instock","11":"purchasable","12":"product-type-simple"},"_links":{"self":[{"href":"https:\/\/baldumarket.lt\/lt\/wp-json\/wp\/v2\/product\/157705","targetHints":{"allow":["GET"]}}],"collection":[{"href":"https:\/\/baldumarket.lt\/lt\/wp-json\/wp\/v2\/product"}],"about":[{"href":"https:\/\/baldumarket.lt\/lt\/wp-json\/wp\/v2\/types\/product"}],"replies":[{"embeddable":true,"href":"https:\/\/baldumarket.lt\/lt\/wp-json\/wp\/v2\/comments?post=157705"}],"wp:featuredmedia":[{"embeddable":true,"href":"https:\/\/baldumarket.lt\/lt\/wp-json\/wp\/v2\/media\/157706"}],"wp:attachment":[{"href":"https:\/\/baldumarket.lt\/lt\/wp-json\/wp\/v2\/media?parent=157705"}],"wp:term":[{"taxonomy":"product_brand","embeddable":true,"href":"https:\/\/baldumarket.lt\/lt\/wp-json\/wp\/v2\/product_brand?post=157705"},{"taxonomy":"product_cat","embeddable":true,"href":"https:\/\/baldumarket.lt\/lt\/wp-json\/wp\/v2\/product_cat?post=157705"},{"taxonomy":"product_tag","embeddable":true,"href":"https:\/\/baldumarket.lt\/lt\/wp-json\/wp\/v2\/product_tag?post=157705"}],"curies":[{"name":"wp","href":"https:\/\/api.w.org\/{rel}","templated":true}]}}