{"id":157700,"date":"2025-12-18T23:38:45","date_gmt":"2025-12-18T20:38:45","guid":{"rendered":"https:\/\/baldumarket.lt\/product\/szafka-kuchenna-gorna-1-drzwiowa-n40-langen-beige\/"},"modified":"2026-02-18T11:24:38","modified_gmt":"2026-02-18T08:24:38","slug":"szafka-kuchenna-gorna-1-drzwiowa-n40-langen-beige","status":"publish","type":"product","link":"https:\/\/baldumarket.lt\/lt\/product\/szafka-kuchenna-gorna-1-drzwiowa-n40-langen-beige\/","title":{"rendered":"Vir\u0161utin\u0117 1 dur\u0173 virtuv\u0117s spintel\u0117 N40 Langen Beige"},"content":{"rendered":"<p>Atraskite unikali\u0105 elegancij\u0105 ir funkcionalum\u0105 su garsaus \u201eGa\u0142a Meble\u201c prek\u0117s \u017eenklo \u201eLangen Beige\u201c vir\u0161utine virtuv\u0117s spintele. \u0160is subtilus baldas savo \u0161iltomis spalvomis ir klasikiniu dizainu \u012fne\u0161 \u012f j\u016bs\u0173 virtuv\u0119 ramyb\u0117s ir harmonijos. Matinis sm\u0117lio spalvos fasadas harmoningai dera su \u201eArtisan Oak\u201c korpusu, sukurdamas \u0161ilumos ir mink\u0161tumo atmosfer\u0105. \u0160ios spintel\u0117s funkcionalumas prad\u017eiugins visus, vertinan\u010dius prakti\u0161kus virtuv\u0117s sprendimus. Ergonomi\u0161ki matmenys idealiai tinka tiek ma\u017eiems, tiek erdviems interjerams, leid\u017eia k\u016brybi\u0161kai valdyti erdv\u0119. Juoda metalin\u0117 rankena suteikia baldui modernumo ir elegancijos, pabr\u0117\u017eiant unikal\u0173 stili\u0173. \u201eLangen Beige\u201c yra daugiau nei spintel\u0117 \u2013 tai b\u016bdas sukurti virtuv\u0119, kurioje kiekviena akimirka tampa ypatinga. Jos nesenstantis dizainas ir neutralios spalvos puikiai papildys tiek klasikin\u012f, tiek modern\u0173 i\u0161d\u0117stym\u0105, leisdamos jums m\u0117gautis funkcionaliu ir esteti\u0161kai patraukliu interjeru ilgus metus.<\/p>","protected":false},"excerpt":{"rendered":"<p>Plotis (cm): 40<br \/>\n\u016agis (cm): 36<br \/>\nGylis (cm): 58<\/p>","protected":false},"featured_media":157701,"comment_status":"open","ping_status":"open","template":"","meta":[],"product_brand":[],"product_cat":[9442,4106],"product_tag":[],"class_list":{"0":"post-157700","1":"product","2":"type-product","3":"status-publish","4":"has-post-thumbnail","6":"product_cat-kitchen-system-langen-dab-artisan","7":"product_cat-gala-meble","9":"first","10":"instock","11":"purchasable","12":"product-type-simple"},"_links":{"self":[{"href":"https:\/\/baldumarket.lt\/lt\/wp-json\/wp\/v2\/product\/157700","targetHints":{"allow":["GET"]}}],"collection":[{"href":"https:\/\/baldumarket.lt\/lt\/wp-json\/wp\/v2\/product"}],"about":[{"href":"https:\/\/baldumarket.lt\/lt\/wp-json\/wp\/v2\/types\/product"}],"replies":[{"embeddable":true,"href":"https:\/\/baldumarket.lt\/lt\/wp-json\/wp\/v2\/comments?post=157700"}],"wp:featuredmedia":[{"embeddable":true,"href":"https:\/\/baldumarket.lt\/lt\/wp-json\/wp\/v2\/media\/157701"}],"wp:attachment":[{"href":"https:\/\/baldumarket.lt\/lt\/wp-json\/wp\/v2\/media?parent=157700"}],"wp:term":[{"taxonomy":"product_brand","embeddable":true,"href":"https:\/\/baldumarket.lt\/lt\/wp-json\/wp\/v2\/product_brand?post=157700"},{"taxonomy":"product_cat","embeddable":true,"href":"https:\/\/baldumarket.lt\/lt\/wp-json\/wp\/v2\/product_cat?post=157700"},{"taxonomy":"product_tag","embeddable":true,"href":"https:\/\/baldumarket.lt\/lt\/wp-json\/wp\/v2\/product_tag?post=157700"}],"curies":[{"name":"wp","href":"https:\/\/api.w.org\/{rel}","templated":true}]}}