{"id":157696,"date":"2025-12-18T23:38:38","date_gmt":"2025-12-18T20:38:38","guid":{"rendered":"https:\/\/baldumarket.lt\/product\/szafka-kuchenna-gorna-1-drzwiowa-n40-langen-grey\/"},"modified":"2026-02-18T11:24:38","modified_gmt":"2026-02-18T08:24:38","slug":"szafka-kuchenna-gorna-1-drzwiowa-n40-langen-grey","status":"publish","type":"product","link":"https:\/\/baldumarket.lt\/lt\/product\/szafka-kuchenna-gorna-1-drzwiowa-n40-langen-grey\/","title":{"rendered":"Vir\u0161utin\u0117 1 dur\u0173 virtuv\u0117s spintel\u0117 N40 Langen Gray"},"content":{"rendered":"<p>Suteikite savo virtuvei eleganti\u0161ko dizaino su \u201eGa\u0142a Meble\u201c pilka vien\u0173 dur\u0173 vir\u0161utine spintele N40 Langen. \u012ekv\u0117pta \u0161iuolaikini\u0173 interjero tendencij\u0173, \u0161i spintel\u0117 derina stilingas spalvas ir funkcionalum\u0105, kuris pakeis bet kuri\u0105 virtuv\u0117s erdv\u0119. Eleganti\u0161kas matin\u0117s pilkos spalvos priekio ir \u201eArtisan Oak\u201c korpuso derinys sukuria harmoning\u0105 derin\u012f, kuris suteiks j\u016bs\u0173 interjerui rafinuoto charakterio.<\/p>\n<p>I\u0161skirtin\u0117 savo paprastumu, vir\u0161utin\u0117 spintel\u0117 N40 suteikia j\u016bs\u0173 virtuvei modernios estetikos ir yra prakti\u0161ka kasdieniam naudojimui. Puikiai sukurta daikt\u0173 laikymui, ji leid\u017eia lengvai ir tvarkingai susisteminti svarbiausius virtuv\u0117s reikmenis. Eleganti\u0161kos juodos metalin\u0117s rankenos suteikia ne tik funkcionalumo, bet ir subtilaus prabangos prisilietimo.<\/p>\n<p>Vienas did\u017eiausi\u0173 \u0161ios spintel\u0117s privalum\u0173 \u2013 galimyb\u0117 rinktis tradicines ranken\u0117les arba atidarymo spustel\u0117jus sistem\u0105, kuri leid\u017eia sukurti minimalistin\u012f, be ranken\u0117li\u0173, \u012fvaizd\u012f. Tai leid\u017eia pritaikyti spintel\u0119 pagal individual\u0173 skon\u012f ir unikal\u0173 virtuv\u0117s stili\u0173. Spintel\u0117s surinkimas yra paprastas ir intuityvus, tod\u0117l gal\u0117site greitai m\u0117gautis nauju pirkiniu.<\/p>\n<p>N40 Langen pilkos spalvos vien\u0173 dur\u0173 vir\u0161utin\u0117s spintel\u0117s funkcionalumas ir estetika daro j\u0105 puikiu pasirinkimu bet kuriai moderniai virtuvei. Kompakti\u0161ki matmenys leid\u017eia lanks\u010diai valdyti erdv\u0119, o tvirta MDF ir laminato konstrukcija u\u017etikrina ilgalaik\u012f patvarum\u0105. Su \u0161ia eleganti\u0161ka spintele suteikite savo interjerui unikal\u0173 stili\u0173 ir pary\u0161kinkite jo i\u0161skirtin\u012f charakter\u012f.<\/p>","protected":false},"excerpt":{"rendered":"<p>Plotis (cm): 40<br \/>\n\u016agis (cm): 36<br \/>\nGylis (cm): 58<\/p>","protected":false},"featured_media":157697,"comment_status":"open","ping_status":"open","template":"","meta":[],"product_brand":[],"product_cat":[9442,4106],"product_tag":[],"class_list":{"0":"post-157696","1":"product","2":"type-product","3":"status-publish","4":"has-post-thumbnail","6":"product_cat-kitchen-system-langen-dab-artisan","7":"product_cat-gala-meble","9":"first","10":"instock","11":"purchasable","12":"product-type-simple"},"_links":{"self":[{"href":"https:\/\/baldumarket.lt\/lt\/wp-json\/wp\/v2\/product\/157696","targetHints":{"allow":["GET"]}}],"collection":[{"href":"https:\/\/baldumarket.lt\/lt\/wp-json\/wp\/v2\/product"}],"about":[{"href":"https:\/\/baldumarket.lt\/lt\/wp-json\/wp\/v2\/types\/product"}],"replies":[{"embeddable":true,"href":"https:\/\/baldumarket.lt\/lt\/wp-json\/wp\/v2\/comments?post=157696"}],"wp:featuredmedia":[{"embeddable":true,"href":"https:\/\/baldumarket.lt\/lt\/wp-json\/wp\/v2\/media\/157697"}],"wp:attachment":[{"href":"https:\/\/baldumarket.lt\/lt\/wp-json\/wp\/v2\/media?parent=157696"}],"wp:term":[{"taxonomy":"product_brand","embeddable":true,"href":"https:\/\/baldumarket.lt\/lt\/wp-json\/wp\/v2\/product_brand?post=157696"},{"taxonomy":"product_cat","embeddable":true,"href":"https:\/\/baldumarket.lt\/lt\/wp-json\/wp\/v2\/product_cat?post=157696"},{"taxonomy":"product_tag","embeddable":true,"href":"https:\/\/baldumarket.lt\/lt\/wp-json\/wp\/v2\/product_tag?post=157696"}],"curies":[{"name":"wp","href":"https:\/\/api.w.org\/{rel}","templated":true}]}}