{"id":157687,"date":"2025-12-18T23:38:21","date_gmt":"2025-12-18T20:38:21","guid":{"rendered":"https:\/\/baldumarket.lt\/product\/szafka-kuchenna-gorna-1-drzwiowa-n60-langen-beige\/"},"modified":"2026-02-18T11:24:38","modified_gmt":"2026-02-18T08:24:38","slug":"szafka-kuchenna-gorna-1-drzwiowa-n60-langen-beige","status":"publish","type":"product","link":"https:\/\/baldumarket.lt\/lt\/product\/szafka-kuchenna-gorna-1-drzwiowa-n60-langen-beige\/","title":{"rendered":"Vir\u0161utin\u0117 1 dur\u0173 virtuv\u0117s spintel\u0117 N60 Langen Beige"},"content":{"rendered":"<p>Suteikite savo virtuvei prabangos ir modernaus elegancijos su \u201eLangen N60\u201c vir\u0161utine virtuv\u0117s spintele, pasi\u017eymin\u010dia aromatingu sm\u0117lio spalvos atspalviu. \u0160i akinanti garsaus \u201eGa\u0142a Meble\u201c prek\u0117s \u017eenklo spintel\u0117 spinduliuoja subtiliu \u017eavesiu, kuris puikiai dera prie \u012fvairi\u0173 interjero dizain\u0173, suteikdama lengvumo ir erdvumo. \u0160varus, matinis sm\u0117lio spalvos priekis harmoningai papildo nesenstant\u012f dizain\u0105, skatindamas atrasti paprastumo ir elegancijos magij\u0105 savo kasdien\u0117je erdv\u0117je. Sukurta atsi\u017evelgiant \u012f estetik\u0105 ir funkcionalum\u0105, \u201eLangen\u201c spintel\u0117 buvo sukurta atsi\u017evelgiant \u012f modernios virtuv\u0117s reikalavimus. \u0160ilto \u201eArtisan Oak\u201c atspalvio korpusas i\u0161ry\u0161kina nat\u016bral\u0173 medienos gro\u017e\u012f, sukurdamas jauki\u0105 atmosfer\u0105, kuri d\u017eiugina ne tik ak\u012f, bet ir \u0161eimos bei sve\u010di\u0173 \u0161irdis. Su\u017eav\u0117ta savo universalumu, \u0161i spintel\u0117 suteikia puik\u0173 fon\u0105 kulinariniams potyriams ir bendram maisto gaminimui. \u0160i spintel\u0117 ne tik maloni akiai, bet ir \u017eavi savo prakti\u0161kumu. \u012erengus savo virtuv\u0119 \u0161ia spintele, garantuojamas optimalus erdv\u0117s panaudojimas, u\u017etikrinant, kad visi b\u016btini daiktai tur\u0117t\u0173 savo viet\u0105. Ji padaro kasdien\u0119 virtuv\u0117s veikl\u0105 patogesn\u0119 ir organizuotesn\u0119, o maisto gaminim\u0105 paver\u010dia tikru malonumu.<\/p>","protected":false},"excerpt":{"rendered":"<p>Plotis (cm): 60<br \/>\n\u016agis (cm): 36<br \/>\nGylis (cm): 58<\/p>","protected":false},"featured_media":157688,"comment_status":"open","ping_status":"open","template":"","meta":[],"product_brand":[],"product_cat":[9442,4106],"product_tag":[],"class_list":{"0":"post-157687","1":"product","2":"type-product","3":"status-publish","4":"has-post-thumbnail","6":"product_cat-kitchen-system-langen-dab-artisan","7":"product_cat-gala-meble","9":"first","10":"instock","11":"purchasable","12":"product-type-simple"},"_links":{"self":[{"href":"https:\/\/baldumarket.lt\/lt\/wp-json\/wp\/v2\/product\/157687","targetHints":{"allow":["GET"]}}],"collection":[{"href":"https:\/\/baldumarket.lt\/lt\/wp-json\/wp\/v2\/product"}],"about":[{"href":"https:\/\/baldumarket.lt\/lt\/wp-json\/wp\/v2\/types\/product"}],"replies":[{"embeddable":true,"href":"https:\/\/baldumarket.lt\/lt\/wp-json\/wp\/v2\/comments?post=157687"}],"wp:featuredmedia":[{"embeddable":true,"href":"https:\/\/baldumarket.lt\/lt\/wp-json\/wp\/v2\/media\/157688"}],"wp:attachment":[{"href":"https:\/\/baldumarket.lt\/lt\/wp-json\/wp\/v2\/media?parent=157687"}],"wp:term":[{"taxonomy":"product_brand","embeddable":true,"href":"https:\/\/baldumarket.lt\/lt\/wp-json\/wp\/v2\/product_brand?post=157687"},{"taxonomy":"product_cat","embeddable":true,"href":"https:\/\/baldumarket.lt\/lt\/wp-json\/wp\/v2\/product_cat?post=157687"},{"taxonomy":"product_tag","embeddable":true,"href":"https:\/\/baldumarket.lt\/lt\/wp-json\/wp\/v2\/product_tag?post=157687"}],"curies":[{"name":"wp","href":"https:\/\/api.w.org\/{rel}","templated":true}]}}