{"id":157683,"date":"2025-12-18T23:38:13","date_gmt":"2025-12-18T20:38:13","guid":{"rendered":"https:\/\/baldumarket.lt\/product\/szafka-kuchenna-gorna-1-drzwiowa-n60-langen-grey\/"},"modified":"2026-02-18T11:24:38","modified_gmt":"2026-02-18T08:24:38","slug":"szafka-kuchenna-gorna-1-drzwiowa-n60-langen-grey","status":"publish","type":"product","link":"https:\/\/baldumarket.lt\/lt\/product\/szafka-kuchenna-gorna-1-drzwiowa-n60-langen-grey\/","title":{"rendered":"Vir\u0161utin\u0117 1 dur\u0173 virtuv\u0117s spintel\u0117 N60 Langen Grey"},"content":{"rendered":"<p>Atraskite tobul\u0105 modernaus dizaino ir funkcionalumo derin\u012f su m\u016bs\u0173 eleganti\u0161ka \u201eLangen Grey N60\u201c virtuv\u0117s spintele. \u0160i kompakti\u0161ka ir stilinga spintel\u0117 traukia d\u0117mes\u012f matin\u0117s pilkos spalvos priekiu ir \u201eArtisan Oak\u201c korpusu, sukurdama harmoning\u0105 kompozicij\u0105, kuri puikiai dera tiek su moderniu, tiek su klasikiniu interjero dizainu.<\/p>\n<p>D\u0117l kruop\u0161\u010diai suprojektuotos konstrukcijos \u201eLangen Grey\u201c spintel\u0117 yra puikus sprendimas tiems, kurie vertina estetik\u0105 ir funkcionalum\u0105. Optimalus gylis ir plotis leid\u017eia prakti\u0161kai organizuoti virtuv\u0117s erdv\u0119, i\u0161laikant eleganti\u0161k\u0105 i\u0161vaizd\u0105. Subtilus atspalvis suteikia jaukumo, paversdamas virtuv\u0119 nam\u0173 \u0161irdimi.<\/p>\n<p>\u0160is modelis pasi\u017eymi ne tik elegancija, bet ir patvarumu. Pagamintas i\u0161 atspari\u0173 pa\u017eeidimams med\u017eiag\u0173, jis u\u017etikrina ilgaam\u017ei\u0161kum\u0105 ir yra puiki investicija ateinantiems metams. Be to, galimyb\u0117 rinktis tarp klasikin\u0117s juodos rankenos arba atidarymo spustel\u0117jus sistemos leid\u017eia pritaikyti spintel\u0119 pagal individualius pageidavimus ir interjero stili\u0173.<\/p>\n<p>Spinteli\u0173 surinkimas buvo suprojektuotas galvojant apie paprastum\u0105 ir pasitenkinim\u0105, si\u016blant paruo\u0161t\u0105 surinkimui sprendim\u0105. Suteikite savo virtuvei modernaus elegancijos ir funkcionalumo su m\u016bs\u0173 gaminiu, kuris tikrai patenkins net ir reikliausi\u0173 klient\u0173 l\u016bkes\u010dius.<\/p>","protected":false},"excerpt":{"rendered":"<p>Plotis (cm): 60<br \/>\n\u016agis (cm): 36<br \/>\nGylis (cm): 58<\/p>","protected":false},"featured_media":157684,"comment_status":"open","ping_status":"open","template":"","meta":[],"product_brand":[],"product_cat":[9442,4106],"product_tag":[],"class_list":{"0":"post-157683","1":"product","2":"type-product","3":"status-publish","4":"has-post-thumbnail","6":"product_cat-kitchen-system-langen-dab-artisan","7":"product_cat-gala-meble","9":"first","10":"instock","11":"purchasable","12":"product-type-simple"},"_links":{"self":[{"href":"https:\/\/baldumarket.lt\/lt\/wp-json\/wp\/v2\/product\/157683","targetHints":{"allow":["GET"]}}],"collection":[{"href":"https:\/\/baldumarket.lt\/lt\/wp-json\/wp\/v2\/product"}],"about":[{"href":"https:\/\/baldumarket.lt\/lt\/wp-json\/wp\/v2\/types\/product"}],"replies":[{"embeddable":true,"href":"https:\/\/baldumarket.lt\/lt\/wp-json\/wp\/v2\/comments?post=157683"}],"wp:featuredmedia":[{"embeddable":true,"href":"https:\/\/baldumarket.lt\/lt\/wp-json\/wp\/v2\/media\/157684"}],"wp:attachment":[{"href":"https:\/\/baldumarket.lt\/lt\/wp-json\/wp\/v2\/media?parent=157683"}],"wp:term":[{"taxonomy":"product_brand","embeddable":true,"href":"https:\/\/baldumarket.lt\/lt\/wp-json\/wp\/v2\/product_brand?post=157683"},{"taxonomy":"product_cat","embeddable":true,"href":"https:\/\/baldumarket.lt\/lt\/wp-json\/wp\/v2\/product_cat?post=157683"},{"taxonomy":"product_tag","embeddable":true,"href":"https:\/\/baldumarket.lt\/lt\/wp-json\/wp\/v2\/product_tag?post=157683"}],"curies":[{"name":"wp","href":"https:\/\/api.w.org\/{rel}","templated":true}]}}