{"id":157678,"date":"2025-12-18T23:38:04","date_gmt":"2025-12-18T20:38:04","guid":{"rendered":"https:\/\/baldumarket.lt\/product\/szafka-kuchenna-gorna-1-drzwiowa-narozna-g60n-aspen-grey-szary-polysk\/"},"modified":"2026-02-06T19:54:48","modified_gmt":"2026-02-06T16:54:48","slug":"szafka-kuchenna-gorna-1-drzwiowa-narozna-g60n-aspen-grey-szary-polysk","status":"publish","type":"product","link":"https:\/\/baldumarket.lt\/lt\/product\/szafka-kuchenna-gorna-1-drzwiowa-narozna-g60n-aspen-grey-szary-polysk\/","title":{"rendered":"Vir\u0161utin\u0117 kampin\u0117 virtuv\u0117s spintel\u0117, 1 dur\u0173, G60N, drebul\u0117s pilka, blizgi,"},"content":{"rendered":"<p>Plataus blizgios pilkos spalvos atspalvio \u201eAspen Grey\u201c kampin\u0117 vir\u0161utin\u0117 spintel\u0117 \u2013 puikus pasirinkimas tiems, kurie nori \u012f savo virtuv\u0119 \u012fne\u0161ti modernaus stiliaus. Priekin\u0117 dalis, pagaminta i\u0161 auk\u0161tos kokyb\u0117s MDF plok\u0161t\u0117s, spinduliuoja elegancija ir modernumu, suteikdama visam kambariui unikal\u0173 charakter\u012f. Blizgi pilka apdaila sustiprina moderni\u0105 atmosfer\u0105, o matin\u0117s baltos spalvos korpusas suteikia lengvumo ir i\u0161laiko stilistin\u0119 darn\u0105. \u0160ios spintel\u0117s funkcionalumas yra dar vienas jos privalumas. D\u0117l gerai apgalvoto dizaino ji puikiai telpa virtuv\u0117s kampe, optimizuodama da\u017enai nenaudojam\u0105 erdv\u0119. Tai leid\u017eia lengviau ruo\u0161ti kiekvien\u0105 valg\u012f ir \u017eymiai padidina virtuv\u0117s pried\u0173 laikymo viet\u0105. I\u0161man\u016bs sprendimai, sukurti atsi\u017evelgiant \u012f kasdien\u012f naudojim\u0105, u\u017etikrina, kad b\u016bsite patenkinti \u0161ia spintele ilgus metus. \u201eAspen Grey\u201c spintel\u0117s montavimas yra lengvesnis, nei galite pamanyti. Atsi\u017evelgdamas \u012f naudotojo patogum\u0105, gamintojas j\u0105 suprojektavo taip, kad j\u0105 b\u016bt\u0173 lengva surinkti savaranki\u0161kai, tod\u0117l nauju pirkiniu gal\u0117site m\u0117gautis greitai ir be nereikaling\u0173 komplikacij\u0173. Savaime u\u017esidarantys stal\u010diai supaprastina kasdien\u012f naudojim\u0105, u\u017etikrindami skland\u0173 ir tyl\u0173 u\u017esidarym\u0105.<\/p>","protected":false},"excerpt":{"rendered":"<p>Plotis (cm): 60<br \/>\n\u016agis (cm): 72<br \/>\nGylis (cm): 60<\/p>","protected":false},"featured_media":157679,"comment_status":"open","ping_status":"open","template":"","meta":[],"product_brand":[],"product_cat":[9451,4106,9118],"product_tag":[],"class_list":{"0":"post-157678","1":"product","2":"type-product","3":"status-publish","4":"has-post-thumbnail","6":"product_cat-kitchen-system-aspen-grey","7":"product_cat-gala-meble","8":"product_cat-kitchen-cabinets","10":"first","11":"instock","12":"purchasable","13":"product-type-simple"},"_links":{"self":[{"href":"https:\/\/baldumarket.lt\/lt\/wp-json\/wp\/v2\/product\/157678","targetHints":{"allow":["GET"]}}],"collection":[{"href":"https:\/\/baldumarket.lt\/lt\/wp-json\/wp\/v2\/product"}],"about":[{"href":"https:\/\/baldumarket.lt\/lt\/wp-json\/wp\/v2\/types\/product"}],"replies":[{"embeddable":true,"href":"https:\/\/baldumarket.lt\/lt\/wp-json\/wp\/v2\/comments?post=157678"}],"wp:featuredmedia":[{"embeddable":true,"href":"https:\/\/baldumarket.lt\/lt\/wp-json\/wp\/v2\/media\/157679"}],"wp:attachment":[{"href":"https:\/\/baldumarket.lt\/lt\/wp-json\/wp\/v2\/media?parent=157678"}],"wp:term":[{"taxonomy":"product_brand","embeddable":true,"href":"https:\/\/baldumarket.lt\/lt\/wp-json\/wp\/v2\/product_brand?post=157678"},{"taxonomy":"product_cat","embeddable":true,"href":"https:\/\/baldumarket.lt\/lt\/wp-json\/wp\/v2\/product_cat?post=157678"},{"taxonomy":"product_tag","embeddable":true,"href":"https:\/\/baldumarket.lt\/lt\/wp-json\/wp\/v2\/product_tag?post=157678"}],"curies":[{"name":"wp","href":"https:\/\/api.w.org\/{rel}","templated":true}]}}