{"id":157674,"date":"2025-12-18T23:37:56","date_gmt":"2025-12-18T20:37:56","guid":{"rendered":"https:\/\/baldumarket.lt\/product\/szafka-kuchenna-gorna-1-drzwiowa-narozna-g60n-aspen-white-bialy-polysk\/"},"modified":"2026-02-06T13:20:29","modified_gmt":"2026-02-06T10:20:29","slug":"szafka-kuchenna-gorna-1-drzwiowa-narozna-g60n-aspen-white-bialy-polysk","status":"publish","type":"product","link":"https:\/\/baldumarket.lt\/lt\/product\/szafka-kuchenna-gorna-1-drzwiowa-narozna-g60n-aspen-white-bialy-polysk\/","title":{"rendered":"Vir\u0161utin\u0117 kampin\u0117 virtuv\u0117s spintel\u0117, 1 durys, G60N, drebul\u0117s balta, blizgi, G60N"},"content":{"rendered":"<p>\u201eGa\u0142a Meble\u201c G60N drebul\u0117s baltos spalvos kampin\u0117 vir\u0161utin\u0117 virtuv\u0117s spintel\u0117 su 1 durel\u0117mis yra tikras brangakmenis, kuris j\u016bs\u0173 virtuvei suteiks elegancijos. Eleganti\u0161kas baltas blizgesys kartu su subtilia matine balta korpuso apdaila sukuria harmoning\u0105 visum\u0105, kuri puikiai papildys modern\u0173 interjero dizain\u0105. \u0160i spintel\u0117 yra daugiau nei baldas \u2013 tai stilinga apdaila, kuri bet kuriam kambariui suteiks unikalaus charakterio.<\/p>\n<p>D\u0117l apgalvoto \u0161ios spintel\u0117s dizaino ji yra i\u0161skirtinai prakti\u0161kas sprendimas bet kuriai virtuvei. Ergonomi\u0161kas dizainas puikiai i\u0161naudoja erdv\u0119 kampuose, leisdamas efektyviai organizuoti laikomus daiktus. Tai padarys kasdien\u012f maisto gaminim\u0105 dar patogesn\u012f ir visi\u0161kai patenkins j\u016bs\u0173 virtuv\u0117s poreikius.<\/p>\n<p>Spintel\u0117s funkcionalum\u0105 padidina novatori\u0161ki savaime u\u017esidarantys vyriai, kurie \u017eymiai supaprastina naudojim\u0105. \u0160velniai u\u017esidaran\u010dios durel\u0117s ne tik apsaugo spintel\u0119 nuo pa\u017eeidim\u0173, bet ir u\u017etikrina rami\u0105 virtuv\u0117s atmosfer\u0105. B\u016btent \u0161ios detal\u0117s i\u0161skiria spintel\u0119 ir paver\u010dia kasdien\u0119 veikl\u0105 tikru malonumu.<\/p>\n<p>G60N Aspen White virtuv\u0117s spintel\u0117 sujungia patvarum\u0105 ir gro\u017e\u012f. MDF fasadas kartu su laminuotu korpusu garantuoja patvarum\u0105 ir atsparum\u0105 kasdieniam naudojimui. Gaminys sukurtas savaranki\u0161kam surinkimui, tod\u0117l j\u012f galima suasmeninti ir pritaikyti prie j\u016bs\u0173 poreiki\u0173 bei erdv\u0117s apribojim\u0173.<\/p>","protected":false},"excerpt":{"rendered":"<p>Plotis (cm): 60<br \/>\n\u016agis (cm): 72<br \/>\nGylis (cm): 60<\/p>","protected":false},"featured_media":157675,"comment_status":"open","ping_status":"open","template":"","meta":[],"product_brand":[],"product_cat":[9445,4106,9118],"product_tag":[],"class_list":{"0":"post-157674","1":"product","2":"type-product","3":"status-publish","4":"has-post-thumbnail","6":"product_cat-kitchen-system-aspen-white","7":"product_cat-gala-meble","8":"product_cat-kitchen-cabinets","10":"first","11":"instock","12":"purchasable","13":"product-type-simple"},"_links":{"self":[{"href":"https:\/\/baldumarket.lt\/lt\/wp-json\/wp\/v2\/product\/157674","targetHints":{"allow":["GET"]}}],"collection":[{"href":"https:\/\/baldumarket.lt\/lt\/wp-json\/wp\/v2\/product"}],"about":[{"href":"https:\/\/baldumarket.lt\/lt\/wp-json\/wp\/v2\/types\/product"}],"replies":[{"embeddable":true,"href":"https:\/\/baldumarket.lt\/lt\/wp-json\/wp\/v2\/comments?post=157674"}],"wp:featuredmedia":[{"embeddable":true,"href":"https:\/\/baldumarket.lt\/lt\/wp-json\/wp\/v2\/media\/157675"}],"wp:attachment":[{"href":"https:\/\/baldumarket.lt\/lt\/wp-json\/wp\/v2\/media?parent=157674"}],"wp:term":[{"taxonomy":"product_brand","embeddable":true,"href":"https:\/\/baldumarket.lt\/lt\/wp-json\/wp\/v2\/product_brand?post=157674"},{"taxonomy":"product_cat","embeddable":true,"href":"https:\/\/baldumarket.lt\/lt\/wp-json\/wp\/v2\/product_cat?post=157674"},{"taxonomy":"product_tag","embeddable":true,"href":"https:\/\/baldumarket.lt\/lt\/wp-json\/wp\/v2\/product_tag?post=157674"}],"curies":[{"name":"wp","href":"https:\/\/api.w.org\/{rel}","templated":true}]}}