{"id":157669,"date":"2025-12-18T23:37:47","date_gmt":"2025-12-18T20:37:47","guid":{"rendered":"https:\/\/baldumarket.lt\/product\/szafka-kuchenna-gorna-1-drzwiowa-narozna-g60n-p-l-langen-artisan\/"},"modified":"2026-02-18T11:24:22","modified_gmt":"2026-02-18T08:24:22","slug":"szafka-kuchenna-gorna-1-drzwiowa-narozna-g60n-p-l-langen-artisan","status":"publish","type":"product","link":"https:\/\/baldumarket.lt\/lt\/product\/szafka-kuchenna-gorna-1-drzwiowa-narozna-g60n-p-l-langen-artisan\/","title":{"rendered":"Vir\u0161utin\u0117 1 dur\u0173 kampin\u0117 virtuv\u0117s spintel\u0117 G60N P\/L Langen Artisan"},"content":{"rendered":"<p>Pakelkite savo virtuv\u0119 \u012f nauj\u0105 stiliaus ir funkcionalumo lyg\u012f su \u201eLangen Artisan\u201c vien\u0173 dur\u0173 kampine vir\u0161utine virtuv\u0117s spintele. \u0160is unikalus sprendimas sukurtas siekiant maksimaliai i\u0161naudoti erdv\u0119. Eleganti\u0161ka i\u0161vaizda, papildyta \u0161iltais \u201eArtisan Oak\u201c \u0105\u017euolo atspalviais, suteiks bet kokiam interjerui modernaus \u017eavesio. Skandinavi\u0161ko stiliaus \u201eLangen Artisan\u201c virtuv\u0117s spintel\u0117 skland\u017eiai dera prie bet kokio interjero \u2013 nuo minimalistinio iki klasikinio. Harmoninga spalva papildo tiek \u0161viesius, tiek tamsius atspalvius, atverdama begales dizaino galimybi\u0173. Rafinuotas juodos metalin\u0117s rankenos akcentas suteikia charakterio ir u\u017etikrina patog\u0173 naudojim\u0105. \u0160i spintel\u0117 ne tik traukia ak\u012f, bet ir yra prakti\u0161ka, tod\u0117l yra ne\u012fkainojama kasdieniame naudojime. Funkcionalus dizainas leid\u017eia lengvai pasiekti laikomus daiktus, o reguliuojamos kojel\u0117s leid\u017eia reguliuoti auk\u0161t\u012f pagal individualius poreikius. D\u0117l matmen\u0173 ji puikiai tinka virtuv\u0117s kampe, maksimaliai i\u0161naudojant turim\u0105 erdv\u0119.<\/p>","protected":false},"excerpt":{"rendered":"<p>Plotis (cm): 60<br \/>\n\u016agis (cm): 72<br \/>\nGylis (cm): 60<\/p>","protected":false},"featured_media":157670,"comment_status":"open","ping_status":"open","template":"","meta":[],"product_brand":[],"product_cat":[9442,4106],"product_tag":[],"class_list":{"0":"post-157669","1":"product","2":"type-product","3":"status-publish","4":"has-post-thumbnail","6":"product_cat-kitchen-system-langen-dab-artisan","7":"product_cat-gala-meble","9":"first","10":"instock","11":"purchasable","12":"product-type-simple"},"_links":{"self":[{"href":"https:\/\/baldumarket.lt\/lt\/wp-json\/wp\/v2\/product\/157669","targetHints":{"allow":["GET"]}}],"collection":[{"href":"https:\/\/baldumarket.lt\/lt\/wp-json\/wp\/v2\/product"}],"about":[{"href":"https:\/\/baldumarket.lt\/lt\/wp-json\/wp\/v2\/types\/product"}],"replies":[{"embeddable":true,"href":"https:\/\/baldumarket.lt\/lt\/wp-json\/wp\/v2\/comments?post=157669"}],"wp:featuredmedia":[{"embeddable":true,"href":"https:\/\/baldumarket.lt\/lt\/wp-json\/wp\/v2\/media\/157670"}],"wp:attachment":[{"href":"https:\/\/baldumarket.lt\/lt\/wp-json\/wp\/v2\/media?parent=157669"}],"wp:term":[{"taxonomy":"product_brand","embeddable":true,"href":"https:\/\/baldumarket.lt\/lt\/wp-json\/wp\/v2\/product_brand?post=157669"},{"taxonomy":"product_cat","embeddable":true,"href":"https:\/\/baldumarket.lt\/lt\/wp-json\/wp\/v2\/product_cat?post=157669"},{"taxonomy":"product_tag","embeddable":true,"href":"https:\/\/baldumarket.lt\/lt\/wp-json\/wp\/v2\/product_tag?post=157669"}],"curies":[{"name":"wp","href":"https:\/\/api.w.org\/{rel}","templated":true}]}}