{"id":157663,"date":"2025-12-18T23:37:37","date_gmt":"2025-12-18T20:37:37","guid":{"rendered":"https:\/\/baldumarket.lt\/product\/szafka-kuchenna-gorna-1-drzwiowa-narozna-g60n-p-l-langen-beige\/"},"modified":"2026-02-18T11:24:22","modified_gmt":"2026-02-18T08:24:22","slug":"szafka-kuchenna-gorna-1-drzwiowa-narozna-g60n-p-l-langen-beige","status":"publish","type":"product","link":"https:\/\/baldumarket.lt\/lt\/product\/szafka-kuchenna-gorna-1-drzwiowa-narozna-g60n-p-l-langen-beige\/","title":{"rendered":"Vir\u0161utin\u0117 kampin\u0117 virtuv\u0117s spintel\u0117, 1 durys, G60N, pilka, Langen"},"content":{"rendered":"<p>Paverskite savo virtuv\u0119 stiliaus oaze su \u201eGa\u0142a Meble\u201c kampine vir\u0161utine spintele G60N. Rafinuota estetika derina modernias tendencijas su nesenstan\u010diu stiliumi, tod\u0117l ji puikiai tinka bet kokiam virtuv\u0117s dizainui. Matin\u0117s sm\u0117lio spalvos apdaila subtiliai susilieja su aplinka, suteikdama lengvumo ir elegancijos poj\u016bt\u012f. Subtilus kontrastas su \u201eArtisan Oak\u201c korpusu suteikia charakterio ir \u0161ilumos. \u0160ios spintel\u0117s funkcionalumas yra tikras malonumas tiems, kurie vertina prakti\u0161kus sprendimus. Kampinis dizainas leid\u017eia optimaliai i\u0161naudoti erdv\u0119 j\u016bs\u0173 virtuv\u0117je, o tai ypa\u010d svarbu ma\u017eesn\u0117se erdv\u0117se. Toks sumanus erdv\u0117s panaudojimas u\u017etikrina, kad svarbiausi j\u016bs\u0173 virtuv\u0117s reikmenys ir aksesuarai visada b\u016bt\u0173 ranka pasiekiami, o kiekvienas j\u016bs\u0173 virtuv\u0117s centimetras b\u016bt\u0173 efektyviai i\u0161naudotas. Pagaminta i\u0161 patvari\u0173 med\u017eiag\u0173, toki\u0173 kaip MDF priekin\u0117je dalyje ir laminuota plok\u0161t\u0117 korpuse, ji garantuoja ilgaam\u017ei\u0161kum\u0105 ir atsparum\u0105 kasdienio naudojimo i\u0161\u0161\u016bkiams. \u0160is sprendimas skirtas tiems, kurie ie\u0161ko bald\u0173, kurie derina estetik\u0105 ir prakti\u0161kum\u0105. Kartu su juodomis metalin\u0117mis rankenomis \u0161i spintel\u0117 sukuria harmoning\u0105 visum\u0105, suteikdama bet kokiam interjerui modernaus elegancijos.<\/p>","protected":false},"excerpt":{"rendered":"<p>Plotis (cm): 60<br \/>\n\u016agis (cm): 72<br \/>\nGylis (cm): 60<\/p>","protected":false},"featured_media":157664,"comment_status":"open","ping_status":"open","template":"","meta":[],"product_brand":[],"product_cat":[9442,4106],"product_tag":[],"class_list":{"0":"post-157663","1":"product","2":"type-product","3":"status-publish","4":"has-post-thumbnail","6":"product_cat-kitchen-system-langen-dab-artisan","7":"product_cat-gala-meble","9":"first","10":"instock","11":"purchasable","12":"product-type-simple"},"_links":{"self":[{"href":"https:\/\/baldumarket.lt\/lt\/wp-json\/wp\/v2\/product\/157663","targetHints":{"allow":["GET"]}}],"collection":[{"href":"https:\/\/baldumarket.lt\/lt\/wp-json\/wp\/v2\/product"}],"about":[{"href":"https:\/\/baldumarket.lt\/lt\/wp-json\/wp\/v2\/types\/product"}],"replies":[{"embeddable":true,"href":"https:\/\/baldumarket.lt\/lt\/wp-json\/wp\/v2\/comments?post=157663"}],"wp:featuredmedia":[{"embeddable":true,"href":"https:\/\/baldumarket.lt\/lt\/wp-json\/wp\/v2\/media\/157664"}],"wp:attachment":[{"href":"https:\/\/baldumarket.lt\/lt\/wp-json\/wp\/v2\/media?parent=157663"}],"wp:term":[{"taxonomy":"product_brand","embeddable":true,"href":"https:\/\/baldumarket.lt\/lt\/wp-json\/wp\/v2\/product_brand?post=157663"},{"taxonomy":"product_cat","embeddable":true,"href":"https:\/\/baldumarket.lt\/lt\/wp-json\/wp\/v2\/product_cat?post=157663"},{"taxonomy":"product_tag","embeddable":true,"href":"https:\/\/baldumarket.lt\/lt\/wp-json\/wp\/v2\/product_tag?post=157663"}],"curies":[{"name":"wp","href":"https:\/\/api.w.org\/{rel}","templated":true}]}}