{"id":157658,"date":"2025-12-18T23:37:27","date_gmt":"2025-12-18T20:37:27","guid":{"rendered":"https:\/\/baldumarket.lt\/product\/szafka-kuchenna-gorna-1-drzwiowa-narozna-g60n-p-l-langen-grey\/"},"modified":"2026-02-18T11:24:22","modified_gmt":"2026-02-18T08:24:22","slug":"szafka-kuchenna-gorna-1-drzwiowa-narozna-g60n-p-l-langen-grey","status":"publish","type":"product","link":"https:\/\/baldumarket.lt\/lt\/product\/szafka-kuchenna-gorna-1-drzwiowa-narozna-g60n-p-l-langen-grey\/","title":{"rendered":"Vir\u0161utin\u0117 kampin\u0117 virtuv\u0117s spintel\u0117, 1 durys, G60N, pilka, Langen"},"content":{"rendered":"<p>\u012ene\u0161kite \u012f savo virtuv\u0119 modernaus elegancijos su m\u016bs\u0173 pilkos spalvos kampine \u201eLangen Grey\u201c virtuv\u0117s spintele. Stilingas dizainas ir vienodi pilki fasadai pabr\u0117\u017eia modern\u0173 interjero charakter\u012f, sukurdami klas\u0117s ir ramyb\u0117s atmosfer\u0105. Ji puikiai tinka erdv\u0117ms, kuriose svarbus ne tik funkcionalumas, bet ir estetika. D\u0117l kruop\u0161taus darbo i\u0161 MDF ir auk\u0161tos kokyb\u0117s laminato plok\u0161t\u0117s korpuso \u0161i spintel\u0117 yra patvari ir atspari kasdieniam naudojimui. Matin\u0117 pilka apdaila subtiliai dera su \u0161iltu \u201eArtisan Oak\u201c dekoru, suteikdama interjerui jaukumo ir nesenstan\u010dio \u017eavesio. Nesvarbu, ar pasirinksite klasikines juodas metalines ranken\u0117les, ar moderni\u0105 atidarymo spustel\u0117jus sistem\u0105, \u0161i spintel\u0117 derina funkcionalum\u0105 su i\u0161skirtiniu stiliumi. D\u0117l apgalvoto dizaino ji maksimaliai i\u0161naudoja erdv\u0119 kampuose, tod\u0117l yra ne\u012fkainojamas sprendimas bet kuriai virtuvei.<\/p>","protected":false},"excerpt":{"rendered":"<p>Plotis (cm): 60<br \/>\n\u016agis (cm): 72<br \/>\nGylis (cm): 60<\/p>","protected":false},"featured_media":157659,"comment_status":"open","ping_status":"open","template":"","meta":[],"product_brand":[],"product_cat":[9442,4106],"product_tag":[],"class_list":{"0":"post-157658","1":"product","2":"type-product","3":"status-publish","4":"has-post-thumbnail","6":"product_cat-kitchen-system-langen-dab-artisan","7":"product_cat-gala-meble","9":"first","10":"instock","11":"purchasable","12":"product-type-simple"},"_links":{"self":[{"href":"https:\/\/baldumarket.lt\/lt\/wp-json\/wp\/v2\/product\/157658","targetHints":{"allow":["GET"]}}],"collection":[{"href":"https:\/\/baldumarket.lt\/lt\/wp-json\/wp\/v2\/product"}],"about":[{"href":"https:\/\/baldumarket.lt\/lt\/wp-json\/wp\/v2\/types\/product"}],"replies":[{"embeddable":true,"href":"https:\/\/baldumarket.lt\/lt\/wp-json\/wp\/v2\/comments?post=157658"}],"wp:featuredmedia":[{"embeddable":true,"href":"https:\/\/baldumarket.lt\/lt\/wp-json\/wp\/v2\/media\/157659"}],"wp:attachment":[{"href":"https:\/\/baldumarket.lt\/lt\/wp-json\/wp\/v2\/media?parent=157658"}],"wp:term":[{"taxonomy":"product_brand","embeddable":true,"href":"https:\/\/baldumarket.lt\/lt\/wp-json\/wp\/v2\/product_brand?post=157658"},{"taxonomy":"product_cat","embeddable":true,"href":"https:\/\/baldumarket.lt\/lt\/wp-json\/wp\/v2\/product_cat?post=157658"},{"taxonomy":"product_tag","embeddable":true,"href":"https:\/\/baldumarket.lt\/lt\/wp-json\/wp\/v2\/product_tag?post=157658"}],"curies":[{"name":"wp","href":"https:\/\/api.w.org\/{rel}","templated":true}]}}